{"id":186590,"date":"2022-10-20T04:59:20","date_gmt":"2022-10-20T02:59:20","guid":{"rendered":"http:\/\/dev.claret.cat\/producte\/pack-mi-primera-comunion-biblia-oraciones\/"},"modified":"2025-06-06T13:35:56","modified_gmt":"2025-06-06T11:35:56","slug":"pack-mi-primera-comunion-biblia-oraciones-9788428554756","status":"publish","type":"product","link":"https:\/\/www.claret.cat\/es\/libro\/pack-mi-primera-comunion-biblia-oraciones-9788428554756\/","title":{"rendered":"PACK &#8211; MI PRIMERA COMUNI\u00d3N. BIBLIA + ORACIONES"},"content":{"rendered":"<p>Dos fant\u00e1sticos libros presentados en un manejable estuche de cart\u00f3n, ideales para iniciar a los ni\u00f1os en la Palabra de Dios y en las oraciones de ayer, de hoy y de siempre.  \u00abMi Biblia\u00bb contiene los 88 episodios m\u00e1s representativos del Antiguo y Nuevo Testamento, narrados con un lenguaje adaptado y con simp\u00e1ticas ilustraciones.  \u00abMis oraciones\u00bb es un peque\u00f1o libro de oraciones escritas en un lenguaje sencillo para que los ni\u00f1os puedan aprenderlas f\u00e1cilmente. Incluye los mandamientos, los sacramentos y muchas m\u00e1s ense\u00f1anzas para acompa\u00f1ar a los m\u00e1s peque\u00f1os en su vida cristiana.<\/p>\n","protected":false},"excerpt":{"rendered":"<p>SAN PABLO<\/p>\n","protected":false},"featured_media":335807,"template":"","meta":{"_acf_changed":false,"om_disable_all_campaigns":false,"rs_blank_template":"","rs_page_bg_color":"","slide_template_v7":"","inline_featured_image":false,"_monsterinsights_skip_tracking":false,"_monsterinsights_sitenote_active":false,"_monsterinsights_sitenote_note":"","_monsterinsights_sitenote_category":0},"product_brand":[],"product_cat":[341,75,77,343,352,86,119,568],"product_tag":[],"class_list":{"0":"post-186590","1":"product","2":"type-product","3":"status-publish","4":"has-post-thumbnail","6":"product_cat-biblia-es","7":"product_cat-biblia","8":"product_cat-catequesi","9":"product_cat-catequesis","10":"product_cat-infantil-3_infantil-juvenil-spa","11":"product_cat-infantil","12":"product_cat-primera-comunio","13":"product_cat-primera-comunion-1_espiritualidad-spa","15":"first","16":"instock","17":"taxable","18":"shipping-taxable","19":"purchasable","20":"product-type-simple"},"acf":{"autor":"SAN PABLO","codart":"842855475","libros-coleccion":"","ediciones":"1","encuadernacion":"Carton\u00e9","fecha_de_publicacion":"27\/03\/2018","novedad":"1","paginas":"100","subtitulo":"MI BIBLIA + MIS ORACIONES - PACK","orden":"0","portada":"0","idioma":"spa","editorial":[{"ID":6356,"post_author":"3","post_date":"2022-07-28 17:50:26","post_date_gmt":"2022-07-28 15:50:26","post_content":"","post_title":"SAN PABLO COMUNICACI\u00d3N","post_excerpt":"","post_status":"publish","comment_status":"closed","ping_status":"closed","post_password":"","post_name":"san-pablo-comunicacion","to_ping":"","pinged":"","post_modified":"2022-07-28 17:50:26","post_modified_gmt":"2022-07-28 15:50:26","post_content_filtered":"","post_parent":0,"guid":"http:\/\/dev.claret.cat\/editorial\/san-pablo-comunicacion\/","menu_order":0,"post_type":"editorial","post_mime_type":"","comment_count":"0","filter":"raw"}],"autores-libros":[{"ID":155233,"post_author":"3","post_date":"2022-10-14 15:11:12","post_date_gmt":"2022-10-14 13:11:12","post_content":"","post_title":"EQUIPO SAN PABLO","post_excerpt":"","post_status":"publish","comment_status":"closed","ping_status":"closed","post_password":"","post_name":"equipo-san-pablo","to_ping":"","pinged":"","post_modified":"2022-10-14 15:11:12","post_modified_gmt":"2022-10-14 13:11:12","post_content_filtered":"","post_parent":0,"guid":"http:\/\/dev.claret.cat\/autor\/equipo-san-pablo\/","menu_order":0,"post_type":"autor","post_mime_type":"","comment_count":"0","filter":"raw"}],"booktrailer":"","resenas":""},"aioseo_notices":[],"_links":{"self":[{"href":"https:\/\/www.claret.cat\/es\/wp-json\/wp\/v2\/product\/186590","targetHints":{"allow":["GET"]}}],"collection":[{"href":"https:\/\/www.claret.cat\/es\/wp-json\/wp\/v2\/product"}],"about":[{"href":"https:\/\/www.claret.cat\/es\/wp-json\/wp\/v2\/types\/product"}],"wp:featuredmedia":[{"embeddable":true,"href":"https:\/\/www.claret.cat\/es\/wp-json\/wp\/v2\/media\/335807"}],"wp:attachment":[{"href":"https:\/\/www.claret.cat\/es\/wp-json\/wp\/v2\/media?parent=186590"}],"wp:term":[{"taxonomy":"product_brand","embeddable":true,"href":"https:\/\/www.claret.cat\/es\/wp-json\/wp\/v2\/product_brand?post=186590"},{"taxonomy":"product_cat","embeddable":true,"href":"https:\/\/www.claret.cat\/es\/wp-json\/wp\/v2\/product_cat?post=186590"},{"taxonomy":"product_tag","embeddable":true,"href":"https:\/\/www.claret.cat\/es\/wp-json\/wp\/v2\/product_tag?post=186590"}],"curies":[{"name":"wp","href":"https:\/\/api.w.org\/{rel}","templated":true}]}}