{"id":1866,"date":"2022-07-27T21:03:33","date_gmt":"2022-07-27T19:03:33","guid":{"rendered":"http:\/\/dev.claret.cat\/producto\/amor-al-vent-9788498460636\/"},"modified":"2024-07-03T14:20:15","modified_gmt":"2024-07-03T12:20:15","slug":"amor-al-vent-9788498460636","status":"publish","type":"product","link":"https:\/\/www.claret.cat\/es\/libro\/amor-al-vent-9788498460636\/","title":{"rendered":"AMOR AL VENT"},"content":{"rendered":"<p>\u00abArriba avui a les vostres mans una obra que recull el testimoni de l\u2019experi\u00e8ncia educativa d\u2019un monitor d\u2019esplai, d\u2019un monitor de monitors, d\u2019un formador d\u2019educadors, dimensi\u00f3 cabdal aquesta en la funci\u00f3 responsable d\u2019un centre d\u2019esplai. Testimoni de l\u2019experi\u00e8ncia, per\u00f2, que no queda redu\u00efda al vespre-nit del divendres, moment en el qual es desenvolupa, b\u00e0sicament, l\u2019activitat educativa del C.E. Al vent. Va m\u00e9s enll\u00e0, for\u00e7a m\u00e9s enll\u00e0.<br \/>Es tracta d\u2019un ampli recull de textos, confessions i reflexions de l\u2019autor, contes, cites filos\u00f2fiques, teol\u00f2giques, refer\u00e8ncies cine\u00acmitogr\u00e0fiques, c\u00f2mics, retallis de la vida pol\u00edtica, eclesial i c\u00edvica, lletres de can\u00e7ons, fotografies,&#8230; d\u2019un ampli ventall d\u2019autors, estils, proced\u00e8ncies i moments hist\u00f2rics molt diversos. Conjunt aplegat per arribar a tothom que estigui interessat en l\u2019educaci\u00f3 en el lleure i de fer l\u2019aproximaci\u00f3 a una experi\u00e8ncia concreta i singular.\u00bb (Enric Puig i Jofra)<\/p>\n","protected":false},"excerpt":{"rendered":"<p>ARAN SALA, ELOI<\/p>\n","protected":false},"featured_media":386243,"template":"","meta":{"_acf_changed":false,"om_disable_all_campaigns":false,"rs_blank_template":"","rs_page_bg_color":"","slide_template_v7":"","inline_featured_image":false,"_monsterinsights_skip_tracking":false,"_monsterinsights_sitenote_active":false,"_monsterinsights_sitenote_note":"","_monsterinsights_sitenote_category":0},"product_brand":[],"product_cat":[388,226,581,191,454,227,389,230,391],"product_tag":[],"class_list":{"0":"post-1866","1":"product","2":"type-product","3":"status-publish","4":"has-post-thumbnail","6":"product_cat-didactica-catequesis-1_espiritualidad","7":"product_cat-didactica","8":"product_cat-editorial-claret","9":"product_cat-educacio-en-valors-pedagogia-2_humanitats","10":"product_cat-educacion-en-valores","11":"product_cat-formacio","12":"product_cat-formacion","13":"product_cat-jocs-cancons-i-dances","14":"product_cat-juegos-canciones-y-danzas","16":"first","17":"instock","18":"taxable","19":"shipping-taxable","20":"purchasable","21":"product-type-simple"},"acf":{"autor":"ARAN SALA, ELOI","codart":"849846063","ediciones":"1","encuadernacion":"R\u00fastica","fecha_de_publicacion":"10\/10\/2007","novedad":"0","paginas":"176","subtitulo":"","orden":"999","portada":"0","idioma":"cat","libros-coleccion":"A cel obert","autores-libros":[{"ID":5441,"post_author":"3","post_date":"2022-07-28 17:24:01","post_date_gmt":"2022-07-28 15:24:01","post_content":"","post_title":"ELOI ARAN SALA","post_excerpt":"","post_status":"publish","comment_status":"closed","ping_status":"closed","post_password":"","post_name":"eloi-aran-sala","to_ping":"","pinged":"","post_modified":"2022-07-28 17:24:01","post_modified_gmt":"2022-07-28 15:24:01","post_content_filtered":"","post_parent":0,"guid":"http:\/\/dev.claret.cat\/autor\/eloi-aran-sala\/","menu_order":0,"post_type":"autor","post_mime_type":"","comment_count":"0","filter":"raw"}],"editorial":[{"ID":6158,"post_author":"3","post_date":"2022-07-28 17:46:08","post_date_gmt":"2022-07-28 15:46:08","post_content":"","post_title":"CLARET","post_excerpt":"","post_status":"publish","comment_status":"closed","ping_status":"closed","post_password":"","post_name":"claret","to_ping":"","pinged":"","post_modified":"2022-07-28 17:46:08","post_modified_gmt":"2022-07-28 15:46:08","post_content_filtered":"","post_parent":0,"guid":"http:\/\/dev.claret.cat\/editorial\/claret\/","menu_order":0,"post_type":"editorial","post_mime_type":"","comment_count":"0","filter":"raw"}],"traductores-libros":"","ilustradores-libros":"","formato":"","ficha":"849846063_1688645642.pdf","muestra":"","presentacion":"","booktrailer":"","resenas":"","recomendamos":"","mas_vendido":"","linkebook":"","precioebook":"0"},"aioseo_notices":[],"_links":{"self":[{"href":"https:\/\/www.claret.cat\/es\/wp-json\/wp\/v2\/product\/1866","targetHints":{"allow":["GET"]}}],"collection":[{"href":"https:\/\/www.claret.cat\/es\/wp-json\/wp\/v2\/product"}],"about":[{"href":"https:\/\/www.claret.cat\/es\/wp-json\/wp\/v2\/types\/product"}],"wp:featuredmedia":[{"embeddable":true,"href":"https:\/\/www.claret.cat\/es\/wp-json\/wp\/v2\/media\/386243"}],"wp:attachment":[{"href":"https:\/\/www.claret.cat\/es\/wp-json\/wp\/v2\/media?parent=1866"}],"wp:term":[{"taxonomy":"product_brand","embeddable":true,"href":"https:\/\/www.claret.cat\/es\/wp-json\/wp\/v2\/product_brand?post=1866"},{"taxonomy":"product_cat","embeddable":true,"href":"https:\/\/www.claret.cat\/es\/wp-json\/wp\/v2\/product_cat?post=1866"},{"taxonomy":"product_tag","embeddable":true,"href":"https:\/\/www.claret.cat\/es\/wp-json\/wp\/v2\/product_tag?post=1866"}],"curies":[{"name":"wp","href":"https:\/\/api.w.org\/{rel}","templated":true}]}}