{"id":186632,"date":"2022-10-20T05:00:00","date_gmt":"2022-10-20T03:00:00","guid":{"rendered":"http:\/\/dev.claret.cat\/producte\/escritos-esenciales-walter-kasper\/"},"modified":"2026-04-01T16:03:18","modified_gmt":"2026-04-01T14:03:18","slug":"escritos-esenciales-walter-kasper-9788429327328","status":"publish","type":"product","link":"https:\/\/www.claret.cat\/es\/libro\/escritos-esenciales-walter-kasper-9788429327328\/","title":{"rendered":"ESCRITOS ESENCIALES. WALTER KASPER"},"content":{"rendered":"<p>El cardenal Walter Kasper, es considerado uno de los te\u00f3logos m\u00e1s influyentes actualmente. Su teolog\u00eda de la misericordia ha inspirado intensamente el pontificado del papa Francisco desde el mismo instante de su elecci\u00f3n. George Augustin presenta al Kasper te\u00f3logo, a trav\u00e9s de su biograf\u00eda, enlazada con los m\u00e1s significativos aspectos de su pensamiento. A trav\u00e9s de textos clave publicados en los \u00faltimos tiempos, nos aproxima al profesor de Teolog\u00eda Dogm\u00e1tica y al ecumenista, pero adem\u00e1s al autor de escritos espirituales.<\/p>\n","protected":false},"excerpt":{"rendered":"<p>KASPER, WALTER<\/p>\n","protected":false},"featured_media":340601,"template":"","meta":{"_acf_changed":false,"om_disable_all_campaigns":false,"rs_blank_template":"","rs_page_bg_color":"","slide_template_v7":"","inline_featured_image":false,"_monsterinsights_skip_tracking":false,"_monsterinsights_sitenote_active":false,"_monsterinsights_sitenote_note":"","_monsterinsights_sitenote_category":0},"product_brand":[],"product_cat":[91,541,543,93,76,342],"product_tag":[],"class_list":{"0":"post-186632","1":"product","2":"type-product","3":"status-publish","4":"has-post-thumbnail","6":"product_cat-cristologia","7":"product_cat-cristologia-1_espiritualidad-spa","8":"product_cat-eclesiologia-es","9":"product_cat-eclesiologia","10":"product_cat-teologia","11":"product_cat-teologia-1_espiritualidad","13":"first","14":"instock","15":"taxable","16":"shipping-taxable","17":"purchasable","18":"product-type-simple"},"acf":{"autor":"KASPER, WALTER","codart":"842932732","libros-coleccion":"","ediciones":"1","encuadernacion":"R\u00fastica","fecha_de_publicacion":"26\/03\/2018","novedad":"1","paginas":"224","subtitulo":"INTRODUCCION Y EDICION DE GEORGE AUGUSTIN","orden":"0","portada":"0","idioma":"spa","editorial":[{"ID":6351,"post_author":"3","post_date":"2022-07-28 17:50:19","post_date_gmt":"2022-07-28 15:50:19","post_content":"","post_title":"Sal Terrae","post_excerpt":"","post_status":"publish","comment_status":"closed","ping_status":"closed","post_password":"","post_name":"sal-terrae","to_ping":"","pinged":"","post_modified":"2022-07-28 17:50:19","post_modified_gmt":"2022-07-28 15:50:19","post_content_filtered":"","post_parent":0,"guid":"http:\/\/dev.claret.cat\/editorial\/sal-terrae\/","menu_order":0,"post_type":"editorial","post_mime_type":"","comment_count":"0","filter":"raw"}],"autores-libros":[{"ID":171223,"post_author":"3","post_date":"2022-10-14 22:41:40","post_date_gmt":"2022-10-14 20:41:40","post_content":"","post_title":"WALTER KASPER","post_excerpt":"","post_status":"publish","comment_status":"closed","ping_status":"closed","post_password":"","post_name":"walter-kasper","to_ping":"","pinged":"","post_modified":"2022-10-14 22:41:40","post_modified_gmt":"2022-10-14 20:41:40","post_content_filtered":"","post_parent":0,"guid":"http:\/\/dev.claret.cat\/autor\/walter-kasper\/","menu_order":0,"post_type":"autor","post_mime_type":"","comment_count":"0","filter":"raw"}],"booktrailer":"","resenas":""},"aioseo_notices":[],"_links":{"self":[{"href":"https:\/\/www.claret.cat\/es\/wp-json\/wp\/v2\/product\/186632","targetHints":{"allow":["GET"]}}],"collection":[{"href":"https:\/\/www.claret.cat\/es\/wp-json\/wp\/v2\/product"}],"about":[{"href":"https:\/\/www.claret.cat\/es\/wp-json\/wp\/v2\/types\/product"}],"wp:featuredmedia":[{"embeddable":true,"href":"https:\/\/www.claret.cat\/es\/wp-json\/wp\/v2\/media\/340601"}],"wp:attachment":[{"href":"https:\/\/www.claret.cat\/es\/wp-json\/wp\/v2\/media?parent=186632"}],"wp:term":[{"taxonomy":"product_brand","embeddable":true,"href":"https:\/\/www.claret.cat\/es\/wp-json\/wp\/v2\/product_brand?post=186632"},{"taxonomy":"product_cat","embeddable":true,"href":"https:\/\/www.claret.cat\/es\/wp-json\/wp\/v2\/product_cat?post=186632"},{"taxonomy":"product_tag","embeddable":true,"href":"https:\/\/www.claret.cat\/es\/wp-json\/wp\/v2\/product_tag?post=186632"}],"curies":[{"name":"wp","href":"https:\/\/api.w.org\/{rel}","templated":true}]}}