{"id":186644,"date":"2022-10-20T05:00:12","date_gmt":"2022-10-20T03:00:12","guid":{"rendered":"http:\/\/dev.claret.cat\/producte\/dale-un-beso-a-la-abuela\/"},"modified":"2026-04-01T03:58:24","modified_gmt":"2026-04-01T01:58:24","slug":"dale-un-beso-a-la-abuela-9788427141797","status":"publish","type":"product","link":"https:\/\/www.claret.cat\/es\/libro\/dale-un-beso-a-la-abuela-9788427141797\/","title":{"rendered":"\u00a1DALE UN BESO A LA ABUELA!"},"content":{"rendered":"<p>\u00a1Frases de padres! Son esas expresiones que empleamos con la mejor intenci\u00f3n con nuestros hijos, pensando que as\u00ed les ayudamos y ense\u00f1amos. Lo malo es que no siempre son inocentes: muchas de ellas son aut\u00e9nticos t\u00f3picos y en realidad poco beneficiosos para las necesidades educativas.<br \/>Un libro con el que descubrir\u00e1s catorce t\u00f3picos que utilizamos habitualmente con los hijos y que sin embargo, se pueden sustituir f\u00e1cilmente por otras frases m\u00e1s beneficiosas y respetuosas con ellos.<\/p>\n","protected":false},"excerpt":{"rendered":"<p>LEHR, JENNIFER<\/p>\n","protected":false},"featured_media":332467,"template":"","meta":{"_acf_changed":false,"om_disable_all_campaigns":false,"rs_blank_template":"","rs_page_bg_color":"","slide_template_v7":"","inline_featured_image":false,"_monsterinsights_skip_tracking":false,"_monsterinsights_sitenote_active":false,"_monsterinsights_sitenote_note":"","_monsterinsights_sitenote_category":0},"product_brand":[],"product_cat":[100,550],"product_tag":[],"class_list":{"0":"post-186644","1":"product","2":"type-product","3":"status-publish","4":"has-post-thumbnail","6":"product_cat-escola-de-pares","7":"product_cat-escuela-de-padres-3_infantil-juvenil-spa-spa","9":"first","10":"instock","11":"taxable","12":"shipping-taxable","13":"purchasable","14":"product-type-simple"},"acf":{"autor":"LEHR, JENNIFER","codart":"842714179","libros-coleccion":"","ediciones":"1","encuadernacion":"R\u00fastica","fecha_de_publicacion":"26\/03\/2018","novedad":"1","paginas":"288","subtitulo":"Y OTRAS COSAS QUE DECIMOS A NUESTROS HIJOS Y QUE TENDR\u00cdAMOS QUE DECIR DE OTRA MANERA","orden":"0","portada":"0","idioma":"spa","editorial":[{"ID":8258,"post_author":"3","post_date":"2022-09-30 09:21:32","post_date_gmt":"2022-09-30 07:21:32","post_content":"","post_title":"MENSAJERO","post_excerpt":"","post_status":"publish","comment_status":"closed","ping_status":"closed","post_password":"","post_name":"mensajero","to_ping":"","pinged":"","post_modified":"2022-09-30 09:21:32","post_modified_gmt":"2022-09-30 07:21:32","post_content_filtered":"","post_parent":0,"guid":"http:\/\/dev.claret.cat\/editorial\/mensajero\/","menu_order":0,"post_type":"editorial","post_mime_type":"","comment_count":"0","filter":"raw"}],"autores-libros":[{"ID":282957,"post_author":"3","post_date":"2022-12-10 01:04:08","post_date_gmt":"2022-12-10 00:04:08","post_content":"","post_title":"JENNIFER LEHR","post_excerpt":"","post_status":"publish","comment_status":"closed","ping_status":"closed","post_password":"","post_name":"jennifer-lehr","to_ping":"","pinged":"","post_modified":"2022-12-10 01:04:08","post_modified_gmt":"2022-12-10 00:04:08","post_content_filtered":"","post_parent":0,"guid":"http:\/\/dev.claret.cat\/autor\/jennifer-lehr\/","menu_order":0,"post_type":"autor","post_mime_type":"","comment_count":"0","filter":"raw"}],"booktrailer":"","resenas":""},"aioseo_notices":[],"_links":{"self":[{"href":"https:\/\/www.claret.cat\/es\/wp-json\/wp\/v2\/product\/186644","targetHints":{"allow":["GET"]}}],"collection":[{"href":"https:\/\/www.claret.cat\/es\/wp-json\/wp\/v2\/product"}],"about":[{"href":"https:\/\/www.claret.cat\/es\/wp-json\/wp\/v2\/types\/product"}],"wp:featuredmedia":[{"embeddable":true,"href":"https:\/\/www.claret.cat\/es\/wp-json\/wp\/v2\/media\/332467"}],"wp:attachment":[{"href":"https:\/\/www.claret.cat\/es\/wp-json\/wp\/v2\/media?parent=186644"}],"wp:term":[{"taxonomy":"product_brand","embeddable":true,"href":"https:\/\/www.claret.cat\/es\/wp-json\/wp\/v2\/product_brand?post=186644"},{"taxonomy":"product_cat","embeddable":true,"href":"https:\/\/www.claret.cat\/es\/wp-json\/wp\/v2\/product_cat?post=186644"},{"taxonomy":"product_tag","embeddable":true,"href":"https:\/\/www.claret.cat\/es\/wp-json\/wp\/v2\/product_tag?post=186644"}],"curies":[{"name":"wp","href":"https:\/\/api.w.org\/{rel}","templated":true}]}}