{"id":186647,"date":"2022-10-20T05:00:15","date_gmt":"2022-10-20T03:00:15","guid":{"rendered":"http:\/\/dev.claret.cat\/producte\/crece\/"},"modified":"2026-04-01T03:55:19","modified_gmt":"2026-04-01T01:55:19","slug":"crece-9788427141803","status":"publish","type":"product","link":"https:\/\/www.claret.cat\/es\/libro\/crece-9788427141803\/","title":{"rendered":"\u00a1CRECE!"},"content":{"rendered":"<p>\u00bfQuieres saber c\u00f3mo ser\u00e1 tu hijo\/a cuando vaya creciendo? \u00a1Pues observa c\u00f3mo le influyes! \u00bfLe dejas crecer o le sobreproteges? Si fomentas en casa tu propio crecimiento personal, conseguir\u00e1s que tus hijos aprendan y crezcan hasta convertirse en las personas que quieren ser. Una fant\u00e1stica gu\u00eda cient\u00edfica para padres que quieren ver crecer a sus hijos de una manera plena y feliz.<\/p>\n","protected":false},"excerpt":{"rendered":"<p>SILVESTER, TREVOR<\/p>\n","protected":false},"featured_media":332469,"template":"","meta":{"_acf_changed":false,"om_disable_all_campaigns":false,"rs_blank_template":"","rs_page_bg_color":"","slide_template_v7":"","inline_featured_image":false,"_monsterinsights_skip_tracking":false,"_monsterinsights_sitenote_active":false,"_monsterinsights_sitenote_note":"","_monsterinsights_sitenote_category":0},"product_brand":[],"product_cat":[100,550],"product_tag":[],"class_list":{"0":"post-186647","1":"product","2":"type-product","3":"status-publish","4":"has-post-thumbnail","6":"product_cat-escola-de-pares","7":"product_cat-escuela-de-padres-3_infantil-juvenil-spa-spa","9":"first","10":"instock","11":"taxable","12":"shipping-taxable","13":"purchasable","14":"product-type-simple"},"acf":{"autor":"SILVESTER, TREVOR","codart":"842714180","libros-coleccion":"","ediciones":"1","encuadernacion":"R\u00fastica","fecha_de_publicacion":"26\/03\/2018","novedad":"1","paginas":"296","subtitulo":"DESARROLLO PERSONAL PARA PADRES","orden":"0","portada":"0","idioma":"spa","editorial":[{"ID":8258,"post_author":"3","post_date":"2022-09-30 09:21:32","post_date_gmt":"2022-09-30 07:21:32","post_content":"","post_title":"MENSAJERO","post_excerpt":"","post_status":"publish","comment_status":"closed","ping_status":"closed","post_password":"","post_name":"mensajero","to_ping":"","pinged":"","post_modified":"2022-09-30 09:21:32","post_modified_gmt":"2022-09-30 07:21:32","post_content_filtered":"","post_parent":0,"guid":"http:\/\/dev.claret.cat\/editorial\/mensajero\/","menu_order":0,"post_type":"editorial","post_mime_type":"","comment_count":"0","filter":"raw"}],"autores-libros":[{"ID":282960,"post_author":"3","post_date":"2022-12-10 01:04:15","post_date_gmt":"2022-12-10 00:04:15","post_content":"","post_title":"TREVOR SILVESTER","post_excerpt":"","post_status":"publish","comment_status":"closed","ping_status":"closed","post_password":"","post_name":"trevor-silvester","to_ping":"","pinged":"","post_modified":"2022-12-10 01:04:15","post_modified_gmt":"2022-12-10 00:04:15","post_content_filtered":"","post_parent":0,"guid":"http:\/\/dev.claret.cat\/autor\/trevor-silvester\/","menu_order":0,"post_type":"autor","post_mime_type":"","comment_count":"0","filter":"raw"}],"booktrailer":"","resenas":""},"aioseo_notices":[],"_links":{"self":[{"href":"https:\/\/www.claret.cat\/es\/wp-json\/wp\/v2\/product\/186647","targetHints":{"allow":["GET"]}}],"collection":[{"href":"https:\/\/www.claret.cat\/es\/wp-json\/wp\/v2\/product"}],"about":[{"href":"https:\/\/www.claret.cat\/es\/wp-json\/wp\/v2\/types\/product"}],"wp:featuredmedia":[{"embeddable":true,"href":"https:\/\/www.claret.cat\/es\/wp-json\/wp\/v2\/media\/332469"}],"wp:attachment":[{"href":"https:\/\/www.claret.cat\/es\/wp-json\/wp\/v2\/media?parent=186647"}],"wp:term":[{"taxonomy":"product_brand","embeddable":true,"href":"https:\/\/www.claret.cat\/es\/wp-json\/wp\/v2\/product_brand?post=186647"},{"taxonomy":"product_cat","embeddable":true,"href":"https:\/\/www.claret.cat\/es\/wp-json\/wp\/v2\/product_cat?post=186647"},{"taxonomy":"product_tag","embeddable":true,"href":"https:\/\/www.claret.cat\/es\/wp-json\/wp\/v2\/product_tag?post=186647"}],"curies":[{"name":"wp","href":"https:\/\/api.w.org\/{rel}","templated":true}]}}