{"id":186722,"date":"2022-10-20T05:01:30","date_gmt":"2022-10-20T03:01:30","guid":{"rendered":"http:\/\/dev.claret.cat\/producte\/magnificat\/"},"modified":"2024-05-23T06:14:05","modified_gmt":"2024-05-23T04:14:05","slug":"magnificat-9788490236499","status":"publish","type":"product","link":"https:\/\/www.claret.cat\/es\/libro\/magnificat-9788490236499\/","title":{"rendered":"MAGNIFICAT"},"content":{"rendered":"<p>Mar\u00eda contempla la historia de la presencia de Dios en su pueblo elegido. Contemplar c\u00f3mo Dios hace maravillas le llena de felicidad, le hace cantar. Rezar y cantar viene de descubrir que Dios est\u00e1 obrando salvaci\u00f3n siempre a nuestro lado.  Desde esta perspectiva, este sencillo recurso gr\u00e1fico nos acerca al canto de acci\u00f3n de gracias de Mar\u00eda, complementado con contenido catequ\u00e9tico para trabajar y reflexionar en el grupo de catequesis.<\/p>\n","protected":false},"excerpt":{"rendered":"<p>GINEL, \u00c1LVARO; MU\u00d1OZ, ANA<\/p>\n","protected":false},"featured_media":359454,"template":"","meta":{"_acf_changed":false,"om_disable_all_campaigns":false,"rs_blank_template":"","rs_page_bg_color":"","slide_template_v7":"","inline_featured_image":false,"_monsterinsights_skip_tracking":false,"_monsterinsights_sitenote_active":false,"_monsterinsights_sitenote_note":"","_monsterinsights_sitenote_category":0},"product_brand":[],"product_cat":[77,343,344,78],"product_tag":[],"class_list":{"0":"post-186722","1":"product","2":"type-product","3":"status-publish","4":"has-post-thumbnail","6":"product_cat-catequesi","7":"product_cat-catequesis","8":"product_cat-pastoral-1_espiritualidad","9":"product_cat-pastoral","11":"first","12":"instock","13":"taxable","14":"shipping-taxable","15":"purchasable","16":"product-type-simple"},"acf":{"autor":"GINEL, \u00c1LVARO; MU\u00d1OZ, ANA","codart":"849023649","libros-coleccion":"P\u00f3sters Catequistas","ediciones":"1","encuadernacion":"R\u00fastica","fecha_de_publicacion":"16\/03\/2018","novedad":"1","paginas":"1","subtitulo":"MI ALMA PROCLAMA LAS MARAVILLAS DE DIOS - MATERIALES DE CATEQUESIS - 51 - POSTER","orden":"0","portada":"0","idioma":"spa","editorial":[{"ID":6155,"post_author":"3","post_date":"2022-07-28 17:46:04","post_date_gmt":"2022-07-28 15:46:04","post_content":"","post_title":"Central Catequ\u00edstica Salesiana","post_excerpt":"","post_status":"publish","comment_status":"closed","ping_status":"closed","post_password":"","post_name":"central-catequistica-salesiana","to_ping":"","pinged":"","post_modified":"2022-07-28 17:46:04","post_modified_gmt":"2022-07-28 15:46:04","post_content_filtered":"","post_parent":0,"guid":"http:\/\/dev.claret.cat\/editorial\/central-catequistica-salesiana\/","menu_order":0,"post_type":"editorial","post_mime_type":"","comment_count":"0","filter":"raw"}],"autores-libros":[{"ID":150123,"post_author":"3","post_date":"2022-10-14 14:30:25","post_date_gmt":"2022-10-14 12:30:25","post_content":"","post_title":"ANA MU\u00d1OZ","post_excerpt":"","post_status":"publish","comment_status":"closed","ping_status":"closed","post_password":"","post_name":"ana-munoz","to_ping":"","pinged":"","post_modified":"2022-10-14 14:30:25","post_modified_gmt":"2022-10-14 12:30:25","post_content_filtered":"","post_parent":0,"guid":"http:\/\/dev.claret.cat\/autor\/ana-munoz\/","menu_order":0,"post_type":"autor","post_mime_type":"","comment_count":"0","filter":"raw"},{"ID":8281,"post_author":"3","post_date":"2022-09-30 09:47:24","post_date_gmt":"2022-09-30 07:47:24","post_content":"","post_title":"\u00c1LVARO GINEL","post_excerpt":"","post_status":"publish","comment_status":"closed","ping_status":"closed","post_password":"","post_name":"alvaro-ginel","to_ping":"","pinged":"","post_modified":"2022-09-30 09:47:24","post_modified_gmt":"2022-09-30 07:47:24","post_content_filtered":"","post_parent":0,"guid":"http:\/\/dev.claret.cat\/autor\/alvaro-ginel\/","menu_order":0,"post_type":"autor","post_mime_type":"","comment_count":"0","filter":"raw"}]},"aioseo_notices":[],"_links":{"self":[{"href":"https:\/\/www.claret.cat\/es\/wp-json\/wp\/v2\/product\/186722","targetHints":{"allow":["GET"]}}],"collection":[{"href":"https:\/\/www.claret.cat\/es\/wp-json\/wp\/v2\/product"}],"about":[{"href":"https:\/\/www.claret.cat\/es\/wp-json\/wp\/v2\/types\/product"}],"wp:featuredmedia":[{"embeddable":true,"href":"https:\/\/www.claret.cat\/es\/wp-json\/wp\/v2\/media\/359454"}],"wp:attachment":[{"href":"https:\/\/www.claret.cat\/es\/wp-json\/wp\/v2\/media?parent=186722"}],"wp:term":[{"taxonomy":"product_brand","embeddable":true,"href":"https:\/\/www.claret.cat\/es\/wp-json\/wp\/v2\/product_brand?post=186722"},{"taxonomy":"product_cat","embeddable":true,"href":"https:\/\/www.claret.cat\/es\/wp-json\/wp\/v2\/product_cat?post=186722"},{"taxonomy":"product_tag","embeddable":true,"href":"https:\/\/www.claret.cat\/es\/wp-json\/wp\/v2\/product_tag?post=186722"}],"curies":[{"name":"wp","href":"https:\/\/api.w.org\/{rel}","templated":true}]}}