{"id":186725,"date":"2022-10-20T05:01:33","date_gmt":"2022-10-20T03:01:33","guid":{"rendered":"http:\/\/dev.claret.cat\/producte\/los-ninos-en-el-ministerio-de-jesus-de-nazaret\/"},"modified":"2024-05-23T06:14:31","modified_gmt":"2024-05-23T04:14:31","slug":"los-ninos-en-el-ministerio-de-jesus-de-nazaret-9788490236529","status":"publish","type":"product","link":"https:\/\/www.claret.cat\/es\/libro\/los-ninos-en-el-ministerio-de-jesus-de-nazaret-9788490236529\/","title":{"rendered":"LOS NI\u00d1OS EN EL MINISTERIO DE JES\u00daS DE NAZARET"},"content":{"rendered":"<p>A lo largo de su ministerio p\u00fablico, Jesucristo entr\u00f3 en contacto con toda clase de gente, la mayor\u00eda eran adultos. No parece que prestara demasiada atenci\u00f3n a los peque\u00f1os, menos a\u00fan a adolescentes. El hecho se explica con facilidad teniendo en consideraci\u00f3n el contexto social, cultural y religioso, en el que Jes\u00fas de Nazaret se movi\u00f3. La obra tiene dos partes: la intervenci\u00f3n de Cristo que sana y da vida a ni\u00f1os; la propuesta de Jes\u00fas de poner a los ni\u00f1os como ejemplo y camino para entrar en el Reino que predicaba, o mostrarlos como acertados confesores de su dignidad mesi\u00e1nica.<\/p>\n","protected":false},"excerpt":{"rendered":"<p>BARTOLOM\u00c9, JUAN JOS\u00c9<\/p>\n","protected":false},"featured_media":359459,"template":"","meta":{"_acf_changed":false,"om_disable_all_campaigns":false,"rs_blank_template":"","rs_page_bg_color":"","slide_template_v7":"","inline_featured_image":false,"_monsterinsights_skip_tracking":false,"_monsterinsights_sitenote_active":false,"_monsterinsights_sitenote_note":"","_monsterinsights_sitenote_category":0},"product_brand":[],"product_cat":[75,341,541,91,352,86],"product_tag":[],"class_list":{"0":"post-186725","1":"product","2":"type-product","3":"status-publish","4":"has-post-thumbnail","6":"product_cat-biblia","7":"product_cat-biblia-es","8":"product_cat-cristologia-1_espiritualidad-spa","9":"product_cat-cristologia","10":"product_cat-infantil-3_infantil-juvenil-spa","11":"product_cat-infantil","13":"first","14":"instock","15":"taxable","16":"shipping-taxable","17":"purchasable","18":"product-type-simple"},"acf":{"autor":"BARTOLOM\u00c9, JUAN JOS\u00c9","codart":"849023652","libros-coleccion":"CLAVES CRISTIANAS MINOR","ediciones":"1","encuadernacion":"R\u00fastica","fecha_de_publicacion":"16\/03\/2018","novedad":"1","paginas":"232","subtitulo":"SUJETOS DE CURACI\u00d3N Y MODELOS DEL REINO","orden":"0","portada":"0","idioma":"spa","editorial":[{"ID":6155,"post_author":"3","post_date":"2022-07-28 17:46:04","post_date_gmt":"2022-07-28 15:46:04","post_content":"","post_title":"Central Catequ\u00edstica Salesiana","post_excerpt":"","post_status":"publish","comment_status":"closed","ping_status":"closed","post_password":"","post_name":"central-catequistica-salesiana","to_ping":"","pinged":"","post_modified":"2022-07-28 17:46:04","post_modified_gmt":"2022-07-28 15:46:04","post_content_filtered":"","post_parent":0,"guid":"http:\/\/dev.claret.cat\/editorial\/central-catequistica-salesiana\/","menu_order":0,"post_type":"editorial","post_mime_type":"","comment_count":"0","filter":"raw"}],"autores-libros":[{"ID":8369,"post_author":"3","post_date":"2022-09-30 09:48:03","post_date_gmt":"2022-09-30 07:48:03","post_content":"","post_title":"JUAN JOSE BARTOLOME","post_excerpt":"","post_status":"publish","comment_status":"closed","ping_status":"closed","post_password":"","post_name":"juan-jose-bartolome","to_ping":"","pinged":"","post_modified":"2022-09-30 09:48:03","post_modified_gmt":"2022-09-30 07:48:03","post_content_filtered":"","post_parent":0,"guid":"http:\/\/dev.claret.cat\/autor\/juan-jose-bartolome\/","menu_order":0,"post_type":"autor","post_mime_type":"","comment_count":"0","filter":"raw"}]},"aioseo_notices":[],"_links":{"self":[{"href":"https:\/\/www.claret.cat\/es\/wp-json\/wp\/v2\/product\/186725","targetHints":{"allow":["GET"]}}],"collection":[{"href":"https:\/\/www.claret.cat\/es\/wp-json\/wp\/v2\/product"}],"about":[{"href":"https:\/\/www.claret.cat\/es\/wp-json\/wp\/v2\/types\/product"}],"wp:featuredmedia":[{"embeddable":true,"href":"https:\/\/www.claret.cat\/es\/wp-json\/wp\/v2\/media\/359459"}],"wp:attachment":[{"href":"https:\/\/www.claret.cat\/es\/wp-json\/wp\/v2\/media?parent=186725"}],"wp:term":[{"taxonomy":"product_brand","embeddable":true,"href":"https:\/\/www.claret.cat\/es\/wp-json\/wp\/v2\/product_brand?post=186725"},{"taxonomy":"product_cat","embeddable":true,"href":"https:\/\/www.claret.cat\/es\/wp-json\/wp\/v2\/product_cat?post=186725"},{"taxonomy":"product_tag","embeddable":true,"href":"https:\/\/www.claret.cat\/es\/wp-json\/wp\/v2\/product_tag?post=186725"}],"curies":[{"name":"wp","href":"https:\/\/api.w.org\/{rel}","templated":true}]}}