{"id":186789,"date":"2022-10-20T05:02:39","date_gmt":"2022-10-20T03:02:39","guid":{"rendered":"http:\/\/dev.claret.cat\/producte\/noche-de-reyes-2\/"},"modified":"2024-05-24T04:57:38","modified_gmt":"2024-05-24T02:57:38","slug":"noche-de-reyes-9788432149221","status":"publish","type":"product","link":"https:\/\/www.claret.cat\/es\/libro\/noche-de-reyes-9788432149221\/","title":{"rendered":"NOCHE DE REYES"},"content":{"rendered":"<p>Dos gemelos, Sebasti\u00e1n y su hermana Viola, naufragan en las costas de Iliria. Viola cree que su hermano ha muerto. Se hace pasar entonces por un joven paje para servir en la corte del duque. All\u00ed, Orsino est\u00e1 enamorado de Olivia, y usa al joven paje (Viola) como mensajero. Esta va enamor\u00e1ndose de \u00e9l. Mientras, un barco enemigo de Orsino rescata a Sebasti\u00e1n&#8230;<\/p>\n","protected":false},"excerpt":{"rendered":"<p>SHAKESPEARE<\/p>\n","protected":false},"featured_media":343954,"template":"","meta":{"_acf_changed":false,"om_disable_all_campaigns":false,"rs_blank_template":"","rs_page_bg_color":"","slide_template_v7":"","inline_featured_image":false,"_monsterinsights_skip_tracking":false,"_monsterinsights_sitenote_active":false,"_monsterinsights_sitenote_note":"","_monsterinsights_sitenote_category":0},"product_brand":[],"product_cat":[87,353],"product_tag":[],"class_list":{"0":"post-186789","1":"product","2":"type-product","3":"status-publish","4":"has-post-thumbnail","6":"product_cat-literatura","7":"product_cat-literatura-2_humanidades","9":"first","10":"instock","11":"taxable","12":"shipping-taxable","13":"purchasable","14":"product-type-simple"},"acf":{"autor":"SHAKESPEARE","codart":"843214922","libros-coleccion":"","ediciones":"1","encuadernacion":"R\u00fastica","fecha_de_publicacion":"15\/03\/2018","novedad":"1","paginas":"136","subtitulo":"","orden":"0","portada":"0","idioma":"spa","editorial":[{"ID":6348,"post_author":"3","post_date":"2022-07-28 17:50:16","post_date_gmt":"2022-07-28 15:50:16","post_content":"","post_title":"Rialp","post_excerpt":"","post_status":"publish","comment_status":"closed","ping_status":"closed","post_password":"","post_name":"rialp","to_ping":"","pinged":"","post_modified":"2022-07-28 17:50:16","post_modified_gmt":"2022-07-28 15:50:16","post_content_filtered":"","post_parent":0,"guid":"http:\/\/dev.claret.cat\/editorial\/rialp\/","menu_order":0,"post_type":"editorial","post_mime_type":"","comment_count":"0","filter":"raw"}],"autores-libros":[{"ID":343953,"post_author":"3","post_date":"2023-01-13 18:36:18","post_date_gmt":"2023-01-13 17:36:18","post_content":"","post_title":"SHAKESPEARE","post_excerpt":"","post_status":"publish","comment_status":"closed","ping_status":"closed","post_password":"","post_name":"shakespeare","to_ping":"","pinged":"","post_modified":"2023-01-13 18:36:18","post_modified_gmt":"2023-01-13 17:36:18","post_content_filtered":"","post_parent":0,"guid":"https:\/\/www.claret.cat\/autor\/shakespeare\/","menu_order":0,"post_type":"autor","post_mime_type":"","comment_count":"0","filter":"raw"}]},"aioseo_notices":[],"_links":{"self":[{"href":"https:\/\/www.claret.cat\/es\/wp-json\/wp\/v2\/product\/186789","targetHints":{"allow":["GET"]}}],"collection":[{"href":"https:\/\/www.claret.cat\/es\/wp-json\/wp\/v2\/product"}],"about":[{"href":"https:\/\/www.claret.cat\/es\/wp-json\/wp\/v2\/types\/product"}],"wp:featuredmedia":[{"embeddable":true,"href":"https:\/\/www.claret.cat\/es\/wp-json\/wp\/v2\/media\/343954"}],"wp:attachment":[{"href":"https:\/\/www.claret.cat\/es\/wp-json\/wp\/v2\/media?parent=186789"}],"wp:term":[{"taxonomy":"product_brand","embeddable":true,"href":"https:\/\/www.claret.cat\/es\/wp-json\/wp\/v2\/product_brand?post=186789"},{"taxonomy":"product_cat","embeddable":true,"href":"https:\/\/www.claret.cat\/es\/wp-json\/wp\/v2\/product_cat?post=186789"},{"taxonomy":"product_tag","embeddable":true,"href":"https:\/\/www.claret.cat\/es\/wp-json\/wp\/v2\/product_tag?post=186789"}],"curies":[{"name":"wp","href":"https:\/\/api.w.org\/{rel}","templated":true}]}}