{"id":186792,"date":"2022-10-20T05:02:42","date_gmt":"2022-10-20T03:02:42","guid":{"rendered":"http:\/\/dev.claret.cat\/producte\/soy-una-nuez-premio-edebe-de-literatura-infantil-2018\/"},"modified":"2024-02-08T13:16:21","modified_gmt":"2024-02-08T12:16:21","slug":"soy-una-nuez-premio-edebe-de-literatura-infantil-2018-9788468334578","status":"publish","type":"product","link":"https:\/\/www.claret.cat\/es\/libro\/soy-una-nuez-premio-edebe-de-literatura-infantil-2018-9788468334578\/","title":{"rendered":"SOY UNA NUEZ: PREMIO EDEB\u00c9 DE LITERATURA INFANTIL 2018"},"content":{"rendered":"<p>La abogada Rossana Marinetti es una mujer implacable y amargada que ha denunciado a casi todo el mundo. Su vida cambia el d\u00eda en el que Omar H, un ni\u00f1o refugiado (parece que sirio) se cae de una rama de su nogal. El ni\u00f1o transforma su vida por completo y, para poder quedarse con \u00e9l, dice que es una nuez y que, seg\u00fan una antigua ley, todo fruto que caiga de su \u00e1rbol en su jard\u00edn le pertenece. El juez y el fiscal, incr\u00e9dulos, escuchan a los testigos: el vecino bot\u00e1nico (a quien Omar ense\u00f1a a cuidar las plantas), la modista (una anciana solitaria que echa de menos a su nieto y a  la que Omar hace compa\u00f1\u00eda), e incluso el zapatero (a quien Omar cocina deliciosos dulces), sostienen que el ni\u00f1o es, en efecto, una nuez. Al final, cuando Omar salva al gato del fiscal, incluso este sostiene que el ni\u00f1o es lo que la abogada dice que es. Mientras, Omar recuerda c\u00f3mo tuvo que huir con su familia de un pa\u00eds en guerra, c\u00f3mo sus padres se cayeron al mar y c\u00f3mo se escap\u00f3 del centro de acogida. El juez, al final, dictamina que el ni\u00f1o es una nuez, para que tenga una oportunidad en la vida.<\/p>\n","protected":false},"excerpt":{"rendered":"<p>OS\u00c9S GARC\u00cdA, BEATRIZ<\/p>\n","protected":false},"featured_media":186793,"template":"","meta":{"_acf_changed":false,"om_disable_all_campaigns":false,"rs_blank_template":"","rs_page_bg_color":"","slide_template_v7":"","inline_featured_image":false,"_monsterinsights_skip_tracking":false,"_monsterinsights_sitenote_active":false,"_monsterinsights_sitenote_note":"","_monsterinsights_sitenote_category":0},"product_brand":[],"product_cat":[90,540],"product_tag":[],"class_list":{"0":"post-186792","1":"product","2":"type-product","3":"status-publish","4":"has-post-thumbnail","6":"product_cat-altres","7":"product_cat-otros","9":"first","10":"instock","11":"taxable","12":"shipping-taxable","13":"purchasable","14":"product-type-simple"},"acf":{"autor":"OS\u00c9S GARC\u00cdA, BEATRIZ","codart":"846833457","libros-coleccion":"SUSHI BOOKS","ediciones":"1","encuadernacion":"R\u00fastica","fecha_de_publicacion":"15\/03\/2018","novedad":"1","paginas":"0","subtitulo":"","orden":"0","portada":"0","idioma":"spa","editorial":[{"ID":6193,"post_author":"3","post_date":"2022-07-28 17:46:53","post_date_gmt":"2022-07-28 15:46:53","post_content":"","post_title":"EDEBE GUADIEL","post_excerpt":"","post_status":"publish","comment_status":"closed","ping_status":"closed","post_password":"","post_name":"edebe-guadiel","to_ping":"","pinged":"","post_modified":"2022-07-28 17:46:53","post_modified_gmt":"2022-07-28 15:46:53","post_content_filtered":"","post_parent":0,"guid":"http:\/\/dev.claret.cat\/editorial\/edebe-guadiel\/","menu_order":0,"post_type":"editorial","post_mime_type":"","comment_count":"0","filter":"raw"}],"autores-libros":[{"ID":151451,"post_author":"3","post_date":"2022-10-14 14:40:59","post_date_gmt":"2022-10-14 12:40:59","post_content":"","post_title":"BEATRIZ OSES GARC\u00cdA","post_excerpt":"","post_status":"publish","comment_status":"closed","ping_status":"closed","post_password":"","post_name":"beatriz-oses-garcia","to_ping":"","pinged":"","post_modified":"2022-10-14 14:40:59","post_modified_gmt":"2022-10-14 12:40:59","post_content_filtered":"","post_parent":0,"guid":"http:\/\/dev.claret.cat\/autor\/beatriz-oses-garcia\/","menu_order":0,"post_type":"autor","post_mime_type":"","comment_count":"0","filter":"raw"}]},"aioseo_notices":[],"_links":{"self":[{"href":"https:\/\/www.claret.cat\/es\/wp-json\/wp\/v2\/product\/186792","targetHints":{"allow":["GET"]}}],"collection":[{"href":"https:\/\/www.claret.cat\/es\/wp-json\/wp\/v2\/product"}],"about":[{"href":"https:\/\/www.claret.cat\/es\/wp-json\/wp\/v2\/types\/product"}],"wp:featuredmedia":[{"embeddable":true,"href":"https:\/\/www.claret.cat\/es\/wp-json\/wp\/v2\/media\/186793"}],"wp:attachment":[{"href":"https:\/\/www.claret.cat\/es\/wp-json\/wp\/v2\/media?parent=186792"}],"wp:term":[{"taxonomy":"product_brand","embeddable":true,"href":"https:\/\/www.claret.cat\/es\/wp-json\/wp\/v2\/product_brand?post=186792"},{"taxonomy":"product_cat","embeddable":true,"href":"https:\/\/www.claret.cat\/es\/wp-json\/wp\/v2\/product_cat?post=186792"},{"taxonomy":"product_tag","embeddable":true,"href":"https:\/\/www.claret.cat\/es\/wp-json\/wp\/v2\/product_tag?post=186792"}],"curies":[{"name":"wp","href":"https:\/\/api.w.org\/{rel}","templated":true}]}}