{"id":186795,"date":"2022-10-20T05:02:44","date_gmt":"2022-10-20T03:02:44","guid":{"rendered":"http:\/\/dev.claret.cat\/producte\/soc-una-nou-premi-edebe-de-literatura-infantil-2018\/"},"modified":"2024-02-08T13:16:29","modified_gmt":"2024-02-08T12:16:29","slug":"soc-una-nou-premi-edebe-de-literatura-infantil-2018-9788468334585","status":"publish","type":"product","link":"https:\/\/www.claret.cat\/es\/libro\/soc-una-nou-premi-edebe-de-literatura-infantil-2018-9788468334585\/","title":{"rendered":"SOC UNA NOU: PREMI EDEB\u00c9 DE LITERATURA INFANTIL 2018"},"content":{"rendered":"<p>L&#8217;advocada Rossana Marinetti \u00e9s una dona implacable i amargada que ha denunciat a gaireb\u00e9 tots els seus ve\u00efns. La seva vida canvia el dia en qu\u00e8 l&#8217;Omar, un nen refugiat, cau de la branca d&#8217;una noguera del seu jard\u00ed. El nen transforma la seva vida i, per poder quedar-se amb ell, diu que \u00e9s una nou i que, segons una llei antiga, tota fruita que caigui d&#8217;un arbre pertany al propietari d&#8217;aquell arbre. El jutge i el fiscal, incr\u00e8duls, escolten els testimonis: el ve\u00ed bot\u00e0nic (a qui l&#8217;Omar ensenya a cuidar les plantes), la modista (una velleta solit\u00e0ria que troba a faltar el seu net i a la qual Omar fa companyia), i fins i tot el sabater (a qui l&#8217;Omar li prepara deliciosos pastissets), coincideixen que el nen \u00e9s una nou. Al final, quan l&#8217;Omar salva el gat del fiscal, fins i tot aquest hi est\u00e0 d&#8217;acord. Mentrestant, l&#8217;Omar recorda com va haver de fugir amb la seva fam\u00edlia d&#8217;un pa\u00eds en guerra, com els seus pares van caure al mar i com es va escapar del centre d&#8217;acollida. El jutge, finalment, dictamina que el nen \u00e9s una nou, perqu\u00e8 tingui una oportunitat a la vida.<\/p>\n","protected":false},"excerpt":{"rendered":"<p>OS\u00c9S GARC\u00cdA, BEATRIZ<\/p>\n","protected":false},"featured_media":186796,"template":"","meta":{"_acf_changed":false,"om_disable_all_campaigns":false,"rs_blank_template":"","rs_page_bg_color":"","slide_template_v7":"","inline_featured_image":false,"_monsterinsights_skip_tracking":false,"_monsterinsights_sitenote_active":false,"_monsterinsights_sitenote_note":"","_monsterinsights_sitenote_category":0},"product_brand":[],"product_cat":[86,352],"product_tag":[],"class_list":{"0":"post-186795","1":"product","2":"type-product","3":"status-publish","4":"has-post-thumbnail","6":"product_cat-infantil","7":"product_cat-infantil-3_infantil-juvenil-spa","9":"first","10":"instock","11":"taxable","12":"shipping-taxable","13":"purchasable","14":"product-type-simple"},"acf":{"autor":"OS\u00c9S GARC\u00cdA, BEATRIZ","codart":"846833458","libros-coleccion":"SUSHI BOOKS","ediciones":"1","encuadernacion":"R\u00fastica","fecha_de_publicacion":"15\/03\/2018","novedad":"1","paginas":"0","subtitulo":"","orden":"0","portada":"0","idioma":"cat","editorial":[{"ID":6193,"post_author":"3","post_date":"2022-07-28 17:46:53","post_date_gmt":"2022-07-28 15:46:53","post_content":"","post_title":"EDEBE GUADIEL","post_excerpt":"","post_status":"publish","comment_status":"closed","ping_status":"closed","post_password":"","post_name":"edebe-guadiel","to_ping":"","pinged":"","post_modified":"2022-07-28 17:46:53","post_modified_gmt":"2022-07-28 15:46:53","post_content_filtered":"","post_parent":0,"guid":"http:\/\/dev.claret.cat\/editorial\/edebe-guadiel\/","menu_order":0,"post_type":"editorial","post_mime_type":"","comment_count":"0","filter":"raw"}],"autores-libros":[{"ID":151451,"post_author":"3","post_date":"2022-10-14 14:40:59","post_date_gmt":"2022-10-14 12:40:59","post_content":"","post_title":"BEATRIZ OSES GARC\u00cdA","post_excerpt":"","post_status":"publish","comment_status":"closed","ping_status":"closed","post_password":"","post_name":"beatriz-oses-garcia","to_ping":"","pinged":"","post_modified":"2022-10-14 14:40:59","post_modified_gmt":"2022-10-14 12:40:59","post_content_filtered":"","post_parent":0,"guid":"http:\/\/dev.claret.cat\/autor\/beatriz-oses-garcia\/","menu_order":0,"post_type":"autor","post_mime_type":"","comment_count":"0","filter":"raw"}]},"aioseo_notices":[],"_links":{"self":[{"href":"https:\/\/www.claret.cat\/es\/wp-json\/wp\/v2\/product\/186795","targetHints":{"allow":["GET"]}}],"collection":[{"href":"https:\/\/www.claret.cat\/es\/wp-json\/wp\/v2\/product"}],"about":[{"href":"https:\/\/www.claret.cat\/es\/wp-json\/wp\/v2\/types\/product"}],"wp:featuredmedia":[{"embeddable":true,"href":"https:\/\/www.claret.cat\/es\/wp-json\/wp\/v2\/media\/186796"}],"wp:attachment":[{"href":"https:\/\/www.claret.cat\/es\/wp-json\/wp\/v2\/media?parent=186795"}],"wp:term":[{"taxonomy":"product_brand","embeddable":true,"href":"https:\/\/www.claret.cat\/es\/wp-json\/wp\/v2\/product_brand?post=186795"},{"taxonomy":"product_cat","embeddable":true,"href":"https:\/\/www.claret.cat\/es\/wp-json\/wp\/v2\/product_cat?post=186795"},{"taxonomy":"product_tag","embeddable":true,"href":"https:\/\/www.claret.cat\/es\/wp-json\/wp\/v2\/product_tag?post=186795"}],"curies":[{"name":"wp","href":"https:\/\/api.w.org\/{rel}","templated":true}]}}