{"id":18682,"date":"2022-10-01T23:45:50","date_gmt":"2022-10-01T21:45:50","guid":{"rendered":"http:\/\/dev.claret.cat\/producte\/construyo-un-cohete\/"},"modified":"2023-01-28T22:33:45","modified_gmt":"2023-01-28T21:33:45","slug":"construyo-un-cohete-9788417273767","status":"publish","type":"product","link":"https:\/\/www.claret.cat\/es\/libro\/construyo-un-cohete-9788417273767\/","title":{"rendered":"CONSTRUYO UN COHETE"},"content":{"rendered":"<p>Hace ya 50 a\u00f1os del primer viaje a la Luna. Con este libro, los m\u00e1s peque\u00f1os podr\u00e1n celebrar un hecho trascendental como aquel y viajar al espacio. \u00abConstruyo un cohete\u00bb es un pack que contiene un libro descriptivo y la maqueta del poderoso Saturno V. Esta gu\u00eda interactiva, repleta de dibujos de gran tama\u00f1o y textos breves y muy amenos, desvela fascinantes datos sobre la exploraci\u00f3n del Universo. De f\u00e1cil lectura, la obra alberga multitud de respuestas originales a preguntas no menos curiosas, muy t\u00edpicas de la imaginaci\u00f3n de los m\u00e1s peque\u00f1os, como por ejemplo: \u00bfQu\u00e9 velocidad debe alcanzar un cohete para escapar a la fuerza de la gravedad de la Tierra? \u00bfC\u00f3mo ser\u00e1n los cohetes del futuro? \u00bfQu\u00e9 cohete med\u00eda 18 metros m\u00e1s que la Estatua de la Libertad? <br \/> Y la mejor manera de asentar los conocimientos adquiridos con el libro es construyendo un cohete (de 76 cent\u00edmetros de altura, formado por 88 piezas que se pueden acoplar sin necesidad de pegamento).<\/p>\n","protected":false},"excerpt":{"rendered":"<p>GRAHAM, IAN<\/p>\n","protected":false},"featured_media":68080,"template":"","meta":{"_acf_changed":false,"om_disable_all_campaigns":false,"rs_blank_template":"","rs_page_bg_color":"","slide_template_v7":"","inline_featured_image":false,"_monsterinsights_skip_tracking":false,"_monsterinsights_sitenote_active":false,"_monsterinsights_sitenote_note":"","_monsterinsights_sitenote_category":0},"product_brand":[],"product_cat":[86],"product_tag":[],"class_list":{"0":"post-18682","1":"product","2":"type-product","3":"status-publish","4":"has-post-thumbnail","6":"product_cat-infantil","8":"first","9":"instock","10":"taxable","11":"shipping-taxable","12":"purchasable","13":"product-type-simple"},"acf":{"autor":"GRAHAM, IAN","codart":"841727376","libros-coleccion":"Larousse - Infantil \/ Juvenil - Castella","ediciones":"1","encuadernacion":"Carton\u00e9","fecha_de_publicacion":"01\/06\/2019","novedad":"1","paginas":"1","subtitulo":"","orden":"0","portada":"0","idioma":"spa","editorial":[{"ID":148398,"post_author":"3","post_date":"2022-10-14 11:57:56","post_date_gmt":"2022-10-14 09:57:56","post_content":"","post_title":"Larousse","post_excerpt":"","post_status":"publish","comment_status":"closed","ping_status":"closed","post_password":"","post_name":"larousse","to_ping":"","pinged":"","post_modified":"2022-10-14 11:57:56","post_modified_gmt":"2022-10-14 09:57:56","post_content_filtered":"","post_parent":0,"guid":"http:\/\/dev.claret.cat\/editorial\/larousse\/","menu_order":0,"post_type":"editorial","post_mime_type":"","comment_count":"0","filter":"raw"}],"autores-libros":[{"ID":157708,"post_author":"3","post_date":"2022-10-14 15:30:59","post_date_gmt":"2022-10-14 13:30:59","post_content":"","post_title":"IAN GRAHAM","post_excerpt":"","post_status":"publish","comment_status":"closed","ping_status":"closed","post_password":"","post_name":"ian-graham","to_ping":"","pinged":"","post_modified":"2022-10-14 15:30:59","post_modified_gmt":"2022-10-14 13:30:59","post_content_filtered":"","post_parent":0,"guid":"http:\/\/dev.claret.cat\/autor\/ian-graham\/","menu_order":0,"post_type":"autor","post_mime_type":"","comment_count":"0","filter":"raw"}]},"aioseo_notices":[],"_links":{"self":[{"href":"https:\/\/www.claret.cat\/es\/wp-json\/wp\/v2\/product\/18682","targetHints":{"allow":["GET"]}}],"collection":[{"href":"https:\/\/www.claret.cat\/es\/wp-json\/wp\/v2\/product"}],"about":[{"href":"https:\/\/www.claret.cat\/es\/wp-json\/wp\/v2\/types\/product"}],"wp:featuredmedia":[{"embeddable":true,"href":"https:\/\/www.claret.cat\/es\/wp-json\/wp\/v2\/media\/68080"}],"wp:attachment":[{"href":"https:\/\/www.claret.cat\/es\/wp-json\/wp\/v2\/media?parent=18682"}],"wp:term":[{"taxonomy":"product_brand","embeddable":true,"href":"https:\/\/www.claret.cat\/es\/wp-json\/wp\/v2\/product_brand?post=18682"},{"taxonomy":"product_cat","embeddable":true,"href":"https:\/\/www.claret.cat\/es\/wp-json\/wp\/v2\/product_cat?post=18682"},{"taxonomy":"product_tag","embeddable":true,"href":"https:\/\/www.claret.cat\/es\/wp-json\/wp\/v2\/product_tag?post=18682"}],"curies":[{"name":"wp","href":"https:\/\/api.w.org\/{rel}","templated":true}]}}