{"id":18685,"date":"2022-10-01T23:45:53","date_gmt":"2022-10-01T21:45:53","guid":{"rendered":"http:\/\/dev.claret.cat\/producte\/construeixo-un-coet\/"},"modified":"2023-01-28T10:14:40","modified_gmt":"2023-01-28T09:14:40","slug":"construeixo-un-coet-9788417273774","status":"publish","type":"product","link":"https:\/\/www.claret.cat\/es\/libro\/construeixo-un-coet-9788417273774\/","title":{"rendered":"CONSTRUEIXO UN COET"},"content":{"rendered":"<p>Ja fa 50 anys de l&#8221;arribada a la Lluna i, amb aquesta exclusiva gu\u00eda interactiva de coets, els m\u00e9s petits podr\u00e1n rememorar aquell viatge, construir una maqueta del poder\u00f3s Saturn V, i con\u00e8ixer dades fascinants sobre l&#8221;exploraci\u00f3 de l\u00e9spai.<br \/> Quina velocitat ha d&#8221;agafar un coet per escapar de la gravetar de la Terra? Quin coet feia 18 metres m\u00e9s que l&#8221;Est\u00e0tua de la Llibertat de Nova York? Com ser\u00e1n els coets del futur?<br \/> Cont\u00e9 un coet de 76 cm. per muntar. Sense tisores ni pega, nom\u00e9s cal <br \/> acoblar les peces!<\/p>\n","protected":false},"excerpt":{"rendered":"<p>GRAHAM, IAN<\/p>\n","protected":false},"featured_media":68078,"template":"","meta":{"_acf_changed":false,"om_disable_all_campaigns":false,"rs_blank_template":"","rs_page_bg_color":"","slide_template_v7":"","inline_featured_image":false,"_monsterinsights_skip_tracking":false,"_monsterinsights_sitenote_active":false,"_monsterinsights_sitenote_note":"","_monsterinsights_sitenote_category":0},"product_brand":[],"product_cat":[86],"product_tag":[],"class_list":{"0":"post-18685","1":"product","2":"type-product","3":"status-publish","4":"has-post-thumbnail","6":"product_cat-infantil","8":"first","9":"instock","10":"taxable","11":"shipping-taxable","12":"purchasable","13":"product-type-simple"},"acf":{"autor":"GRAHAM, IAN","codart":"841727377","libros-coleccion":"Larousse - Infantil \/ Juvenil - Catal\u00e1n","ediciones":"1","encuadernacion":"Carton\u00e9","fecha_de_publicacion":"01\/06\/2019","novedad":"1","paginas":"1","subtitulo":"","orden":"0","portada":"0","idioma":"cat","editorial":[{"ID":148398,"post_author":"3","post_date":"2022-10-14 11:57:56","post_date_gmt":"2022-10-14 09:57:56","post_content":"","post_title":"Larousse","post_excerpt":"","post_status":"publish","comment_status":"closed","ping_status":"closed","post_password":"","post_name":"larousse","to_ping":"","pinged":"","post_modified":"2022-10-14 11:57:56","post_modified_gmt":"2022-10-14 09:57:56","post_content_filtered":"","post_parent":0,"guid":"http:\/\/dev.claret.cat\/editorial\/larousse\/","menu_order":0,"post_type":"editorial","post_mime_type":"","comment_count":"0","filter":"raw"}],"autores-libros":[{"ID":157708,"post_author":"3","post_date":"2022-10-14 15:30:59","post_date_gmt":"2022-10-14 13:30:59","post_content":"","post_title":"IAN GRAHAM","post_excerpt":"","post_status":"publish","comment_status":"closed","ping_status":"closed","post_password":"","post_name":"ian-graham","to_ping":"","pinged":"","post_modified":"2022-10-14 15:30:59","post_modified_gmt":"2022-10-14 13:30:59","post_content_filtered":"","post_parent":0,"guid":"http:\/\/dev.claret.cat\/autor\/ian-graham\/","menu_order":0,"post_type":"autor","post_mime_type":"","comment_count":"0","filter":"raw"}]},"aioseo_notices":[],"_links":{"self":[{"href":"https:\/\/www.claret.cat\/es\/wp-json\/wp\/v2\/product\/18685","targetHints":{"allow":["GET"]}}],"collection":[{"href":"https:\/\/www.claret.cat\/es\/wp-json\/wp\/v2\/product"}],"about":[{"href":"https:\/\/www.claret.cat\/es\/wp-json\/wp\/v2\/types\/product"}],"wp:featuredmedia":[{"embeddable":true,"href":"https:\/\/www.claret.cat\/es\/wp-json\/wp\/v2\/media\/68078"}],"wp:attachment":[{"href":"https:\/\/www.claret.cat\/es\/wp-json\/wp\/v2\/media?parent=18685"}],"wp:term":[{"taxonomy":"product_brand","embeddable":true,"href":"https:\/\/www.claret.cat\/es\/wp-json\/wp\/v2\/product_brand?post=18685"},{"taxonomy":"product_cat","embeddable":true,"href":"https:\/\/www.claret.cat\/es\/wp-json\/wp\/v2\/product_cat?post=18685"},{"taxonomy":"product_tag","embeddable":true,"href":"https:\/\/www.claret.cat\/es\/wp-json\/wp\/v2\/product_tag?post=18685"}],"curies":[{"name":"wp","href":"https:\/\/api.w.org\/{rel}","templated":true}]}}