{"id":1869,"date":"2022-07-27T21:03:38","date_gmt":"2022-07-27T19:03:38","guid":{"rendered":"http:\/\/dev.claret.cat\/producto\/lexperiencia-cristiana-9788498460896\/"},"modified":"2024-05-22T19:03:42","modified_gmt":"2024-05-22T17:03:42","slug":"lexperiencia-cristiana-9788498460896","status":"publish","type":"product","link":"https:\/\/www.claret.cat\/es\/libro\/lexperiencia-cristiana-9788498460896\/","title":{"rendered":"L&#8217;EXPERI\u00c8NCIA CRISTIANA"},"content":{"rendered":"<p>La fe cristiana, quan es redueix a algunes afirmacions simples, no resisteix el pes de l\u2019experi\u00e8ncia humana i el xoc de les q\u00fcestions que es plantegen actualment. A falta d\u2019un llenguatge per expressar la pr\u00f2pia fe que pugi correspondre a una experi\u00e8ncia d\u2019adult, n\u2019hi ha molts que es queden amb la fe de la infantesa o b\u00e9 abandonen. Tanmateix nombrosos cristians i cristianes han fet una veritable experi\u00e8ncia de creients. Han recorregu un itinerari que fa, de la fe viscuda amb convicci\u00f3 i intel\u00b7lig\u00e8ncia, un component essencial d\u2019una veritable maduresa humana.<br \/>\u00abL&#8217;experi\u00e8ncia cristiana\u00bb no \u00e9s un tractat de vida cristiana. Proposa un seguit de recorreguts que el lector, sol o en grup, podr\u00e0 fer al seu ritme: la felicitat; l\u2019experi\u00e8ncia del creient; el Regne; estimar com D\u00e9u estima; la din\u00e0mica pasqual; les trobades; l\u2019aprenentatge de la preg\u00e0ria; el pecat i el perd\u00f3; l\u2019Eucaristia; l\u2019avui de D\u00e9u en el temps.<\/p>\n","protected":false},"excerpt":{"rendered":"<p>MARLIANGEAS, BERNARD<\/p>\n","protected":false},"featured_media":386486,"template":"","meta":{"_acf_changed":false,"om_disable_all_campaigns":false,"rs_blank_template":"","rs_page_bg_color":"","slide_template_v7":"","inline_featured_image":false,"_monsterinsights_skip_tracking":false,"_monsterinsights_sitenote_active":false,"_monsterinsights_sitenote_note":"","_monsterinsights_sitenote_category":0},"product_brand":[],"product_cat":[221,480,581,418,284,275,227,389,413,497,248,419,285],"product_tag":[],"class_list":{"0":"post-1869","1":"product","2":"type-product","3":"status-publish","4":"has-post-thumbnail","6":"product_cat-dadults","7":"product_cat-de-adultos","8":"product_cat-editorial-claret","9":"product_cat-espiritual-teologia-1_espiritualidad","10":"product_cat-espiritual","11":"product_cat-fonamental","12":"product_cat-formacio","13":"product_cat-formacion","14":"product_cat-fundamental","15":"product_cat-meditaciones","16":"product_cat-meditacions","17":"product_cat-pastoral-teologia-1_espiritualidad","18":"product_cat-pastoral-teologia","20":"first","21":"instock","22":"taxable","23":"shipping-taxable","24":"purchasable","25":"product-type-simple"},"acf":{"autor":"MARLIANGEAS, BERNARD","codart":"849846089","ediciones":"1","encuadernacion":"R\u00fastica","fecha_de_publicacion":"27\/03\/2008","novedad":"0","paginas":"246","subtitulo":"","orden":"999","portada":"0","idioma":"cat","libros-coleccion":"Savieses","autores-libros":[{"ID":5298,"post_author":"3","post_date":"2022-07-28 17:21:01","post_date_gmt":"2022-07-28 15:21:01","post_content":"","post_title":"BERNARD MARLIANGEAS","post_excerpt":"","post_status":"publish","comment_status":"closed","ping_status":"closed","post_password":"","post_name":"bernard-marliangeas","to_ping":"","pinged":"","post_modified":"2022-07-28 17:21:01","post_modified_gmt":"2022-07-28 15:21:01","post_content_filtered":"","post_parent":0,"guid":"http:\/\/dev.claret.cat\/autor\/bernard-marliangeas\/","menu_order":0,"post_type":"autor","post_mime_type":"","comment_count":"0","filter":"raw"}],"editorial":[{"ID":6158,"post_author":"3","post_date":"2022-07-28 17:46:08","post_date_gmt":"2022-07-28 15:46:08","post_content":"","post_title":"CLARET","post_excerpt":"","post_status":"publish","comment_status":"closed","ping_status":"closed","post_password":"","post_name":"claret","to_ping":"","pinged":"","post_modified":"2022-07-28 17:46:08","post_modified_gmt":"2022-07-28 15:46:08","post_content_filtered":"","post_parent":0,"guid":"http:\/\/dev.claret.cat\/editorial\/claret\/","menu_order":0,"post_type":"editorial","post_mime_type":"","comment_count":"0","filter":"raw"}],"booktrailer":"","linkebook":"","ficha":"849846089_1688656422.pdf","muestra":"","precioebook":"0","presentacion":"","resenas":""},"aioseo_notices":[],"_links":{"self":[{"href":"https:\/\/www.claret.cat\/es\/wp-json\/wp\/v2\/product\/1869","targetHints":{"allow":["GET"]}}],"collection":[{"href":"https:\/\/www.claret.cat\/es\/wp-json\/wp\/v2\/product"}],"about":[{"href":"https:\/\/www.claret.cat\/es\/wp-json\/wp\/v2\/types\/product"}],"wp:featuredmedia":[{"embeddable":true,"href":"https:\/\/www.claret.cat\/es\/wp-json\/wp\/v2\/media\/386486"}],"wp:attachment":[{"href":"https:\/\/www.claret.cat\/es\/wp-json\/wp\/v2\/media?parent=1869"}],"wp:term":[{"taxonomy":"product_brand","embeddable":true,"href":"https:\/\/www.claret.cat\/es\/wp-json\/wp\/v2\/product_brand?post=1869"},{"taxonomy":"product_cat","embeddable":true,"href":"https:\/\/www.claret.cat\/es\/wp-json\/wp\/v2\/product_cat?post=1869"},{"taxonomy":"product_tag","embeddable":true,"href":"https:\/\/www.claret.cat\/es\/wp-json\/wp\/v2\/product_tag?post=1869"}],"curies":[{"name":"wp","href":"https:\/\/api.w.org\/{rel}","templated":true}]}}