{"id":186967,"date":"2022-10-20T05:05:36","date_gmt":"2022-10-20T03:05:36","guid":{"rendered":"http:\/\/dev.claret.cat\/producte\/mujeres-viajeras-de-la-antiguedad\/"},"modified":"2024-05-24T06:32:21","modified_gmt":"2024-05-24T04:32:21","slug":"mujeres-viajeras-de-la-antiguedad-9788430119882","status":"publish","type":"product","link":"https:\/\/www.claret.cat\/es\/libro\/mujeres-viajeras-de-la-antiguedad-9788430119882\/","title":{"rendered":"MUJERES VIAJERAS DE LA ANTIG\u00dcEDAD"},"content":{"rendered":"<p>El viaje que a principios del siglo IV realiz\u00f3 la emperatriz Helena a Tierra Santa aviv\u00f3 el anhelo de gran cantidad de peregrinos por visitar los lugares donde transcurri\u00f3 la vida de Jesucristo.<br \/>Conocemos la identidad de diversas mujeres que se dirigieron hacia los Santos Lugares. Tambi\u00e9n, de algunas como Egeria conservamos adem\u00e1s el relato de su itinerario, que, empezado en la lejana Hispania, fue anotando con cuidado a modo de diario.<br \/>Menci\u00f3n especial merecen Paula de Roma, Melania la Mayor y Melania la Joven, tres mujeres de la nobleza de Roma que renunciaron a sus bienes y adoptaron un modo de vida asc\u00e9tica en el pa\u00eds del Se\u00f1or. A diferencia de Egeria, fueron sus bi\u00f3grafos quienes describieron los trayectos y las etapas de estas intr\u00e9pidas viajeras.<br \/>A trav\u00e9s de su mirada, el ambiente humano y espiritual de la Antig\u00fcedad tard\u00eda desvela matices que enriquecen el entendimiento de una \u00e9poca trascendente para la configuraci\u00f3n de Occidente.<\/p>\n","protected":false},"excerpt":{"rendered":"<p>OTERO PEREIRA, EDUARDO<\/p>\n","protected":false},"featured_media":342180,"template":"","meta":{"_acf_changed":false,"om_disable_all_campaigns":false,"rs_blank_template":"","rs_page_bg_color":"","slide_template_v7":"","inline_featured_image":false,"_monsterinsights_skip_tracking":false,"_monsterinsights_sitenote_active":false,"_monsterinsights_sitenote_note":"","_monsterinsights_sitenote_category":0},"product_brand":[],"product_cat":[345,79,85,351,544,94],"product_tag":[],"class_list":{"0":"post-186967","1":"product","2":"type-product","3":"status-publish","4":"has-post-thumbnail","6":"product_cat-espiritualidad","7":"product_cat-espiritualitat","8":"product_cat-historia","9":"product_cat-historia-2_humanidades","10":"product_cat-religiones","11":"product_cat-religions","13":"first","14":"instock","15":"taxable","16":"shipping-taxable","17":"purchasable","18":"product-type-simple"},"acf":{"autor":"OTERO PEREIRA, EDUARDO","codart":"843011988","libros-coleccion":"","ediciones":"1","encuadernacion":"R\u00fastica","fecha_de_publicacion":"06\/03\/2018","novedad":"1","paginas":"240","subtitulo":"LOS RELATOS DE EGERIA Y OTRAS PEREGRINAS EN TIERRA SANTA","orden":"0","portada":"0","idioma":"spa","editorial":[{"ID":6364,"post_author":"3","post_date":"2022-07-28 17:50:36","post_date_gmt":"2022-07-28 15:50:36","post_content":"","post_title":"S\u00edgueme","post_excerpt":"","post_status":"publish","comment_status":"closed","ping_status":"closed","post_password":"","post_name":"sigueme","to_ping":"","pinged":"","post_modified":"2022-07-28 17:50:36","post_modified_gmt":"2022-07-28 15:50:36","post_content_filtered":"","post_parent":0,"guid":"http:\/\/dev.claret.cat\/editorial\/sigueme\/","menu_order":0,"post_type":"editorial","post_mime_type":"","comment_count":"0","filter":"raw"}],"autores-libros":[{"ID":293289,"post_author":"3","post_date":"2022-12-11 02:36:28","post_date_gmt":"2022-12-11 01:36:28","post_content":"","post_title":"EDUARDO OTERO PEREIRA","post_excerpt":"","post_status":"publish","comment_status":"closed","ping_status":"closed","post_password":"","post_name":"eduardo-otero-pereira","to_ping":"","pinged":"","post_modified":"2022-12-11 02:36:28","post_modified_gmt":"2022-12-11 01:36:28","post_content_filtered":"","post_parent":0,"guid":"http:\/\/dev.claret.cat\/autor\/eduardo-otero-pereira\/","menu_order":0,"post_type":"autor","post_mime_type":"","comment_count":"0","filter":"raw"}]},"aioseo_notices":[],"_links":{"self":[{"href":"https:\/\/www.claret.cat\/es\/wp-json\/wp\/v2\/product\/186967","targetHints":{"allow":["GET"]}}],"collection":[{"href":"https:\/\/www.claret.cat\/es\/wp-json\/wp\/v2\/product"}],"about":[{"href":"https:\/\/www.claret.cat\/es\/wp-json\/wp\/v2\/types\/product"}],"wp:featuredmedia":[{"embeddable":true,"href":"https:\/\/www.claret.cat\/es\/wp-json\/wp\/v2\/media\/342180"}],"wp:attachment":[{"href":"https:\/\/www.claret.cat\/es\/wp-json\/wp\/v2\/media?parent=186967"}],"wp:term":[{"taxonomy":"product_brand","embeddable":true,"href":"https:\/\/www.claret.cat\/es\/wp-json\/wp\/v2\/product_brand?post=186967"},{"taxonomy":"product_cat","embeddable":true,"href":"https:\/\/www.claret.cat\/es\/wp-json\/wp\/v2\/product_cat?post=186967"},{"taxonomy":"product_tag","embeddable":true,"href":"https:\/\/www.claret.cat\/es\/wp-json\/wp\/v2\/product_tag?post=186967"}],"curies":[{"name":"wp","href":"https:\/\/api.w.org\/{rel}","templated":true}]}}