{"id":186973,"date":"2022-10-20T05:05:43","date_gmt":"2022-10-20T03:05:43","guid":{"rendered":"http:\/\/dev.claret.cat\/producte\/ser-cristiano-2\/"},"modified":"2024-05-24T06:32:28","modified_gmt":"2024-05-24T04:32:28","slug":"ser-cristiano-9788430119899","status":"publish","type":"product","link":"https:\/\/www.claret.cat\/es\/libro\/ser-cristiano-9788430119899\/","title":{"rendered":"SER CRISTIANO"},"content":{"rendered":"<p>En un planeta cada vez m\u00e1s mon\u00f3tono, en una sociedad donde conviven multitud de creencias, los seguidores de Jesucristo son apremiados a identificar los principios de su fe.<br \/>Es cristiano, en primer t\u00e9rmino, el que ha recibido el agua del bautismo, que lo transforma en miembro de pleno derecho de la Iglesia.<br \/>Es cristiano quien escucha a la Palabra de Dios, que cada jornada se hace presente cuando la Escritura santa es proclamada en medio de la comunidad y cuando se reflexiona en la lectura personal.<br \/>Es cristiano quien se re\u00fane, sobre todo el domingo, a compartir el pan y el vino en recuedo de Jes\u00fas.<br \/>Es cristiano, en fin, quien ora el Padrenuestro cada d\u00eda, se compromete con la justicia y nutre su esp\u00edritu en la oraci\u00f3n de Jes\u00fas de Natzaret.<\/p>\n","protected":false},"excerpt":{"rendered":"<p>WILLIAMS, ROWAN<\/p>\n","protected":false},"featured_media":342182,"template":"","meta":{"_acf_changed":false,"om_disable_all_campaigns":false,"rs_blank_template":"","rs_page_bg_color":"","slide_template_v7":"","inline_featured_image":false,"_monsterinsights_skip_tracking":false,"_monsterinsights_sitenote_active":false,"_monsterinsights_sitenote_note":"","_monsterinsights_sitenote_category":0},"product_brand":[],"product_cat":[543,93,345,79,344,78],"product_tag":[],"class_list":{"0":"post-186973","1":"product","2":"type-product","3":"status-publish","4":"has-post-thumbnail","6":"product_cat-eclesiologia-es","7":"product_cat-eclesiologia","8":"product_cat-espiritualidad","9":"product_cat-espiritualitat","10":"product_cat-pastoral-1_espiritualidad","11":"product_cat-pastoral","13":"first","14":"instock","15":"taxable","16":"shipping-taxable","17":"purchasable","18":"product-type-simple"},"acf":{"autor":"WILLIAMS, ROWAN","codart":"843011989","libros-coleccion":"Nueva Alianza","ediciones":"1","encuadernacion":"R\u00fastica","fecha_de_publicacion":"06\/03\/2018","novedad":"1","paginas":"128","subtitulo":"BAUTISMO - BIBLIA - EUCARIST\u00cdA - ORACI\u00d3N","orden":"0","portada":"0","idioma":"spa","editorial":[{"ID":6364,"post_author":"3","post_date":"2022-07-28 17:50:36","post_date_gmt":"2022-07-28 15:50:36","post_content":"","post_title":"S\u00edgueme","post_excerpt":"","post_status":"publish","comment_status":"closed","ping_status":"closed","post_password":"","post_name":"sigueme","to_ping":"","pinged":"","post_modified":"2022-07-28 17:50:36","post_modified_gmt":"2022-07-28 15:50:36","post_content_filtered":"","post_parent":0,"guid":"http:\/\/dev.claret.cat\/editorial\/sigueme\/","menu_order":0,"post_type":"editorial","post_mime_type":"","comment_count":"0","filter":"raw"}],"autores-libros":[{"ID":168622,"post_author":"3","post_date":"2022-10-14 22:20:35","post_date_gmt":"2022-10-14 20:20:35","post_content":"","post_title":"ROWAN WILLIAMS","post_excerpt":"","post_status":"publish","comment_status":"closed","ping_status":"closed","post_password":"","post_name":"rowan-williams","to_ping":"","pinged":"","post_modified":"2022-10-14 22:20:35","post_modified_gmt":"2022-10-14 20:20:35","post_content_filtered":"","post_parent":0,"guid":"http:\/\/dev.claret.cat\/autor\/rowan-williams\/","menu_order":0,"post_type":"autor","post_mime_type":"","comment_count":"0","filter":"raw"}]},"aioseo_notices":[],"_links":{"self":[{"href":"https:\/\/www.claret.cat\/es\/wp-json\/wp\/v2\/product\/186973","targetHints":{"allow":["GET"]}}],"collection":[{"href":"https:\/\/www.claret.cat\/es\/wp-json\/wp\/v2\/product"}],"about":[{"href":"https:\/\/www.claret.cat\/es\/wp-json\/wp\/v2\/types\/product"}],"wp:featuredmedia":[{"embeddable":true,"href":"https:\/\/www.claret.cat\/es\/wp-json\/wp\/v2\/media\/342182"}],"wp:attachment":[{"href":"https:\/\/www.claret.cat\/es\/wp-json\/wp\/v2\/media?parent=186973"}],"wp:term":[{"taxonomy":"product_brand","embeddable":true,"href":"https:\/\/www.claret.cat\/es\/wp-json\/wp\/v2\/product_brand?post=186973"},{"taxonomy":"product_cat","embeddable":true,"href":"https:\/\/www.claret.cat\/es\/wp-json\/wp\/v2\/product_cat?post=186973"},{"taxonomy":"product_tag","embeddable":true,"href":"https:\/\/www.claret.cat\/es\/wp-json\/wp\/v2\/product_tag?post=186973"}],"curies":[{"name":"wp","href":"https:\/\/api.w.org\/{rel}","templated":true}]}}