{"id":187150,"date":"2022-10-20T05:08:40","date_gmt":"2022-10-20T03:08:40","guid":{"rendered":"http:\/\/dev.claret.cat\/producte\/nikola-tesla\/"},"modified":"2023-01-28T07:50:58","modified_gmt":"2023-01-28T06:50:58","slug":"nikola-tesla-9788417137083","status":"publish","type":"product","link":"https:\/\/www.claret.cat\/es\/libro\/nikola-tesla-9788417137083\/","title":{"rendered":"NIKOLA TESLA"},"content":{"rendered":"<p>Nikola Tesla fue el cient\u00edfico que m\u00e1s inventos lleg\u00f3 a crear en la historia de la humanidad. Naci\u00f3 a mediados del siglo XIX y, con su trabajo, ayud\u00f3 a modernizar el mundo con much\u00edsimos avances basados en la electricidad. \u00a1A \u00e9l le debemos la luz de nuestras casas! Muchos de los progresos de los \u00faltimos 150 a\u00f1os se basan en sus inventos. No es casualidad, por ejemplo, que le hayan puesto su nombre a la marca de coches el\u00e9ctricos m\u00e1s moderna de la actualidad.<br \/> Tanto el registro de la narraci\u00f3n como el estilo de las im\u00e1genes est\u00e1n adecuados a escolares con una franja de edad entre 8 y 11 a\u00f1os. El texto y las im\u00e1genes se aseguran de tratar temas did\u00e1cticos transversales a los \u00e1mbitos de actividad del personaje, en especial aquellos relativos al mundo de la tecnolog\u00eda, de cara tanto a la lectura en familia como al uso en centros escolares y al refuerzo al programa educativo.<br \/> Las p\u00e1ginas finales del libro contienen una biograf\u00eda resumida del personaje y una cronolog\u00eda que lo enmarca en la evoluci\u00f3n de su disciplina, entre otros personajes destacados.<\/p>\n","protected":false},"excerpt":{"rendered":"<p>VEGUETA EDICIONES \/ REBOLLEDO, AINHOA<\/p>\n","protected":false},"featured_media":187151,"template":"","meta":{"_acf_changed":false,"om_disable_all_campaigns":false,"rs_blank_template":"","rs_page_bg_color":"","slide_template_v7":"","inline_featured_image":false,"_monsterinsights_skip_tracking":false,"_monsterinsights_sitenote_active":false,"_monsterinsights_sitenote_note":"","_monsterinsights_sitenote_category":0},"product_brand":[],"product_cat":[86],"product_tag":[],"class_list":{"0":"post-187150","1":"product","2":"type-product","3":"status-publish","4":"has-post-thumbnail","6":"product_cat-infantil","8":"first","9":"instock","10":"taxable","11":"shipping-taxable","12":"purchasable","13":"product-type-simple"},"acf":{"autor":"VEGUETA EDICIONES \/ REBOLLEDO, AINHOA","codart":"841713708","libros-coleccion":"Los \u00e1lbumes","ediciones":"1","encuadernacion":"Carton\u00e9","fecha_de_publicacion":"01\/03\/2018","novedad":"1","paginas":"34","subtitulo":"EL MAGO DE LA CIENCIA","orden":"0","portada":"0","idioma":"spa","editorial":[{"ID":6389,"post_author":"3","post_date":"2022-07-28 17:51:06","post_date_gmt":"2022-07-28 15:51:06","post_content":"","post_title":"VEGUETA EDICIONES","post_excerpt":"","post_status":"publish","comment_status":"closed","ping_status":"closed","post_password":"","post_name":"vegueta-ediciones","to_ping":"","pinged":"","post_modified":"2022-07-28 17:51:06","post_modified_gmt":"2022-07-28 15:51:06","post_content_filtered":"","post_parent":0,"guid":"http:\/\/dev.claret.cat\/editorial\/vegueta-ediciones\/","menu_order":0,"post_type":"editorial","post_mime_type":"","comment_count":"0","filter":"raw"}],"autores-libros":[{"ID":165333,"post_author":"3","post_date":"2022-10-14 17:54:20","post_date_gmt":"2022-10-14 15:54:20","post_content":"","post_title":"M\u00d3NICA RODR\u00cdGUEZ","post_excerpt":"","post_status":"publish","comment_status":"closed","ping_status":"closed","post_password":"","post_name":"monica-rodriguez","to_ping":"","pinged":"","post_modified":"2022-10-14 17:54:20","post_modified_gmt":"2022-10-14 15:54:20","post_content_filtered":"","post_parent":0,"guid":"http:\/\/dev.claret.cat\/autor\/monica-rodriguez\/","menu_order":0,"post_type":"autor","post_mime_type":"","comment_count":"0","filter":"raw"}]},"aioseo_notices":[],"_links":{"self":[{"href":"https:\/\/www.claret.cat\/es\/wp-json\/wp\/v2\/product\/187150","targetHints":{"allow":["GET"]}}],"collection":[{"href":"https:\/\/www.claret.cat\/es\/wp-json\/wp\/v2\/product"}],"about":[{"href":"https:\/\/www.claret.cat\/es\/wp-json\/wp\/v2\/types\/product"}],"wp:featuredmedia":[{"embeddable":true,"href":"https:\/\/www.claret.cat\/es\/wp-json\/wp\/v2\/media\/187151"}],"wp:attachment":[{"href":"https:\/\/www.claret.cat\/es\/wp-json\/wp\/v2\/media?parent=187150"}],"wp:term":[{"taxonomy":"product_brand","embeddable":true,"href":"https:\/\/www.claret.cat\/es\/wp-json\/wp\/v2\/product_brand?post=187150"},{"taxonomy":"product_cat","embeddable":true,"href":"https:\/\/www.claret.cat\/es\/wp-json\/wp\/v2\/product_cat?post=187150"},{"taxonomy":"product_tag","embeddable":true,"href":"https:\/\/www.claret.cat\/es\/wp-json\/wp\/v2\/product_tag?post=187150"}],"curies":[{"name":"wp","href":"https:\/\/api.w.org\/{rel}","templated":true}]}}