{"id":187189,"date":"2022-10-20T05:09:17","date_gmt":"2022-10-20T03:09:17","guid":{"rendered":"http:\/\/dev.claret.cat\/producte\/gonellisme\/"},"modified":"2023-01-28T22:06:34","modified_gmt":"2023-01-28T21:06:34","slug":"gonellisme-9788417113100","status":"publish","type":"product","link":"https:\/\/www.claret.cat\/es\/libro\/gonellisme-9788417113100\/","title":{"rendered":"GONELLISME"},"content":{"rendered":"<p>Aquest documentat i penetrant estudi tracta del fenomen socioling\u00fc\u00edstic conegut per gonellisme, mot que procedeix del pseud\u00f2nim Pep Gonella adoptat per l&#8217;advocat i pol\u00edtic Josep Zaforteza en la famosa pol\u00e8mica de l&#8217;any 1972 sobre la identitat ling\u00fc\u00edstica i l&#8217;estandaritzaci\u00f3 del catal\u00e0 a Mallorca. Avui el gonellisme fa refer\u00e8ncia als sectors contraris a la unitat de la llengua catalana o a la normalitzaci\u00f3 ling\u00fc\u00edstica a les Balears. <br \/> Dividit en tres grans parts, la primera est\u00e0 dedicada als or\u00edgens, als autors i activistes m\u00e9s destacats, a les publicacions m\u00e9s rellevants i als principis ideol\u00f2gics del gonellisme. La segona part exposa les queixes i reclamacions m\u00e9s habituals del gonellisme, i la seva manera d&#8217;actuar o treballar per a at\u00e8nyer les seves finalitats.\u00a0Finalment, en la tercera part l&#8217;autor examina i refuta els arguments i les afirmacions esgrimits pels gonellistes i anticatalanistes illencs.<\/p>\n","protected":false},"excerpt":{"rendered":"<p>CANYELLES FERR\u00c0, XAVIER<\/p>\n","protected":false},"featured_media":187190,"template":"","meta":{"_acf_changed":false,"om_disable_all_campaigns":false,"rs_blank_template":"","rs_page_bg_color":"","slide_template_v7":"","inline_featured_image":false,"_monsterinsights_skip_tracking":false,"_monsterinsights_sitenote_active":false,"_monsterinsights_sitenote_note":"","_monsterinsights_sitenote_category":0},"product_brand":[],"product_cat":[87],"product_tag":[],"class_list":{"0":"post-187189","1":"product","2":"type-product","3":"status-publish","4":"has-post-thumbnail","6":"product_cat-literatura","8":"first","9":"instock","10":"taxable","11":"shipping-taxable","12":"purchasable","13":"product-type-simple"},"acf":{"autor":"CANYELLES FERR\u00c0, XAVIER","codart":"841711310","libros-coleccion":"Arbre de mar","ediciones":"1","encuadernacion":"R\u00fastica","fecha_de_publicacion":"01\/03\/2018","novedad":"1","paginas":"462","subtitulo":"PARTICULARISME I SECESSIONISME LING\u00dc\u00cdSTICS A LES ILLES BALEARS","orden":"0","portada":"0","idioma":"cat","editorial":[{"ID":147749,"post_author":"3","post_date":"2022-10-14 11:52:56","post_date_gmt":"2022-10-14 09:52:56","post_content":"","post_title":"Documenta Balear","post_excerpt":"","post_status":"publish","comment_status":"closed","ping_status":"closed","post_password":"","post_name":"documenta-balear","to_ping":"","pinged":"","post_modified":"2022-10-14 11:52:56","post_modified_gmt":"2022-10-14 09:52:56","post_content_filtered":"","post_parent":0,"guid":"http:\/\/dev.claret.cat\/editorial\/documenta-balear\/","menu_order":0,"post_type":"editorial","post_mime_type":"","comment_count":"0","filter":"raw"}]},"aioseo_notices":[],"_links":{"self":[{"href":"https:\/\/www.claret.cat\/es\/wp-json\/wp\/v2\/product\/187189","targetHints":{"allow":["GET"]}}],"collection":[{"href":"https:\/\/www.claret.cat\/es\/wp-json\/wp\/v2\/product"}],"about":[{"href":"https:\/\/www.claret.cat\/es\/wp-json\/wp\/v2\/types\/product"}],"wp:featuredmedia":[{"embeddable":true,"href":"https:\/\/www.claret.cat\/es\/wp-json\/wp\/v2\/media\/187190"}],"wp:attachment":[{"href":"https:\/\/www.claret.cat\/es\/wp-json\/wp\/v2\/media?parent=187189"}],"wp:term":[{"taxonomy":"product_brand","embeddable":true,"href":"https:\/\/www.claret.cat\/es\/wp-json\/wp\/v2\/product_brand?post=187189"},{"taxonomy":"product_cat","embeddable":true,"href":"https:\/\/www.claret.cat\/es\/wp-json\/wp\/v2\/product_cat?post=187189"},{"taxonomy":"product_tag","embeddable":true,"href":"https:\/\/www.claret.cat\/es\/wp-json\/wp\/v2\/product_tag?post=187189"}],"curies":[{"name":"wp","href":"https:\/\/api.w.org\/{rel}","templated":true}]}}