{"id":187219,"date":"2022-10-20T05:09:45","date_gmt":"2022-10-20T03:09:45","guid":{"rendered":"http:\/\/dev.claret.cat\/producte\/las-manos-de-la-madre-deseo-fantasmas-y-herencia-de-lo-materno\/"},"modified":"2024-10-16T14:00:32","modified_gmt":"2024-10-16T12:00:32","slug":"las-manos-de-la-madre-deseo-fantasmas-y-herencia-de-lo-materno-9788433964205","status":"publish","type":"product","link":"https:\/\/www.claret.cat\/es\/libro\/las-manos-de-la-madre-deseo-fantasmas-y-herencia-de-lo-materno-9788433964205\/","title":{"rendered":"LAS MANOS DE LA MADRE. DESEO, FANTASMAS Y HERENCIA DE LO MATERNO"},"content":{"rendered":"<p>\u00bfPara qu\u00e9 sirven las manos de la madre? \u00bfPara acariciar, cuidar, acoger, seg\u00fan sostienen las interpretaciones can\u00f3nicas, o m\u00e1s bien para salvar al hijo del abismo de la falta de sentido? Despu\u00e9s de haber analizado en libros anteriores la transformaci\u00f3n de las figuras del padre y del hijo en nuestros d\u00edas, Massimo Recalcati aborda la \u00faltima pilastra de la tr\u00edada familiar. Y lo hace impelido por sus lectores y movido por su propio deseo de ser justo con las madres y reconocerles su papel, esencial e insustituible. Ahora bien, lejos de toda visi\u00f3n simplificadora, para Recalcati la madre es siempre una compleja figura de m\u00faltiples facetas, de la que no soslaya ni los lados luminosos ni los oscuros: la madre \u00e1ngel, pero tambi\u00e9n la madre cocodrilo; la madre castradora, pero tambi\u00e9n la que sabe desprenderse de su hijo; la madre narcisista, pero tambi\u00e9n la que es capaz de guiar al hijo en la adopci\u00f3n simb\u00f3lica de la vida. Para ello nos presenta una caleidosc\u00f3pica galer\u00eda de figuras maternas, extra\u00eddas de su experiencia cl\u00ednica y de la actualidad, pero tambi\u00e9n de la Biblia, de libros y pel\u00edculas y, en \u00faltima instancia, de su propia vida, presente aqu\u00ed como en ninguna otra de sus obras.As\u00ed, nos ayuda a reconocer el perfil de una madre real, no ideal, cuyos mil rostros representan en realidad uno solo, aquel en el que el hijo sabe reconocer el suyo propio. Y, sobre todo, subraya la importancia de no olvidar nunca, en contra de la interpretaci\u00f3n patriarcal de la madre asexuada y anulada como mera ama de cr\u00eda, que una madre nunca debe dejar de ser mujer, esposa y amante, y que la \u00fanica base posible de una maternidad sana es la feminidad.<\/p>\n","protected":false},"excerpt":{"rendered":"<p>RECALCATI, MASSIMO<\/p>\n","protected":false},"featured_media":187220,"template":"","meta":{"_acf_changed":false,"om_disable_all_campaigns":false,"rs_blank_template":"","rs_page_bg_color":"","slide_template_v7":"","inline_featured_image":false,"_monsterinsights_skip_tracking":false,"_monsterinsights_sitenote_active":false,"_monsterinsights_sitenote_note":"","_monsterinsights_sitenote_category":0},"product_brand":[],"product_cat":[100,550],"product_tag":[],"class_list":{"0":"post-187219","1":"product","2":"type-product","3":"status-publish","4":"has-post-thumbnail","6":"product_cat-escola-de-pares","7":"product_cat-escuela-de-padres-3_infantil-juvenil-spa-spa","9":"first","10":"instock","11":"taxable","12":"shipping-taxable","13":"purchasable","14":"product-type-simple"},"acf":{"autor":"RECALCATI, MASSIMO","codart":"843396420","libros-coleccion":"Argumentos","ediciones":"1","encuadernacion":"R\u00fastica","fecha_de_publicacion":"01\/03\/2018","novedad":"1","paginas":"195","subtitulo":"","orden":"0","portada":"0","idioma":"spa","editorial":[{"ID":147922,"post_author":"3","post_date":"2022-10-14 11:54:16","post_date_gmt":"2022-10-14 09:54:16","post_content":"","post_title":"Editorial Anagrama","post_excerpt":"","post_status":"publish","comment_status":"closed","ping_status":"closed","post_password":"","post_name":"editorial-anagrama","to_ping":"","pinged":"","post_modified":"2022-10-14 11:54:16","post_modified_gmt":"2022-10-14 09:54:16","post_content_filtered":"","post_parent":0,"guid":"http:\/\/dev.claret.cat\/editorial\/editorial-anagrama\/","menu_order":0,"post_type":"editorial","post_mime_type":"","comment_count":"0","filter":"raw"}],"autores-libros":[{"ID":164414,"post_author":"3","post_date":"2022-10-14 17:46:52","post_date_gmt":"2022-10-14 15:46:52","post_content":"","post_title":"MASSIMO RECALCATI","post_excerpt":"","post_status":"publish","comment_status":"closed","ping_status":"closed","post_password":"","post_name":"massimo-recalcati","to_ping":"","pinged":"","post_modified":"2022-10-14 17:46:52","post_modified_gmt":"2022-10-14 15:46:52","post_content_filtered":"","post_parent":0,"guid":"http:\/\/dev.claret.cat\/autor\/massimo-recalcati\/","menu_order":0,"post_type":"autor","post_mime_type":"","comment_count":"0","filter":"raw"}]},"aioseo_notices":[],"_links":{"self":[{"href":"https:\/\/www.claret.cat\/es\/wp-json\/wp\/v2\/product\/187219","targetHints":{"allow":["GET"]}}],"collection":[{"href":"https:\/\/www.claret.cat\/es\/wp-json\/wp\/v2\/product"}],"about":[{"href":"https:\/\/www.claret.cat\/es\/wp-json\/wp\/v2\/types\/product"}],"wp:featuredmedia":[{"embeddable":true,"href":"https:\/\/www.claret.cat\/es\/wp-json\/wp\/v2\/media\/187220"}],"wp:attachment":[{"href":"https:\/\/www.claret.cat\/es\/wp-json\/wp\/v2\/media?parent=187219"}],"wp:term":[{"taxonomy":"product_brand","embeddable":true,"href":"https:\/\/www.claret.cat\/es\/wp-json\/wp\/v2\/product_brand?post=187219"},{"taxonomy":"product_cat","embeddable":true,"href":"https:\/\/www.claret.cat\/es\/wp-json\/wp\/v2\/product_cat?post=187219"},{"taxonomy":"product_tag","embeddable":true,"href":"https:\/\/www.claret.cat\/es\/wp-json\/wp\/v2\/product_tag?post=187219"}],"curies":[{"name":"wp","href":"https:\/\/api.w.org\/{rel}","templated":true}]}}