{"id":187249,"date":"2022-10-20T05:10:12","date_gmt":"2022-10-20T03:10:12","guid":{"rendered":"http:\/\/dev.claret.cat\/producte\/els-petits-mediadors\/"},"modified":"2024-11-27T16:10:51","modified_gmt":"2024-11-27T15:10:51","slug":"els-petits-mediadors-9788417091491","status":"publish","type":"product","link":"https:\/\/www.claret.cat\/es\/libro\/els-petits-mediadors-9788417091491\/","title":{"rendered":"ELS PETITS MEDIADORS"},"content":{"rendered":"<p>Llibre de contes il\u00b7lustrats acompanyats de material did\u00e0ctic que t\u00e9 per objectiu donar a con\u00e8ixer als infants i als seus educadors les principals eines que utilitzen els mediadors quan ajuden els qui es troben en conflicte.<br \/> Els protagonistes dels contes es veuran immersos, per atzar, dins els conflictes de diversos i, de vegades, curiosos personatges. Amb la seva intu\u00efci\u00f3 i el seu saber fer intentaran ajudar-los, ho aconseguiran?<\/p>\n","protected":false},"excerpt":{"rendered":"<p>GARRIGA DE AHUMADA, MARIONA<\/p>\n","protected":false},"featured_media":187250,"template":"","meta":{"_acf_changed":false,"om_disable_all_campaigns":false,"rs_blank_template":"","rs_page_bg_color":"","slide_template_v7":"","inline_featured_image":false,"_monsterinsights_skip_tracking":false,"_monsterinsights_sitenote_active":false,"_monsterinsights_sitenote_note":"","_monsterinsights_sitenote_category":0},"product_brand":[],"product_cat":[86,352],"product_tag":[],"class_list":{"0":"post-187249","1":"product","2":"type-product","3":"status-publish","4":"has-post-thumbnail","6":"product_cat-infantil","7":"product_cat-infantil-3_infantil-juvenil-spa","9":"first","10":"instock","11":"taxable","12":"shipping-taxable","13":"purchasable","14":"product-type-simple"},"acf":{"autor":"GARRIGA DE AHUMADA, MARIONA","codart":"841709149","libros-coleccion":"","ediciones":"1","encuadernacion":"R\u00fastica","fecha_de_publicacion":"01\/03\/2018","novedad":"1","paginas":"86","subtitulo":"EINES PER AJUDAR ELS INFANTS A GESTIONAR ELS CONFLICTES","orden":"0","portada":"0","idioma":"cat","editorial":[{"ID":148775,"post_author":"3","post_date":"2022-10-14 12:00:53","post_date_gmt":"2022-10-14 10:00:53","post_content":"","post_title":"Salvatella","post_excerpt":"","post_status":"publish","comment_status":"closed","ping_status":"closed","post_password":"","post_name":"salvatella","to_ping":"","pinged":"","post_modified":"2022-10-14 12:00:53","post_modified_gmt":"2022-10-14 10:00:53","post_content_filtered":"","post_parent":0,"guid":"http:\/\/dev.claret.cat\/editorial\/salvatella\/","menu_order":0,"post_type":"editorial","post_mime_type":"","comment_count":"0","filter":"raw"}],"autores-libros":[{"ID":164016,"post_author":"3","post_date":"2022-10-14 17:43:41","post_date_gmt":"2022-10-14 15:43:41","post_content":"","post_title":"MARIONA GARRIGA DE AHUMADA","post_excerpt":"","post_status":"publish","comment_status":"closed","ping_status":"closed","post_password":"","post_name":"mariona-garriga-de-ahumada","to_ping":"","pinged":"","post_modified":"2022-10-14 17:43:41","post_modified_gmt":"2022-10-14 15:43:41","post_content_filtered":"","post_parent":0,"guid":"http:\/\/dev.claret.cat\/autor\/mariona-garriga-de-ahumada\/","menu_order":0,"post_type":"autor","post_mime_type":"","comment_count":"0","filter":"raw"}]},"aioseo_notices":[],"_links":{"self":[{"href":"https:\/\/www.claret.cat\/es\/wp-json\/wp\/v2\/product\/187249","targetHints":{"allow":["GET"]}}],"collection":[{"href":"https:\/\/www.claret.cat\/es\/wp-json\/wp\/v2\/product"}],"about":[{"href":"https:\/\/www.claret.cat\/es\/wp-json\/wp\/v2\/types\/product"}],"wp:featuredmedia":[{"embeddable":true,"href":"https:\/\/www.claret.cat\/es\/wp-json\/wp\/v2\/media\/187250"}],"wp:attachment":[{"href":"https:\/\/www.claret.cat\/es\/wp-json\/wp\/v2\/media?parent=187249"}],"wp:term":[{"taxonomy":"product_brand","embeddable":true,"href":"https:\/\/www.claret.cat\/es\/wp-json\/wp\/v2\/product_brand?post=187249"},{"taxonomy":"product_cat","embeddable":true,"href":"https:\/\/www.claret.cat\/es\/wp-json\/wp\/v2\/product_cat?post=187249"},{"taxonomy":"product_tag","embeddable":true,"href":"https:\/\/www.claret.cat\/es\/wp-json\/wp\/v2\/product_tag?post=187249"}],"curies":[{"name":"wp","href":"https:\/\/api.w.org\/{rel}","templated":true}]}}