{"id":187303,"date":"2022-10-20T05:11:05","date_gmt":"2022-10-20T03:11:05","guid":{"rendered":"http:\/\/dev.claret.cat\/producte\/secret-kingdom-32-la-petxina-de-plata\/"},"modified":"2025-01-31T18:26:02","modified_gmt":"2025-01-31T17:26:02","slug":"secret-kingdom-32-la-petxina-de-plata-9788424661984","status":"publish","type":"product","link":"https:\/\/www.claret.cat\/es\/libro\/secret-kingdom-32-la-petxina-de-plata-9788424661984\/","title":{"rendered":"SECRET KINGDOM 32. LA PETXINA DE PLATA"},"content":{"rendered":"<p>La reina Mal\u00edcia est\u00e0 decidida a fer desapar\u00e8ixer la m\u00e0gia bona del Regne Secret. La sorra del rellotge continua caient, i les tres amigues han de trobar el segon Objecte Encantat per a engegar a rodar els plans de la malvada reina. Aconseguiran trobar la petxina amagada al fons del mar?<\/p>\n","protected":false},"excerpt":{"rendered":"<p>BANKS, ROSIE<\/p>\n","protected":false},"featured_media":187304,"template":"","meta":{"_acf_changed":false,"om_disable_all_campaigns":false,"rs_blank_template":"","rs_page_bg_color":"","slide_template_v7":"","inline_featured_image":false,"_monsterinsights_skip_tracking":false,"_monsterinsights_sitenote_active":false,"_monsterinsights_sitenote_note":"","_monsterinsights_sitenote_category":0},"product_brand":[],"product_cat":[86,352],"product_tag":[],"class_list":{"0":"post-187303","1":"product","2":"type-product","3":"status-publish","4":"has-post-thumbnail","6":"product_cat-infantil","7":"product_cat-infantil-3_infantil-juvenil-spa","9":"first","10":"instock","11":"taxable","12":"shipping-taxable","13":"purchasable","14":"product-type-simple"},"acf":{"autor":"BANKS, ROSIE","codart":"842466198","libros-coleccion":"Secret Kingdom","ediciones":"1","encuadernacion":"R\u00fastica","fecha_de_publicacion":"01\/03\/2018","novedad":"1","paginas":"0","subtitulo":"","orden":"0","portada":"0","idioma":"cat","editorial":[{"ID":148189,"post_author":"3","post_date":"2022-10-14 11:56:19","post_date_gmt":"2022-10-14 09:56:19","post_content":"","post_title":"GALERA, EDITORIAL","post_excerpt":"","post_status":"publish","comment_status":"closed","ping_status":"closed","post_password":"","post_name":"galera-editorial","to_ping":"","pinged":"","post_modified":"2022-10-14 11:56:19","post_modified_gmt":"2022-10-14 09:56:19","post_content_filtered":"","post_parent":0,"guid":"http:\/\/dev.claret.cat\/editorial\/galera-editorial\/","menu_order":0,"post_type":"editorial","post_mime_type":"","comment_count":"0","filter":"raw"}],"autores-libros":[{"ID":168598,"post_author":"3","post_date":"2022-10-14 22:20:24","post_date_gmt":"2022-10-14 20:20:24","post_content":"","post_title":"ROSIE BANKS","post_excerpt":"","post_status":"publish","comment_status":"closed","ping_status":"closed","post_password":"","post_name":"rosie-banks","to_ping":"","pinged":"","post_modified":"2022-10-14 22:20:24","post_modified_gmt":"2022-10-14 20:20:24","post_content_filtered":"","post_parent":0,"guid":"http:\/\/dev.claret.cat\/autor\/rosie-banks\/","menu_order":0,"post_type":"autor","post_mime_type":"","comment_count":"0","filter":"raw"}]},"aioseo_notices":[],"_links":{"self":[{"href":"https:\/\/www.claret.cat\/es\/wp-json\/wp\/v2\/product\/187303","targetHints":{"allow":["GET"]}}],"collection":[{"href":"https:\/\/www.claret.cat\/es\/wp-json\/wp\/v2\/product"}],"about":[{"href":"https:\/\/www.claret.cat\/es\/wp-json\/wp\/v2\/types\/product"}],"wp:featuredmedia":[{"embeddable":true,"href":"https:\/\/www.claret.cat\/es\/wp-json\/wp\/v2\/media\/187304"}],"wp:attachment":[{"href":"https:\/\/www.claret.cat\/es\/wp-json\/wp\/v2\/media?parent=187303"}],"wp:term":[{"taxonomy":"product_brand","embeddable":true,"href":"https:\/\/www.claret.cat\/es\/wp-json\/wp\/v2\/product_brand?post=187303"},{"taxonomy":"product_cat","embeddable":true,"href":"https:\/\/www.claret.cat\/es\/wp-json\/wp\/v2\/product_cat?post=187303"},{"taxonomy":"product_tag","embeddable":true,"href":"https:\/\/www.claret.cat\/es\/wp-json\/wp\/v2\/product_tag?post=187303"}],"curies":[{"name":"wp","href":"https:\/\/api.w.org\/{rel}","templated":true}]}}