{"id":187534,"date":"2022-10-20T05:14:49","date_gmt":"2022-10-20T03:14:49","guid":{"rendered":"http:\/\/dev.claret.cat\/producte\/barcelona-rara-aviscat\/"},"modified":"2023-01-28T08:54:30","modified_gmt":"2023-01-28T07:54:30","slug":"barcelona-rara-aviscat-9788417188290","status":"publish","type":"product","link":"https:\/\/www.claret.cat\/es\/libro\/barcelona-rara-aviscat-9788417188290\/","title":{"rendered":"BARCELONA RARA AVIS(CAT)"},"content":{"rendered":"<p>Aix\u00f2 no \u00e9s cap llibre d&#8217;hist\u00f2ria. Tampoc no \u00e9s una guia tur\u00edstica i encara menys un estudi rigor\u00f3s de cap tema relacionat amb la ciutat. Aix\u00f2 \u00e9s un llibre de visites. De visites a diferents racons de Barcelona, a cops de la m\u00e0 d&#8217;algun personatge hist\u00f2ric, a cops rere la pista d&#8217;un succ\u00e9s estrany, a cops per parlar del que s&#8217;hi fa, o s&#8217;hi feia, en el passat, en un determinat edifici. I no, no \u00e9s un llibre m\u00e9s sobre Barcelona. El llibre que m\u00e9s s&#8217;estima la ciutat.<\/p>\n","protected":false},"excerpt":{"rendered":"<p>GARC\u00cdA SOTERAS, ANNA<\/p>\n","protected":false},"featured_media":187535,"template":"","meta":{"_acf_changed":false,"om_disable_all_campaigns":false,"rs_blank_template":"","rs_page_bg_color":"","slide_template_v7":"","inline_featured_image":false,"_monsterinsights_skip_tracking":false,"_monsterinsights_sitenote_active":false,"_monsterinsights_sitenote_note":"","_monsterinsights_sitenote_category":0},"product_brand":[],"product_cat":[107],"product_tag":[],"class_list":{"0":"post-187534","1":"product","2":"type-product","3":"status-publish","4":"has-post-thumbnail","6":"product_cat-guies-de-viatge","8":"first","9":"instock","10":"taxable","11":"shipping-taxable","12":"purchasable","13":"product-type-simple"},"acf":{"autor":"GARC\u00cdA SOTERAS, ANNA","codart":"841718829","libros-coleccion":"","ediciones":"1","encuadernacion":"R\u00fastica","fecha_de_publicacion":"01\/03\/2018","novedad":"1","paginas":"236","subtitulo":"LA CIUTAT M\u00c9S CURIOSA EN 101 VISITES","orden":"0","portada":"0","idioma":"cat","editorial":[{"ID":6222,"post_author":"3","post_date":"2022-07-28 17:47:31","post_date_gmt":"2022-07-28 15:47:31","post_content":"","post_title":"Editorial Comanegra","post_excerpt":"","post_status":"publish","comment_status":"closed","ping_status":"closed","post_password":"","post_name":"editorial-comanegra","to_ping":"","pinged":"","post_modified":"2022-07-28 17:47:31","post_modified_gmt":"2022-07-28 15:47:31","post_content_filtered":"","post_parent":0,"guid":"http:\/\/dev.claret.cat\/editorial\/editorial-comanegra\/","menu_order":0,"post_type":"editorial","post_mime_type":"","comment_count":"0","filter":"raw"}],"autores-libros":[{"ID":150576,"post_author":"3","post_date":"2022-10-14 14:34:04","post_date_gmt":"2022-10-14 12:34:04","post_content":"","post_title":"ANNA GARCIA SOTERAS","post_excerpt":"","post_status":"publish","comment_status":"closed","ping_status":"closed","post_password":"","post_name":"anna-garcia-soteras","to_ping":"","pinged":"","post_modified":"2022-10-14 14:34:04","post_modified_gmt":"2022-10-14 12:34:04","post_content_filtered":"","post_parent":0,"guid":"http:\/\/dev.claret.cat\/autor\/anna-garcia-soteras\/","menu_order":0,"post_type":"autor","post_mime_type":"","comment_count":"0","filter":"raw"}]},"aioseo_notices":[],"_links":{"self":[{"href":"https:\/\/www.claret.cat\/es\/wp-json\/wp\/v2\/product\/187534","targetHints":{"allow":["GET"]}}],"collection":[{"href":"https:\/\/www.claret.cat\/es\/wp-json\/wp\/v2\/product"}],"about":[{"href":"https:\/\/www.claret.cat\/es\/wp-json\/wp\/v2\/types\/product"}],"wp:featuredmedia":[{"embeddable":true,"href":"https:\/\/www.claret.cat\/es\/wp-json\/wp\/v2\/media\/187535"}],"wp:attachment":[{"href":"https:\/\/www.claret.cat\/es\/wp-json\/wp\/v2\/media?parent=187534"}],"wp:term":[{"taxonomy":"product_brand","embeddable":true,"href":"https:\/\/www.claret.cat\/es\/wp-json\/wp\/v2\/product_brand?post=187534"},{"taxonomy":"product_cat","embeddable":true,"href":"https:\/\/www.claret.cat\/es\/wp-json\/wp\/v2\/product_cat?post=187534"},{"taxonomy":"product_tag","embeddable":true,"href":"https:\/\/www.claret.cat\/es\/wp-json\/wp\/v2\/product_tag?post=187534"}],"curies":[{"name":"wp","href":"https:\/\/api.w.org\/{rel}","templated":true}]}}