{"id":187537,"date":"2022-10-20T05:14:52","date_gmt":"2022-10-20T03:14:52","guid":{"rendered":"http:\/\/dev.claret.cat\/producte\/barcelona-rara-avis\/"},"modified":"2023-01-28T23:10:59","modified_gmt":"2023-01-28T22:10:59","slug":"barcelona-rara-avis-9788417188306","status":"publish","type":"product","link":"https:\/\/www.claret.cat\/es\/libro\/barcelona-rara-avis-9788417188306\/","title":{"rendered":"BARCELONA RARA AVIS"},"content":{"rendered":"<p>Este no es un libro de historia. Tampoco es una gu\u00eda tur\u00edstica ni mucho menos un estudio riguroso de ning\u00fan tema relacionado con la ciudad. Este es un libro de visitas. De visitas a distintos rincones de Barcelona, a veces de la mano de alg\u00fan personaje hist\u00f3rico, a veces tras la pista de un suceso raro, a veces para hablar de lo que se hace, o se hac\u00eda en el pasado, en cierto lugar. Y no, no es un libro m\u00e1s sobre Barcelona.<br \/> El libro que m\u00e1s ama la ciudad.<\/p>\n","protected":false},"excerpt":{"rendered":"<p>GARC\u00cdA SOTERAS, ANNA<\/p>\n","protected":false},"featured_media":187538,"template":"","meta":{"_acf_changed":false,"om_disable_all_campaigns":false,"rs_blank_template":"","rs_page_bg_color":"","slide_template_v7":"","inline_featured_image":false,"_monsterinsights_skip_tracking":false,"_monsterinsights_sitenote_active":false,"_monsterinsights_sitenote_note":"","_monsterinsights_sitenote_category":0},"product_brand":[],"product_cat":[107],"product_tag":[],"class_list":{"0":"post-187537","1":"product","2":"type-product","3":"status-publish","4":"has-post-thumbnail","6":"product_cat-guies-de-viatge","8":"first","9":"instock","10":"taxable","11":"shipping-taxable","12":"purchasable","13":"product-type-simple"},"acf":{"autor":"GARC\u00cdA SOTERAS, ANNA","codart":"841718830","libros-coleccion":"","ediciones":"1","encuadernacion":"R\u00fastica","fecha_de_publicacion":"01\/03\/2018","novedad":"1","paginas":"236","subtitulo":"LA CIUDAD M\u00c1S CURIOSA EN 101 VISITAS","orden":"0","portada":"0","idioma":"spa","editorial":[{"ID":6222,"post_author":"3","post_date":"2022-07-28 17:47:31","post_date_gmt":"2022-07-28 15:47:31","post_content":"","post_title":"Editorial Comanegra","post_excerpt":"","post_status":"publish","comment_status":"closed","ping_status":"closed","post_password":"","post_name":"editorial-comanegra","to_ping":"","pinged":"","post_modified":"2022-07-28 17:47:31","post_modified_gmt":"2022-07-28 15:47:31","post_content_filtered":"","post_parent":0,"guid":"http:\/\/dev.claret.cat\/editorial\/editorial-comanegra\/","menu_order":0,"post_type":"editorial","post_mime_type":"","comment_count":"0","filter":"raw"}],"autores-libros":[{"ID":150576,"post_author":"3","post_date":"2022-10-14 14:34:04","post_date_gmt":"2022-10-14 12:34:04","post_content":"","post_title":"ANNA GARCIA SOTERAS","post_excerpt":"","post_status":"publish","comment_status":"closed","ping_status":"closed","post_password":"","post_name":"anna-garcia-soteras","to_ping":"","pinged":"","post_modified":"2022-10-14 14:34:04","post_modified_gmt":"2022-10-14 12:34:04","post_content_filtered":"","post_parent":0,"guid":"http:\/\/dev.claret.cat\/autor\/anna-garcia-soteras\/","menu_order":0,"post_type":"autor","post_mime_type":"","comment_count":"0","filter":"raw"}]},"aioseo_notices":[],"_links":{"self":[{"href":"https:\/\/www.claret.cat\/es\/wp-json\/wp\/v2\/product\/187537","targetHints":{"allow":["GET"]}}],"collection":[{"href":"https:\/\/www.claret.cat\/es\/wp-json\/wp\/v2\/product"}],"about":[{"href":"https:\/\/www.claret.cat\/es\/wp-json\/wp\/v2\/types\/product"}],"wp:featuredmedia":[{"embeddable":true,"href":"https:\/\/www.claret.cat\/es\/wp-json\/wp\/v2\/media\/187538"}],"wp:attachment":[{"href":"https:\/\/www.claret.cat\/es\/wp-json\/wp\/v2\/media?parent=187537"}],"wp:term":[{"taxonomy":"product_brand","embeddable":true,"href":"https:\/\/www.claret.cat\/es\/wp-json\/wp\/v2\/product_brand?post=187537"},{"taxonomy":"product_cat","embeddable":true,"href":"https:\/\/www.claret.cat\/es\/wp-json\/wp\/v2\/product_cat?post=187537"},{"taxonomy":"product_tag","embeddable":true,"href":"https:\/\/www.claret.cat\/es\/wp-json\/wp\/v2\/product_tag?post=187537"}],"curies":[{"name":"wp","href":"https:\/\/api.w.org\/{rel}","templated":true}]}}