{"id":187606,"date":"2022-10-20T05:16:00","date_gmt":"2022-10-20T03:16:00","guid":{"rendered":"http:\/\/dev.claret.cat\/producte\/mary-shelley-i-el-monstre-de-frankenstein\/"},"modified":"2023-01-28T08:26:37","modified_gmt":"2023-01-28T07:26:37","slug":"mary-shelley-i-el-monstre-de-frankenstein-9788417214227","status":"publish","type":"product","link":"https:\/\/www.claret.cat\/es\/libro\/mary-shelley-i-el-monstre-de-frankenstein-9788417214227\/","title":{"rendered":"MARY SHELLEY I EL MONSTRE DE FRANKENSTEIN"},"content":{"rendered":"<p>Una mirada contempor\u00e0nia a la vida i l&#8217;obra de Mary Shelley i al seu monstre immortal.\u00a0  \u00abM\u00e9s enll\u00e0 de les justes reivindicacions de la cr\u00edtica feminista, m\u00e9s enll\u00e0 dels fills leg\u00edtims i bastards a la cultura popular, m\u00e9s enll\u00e0 dels abusos biogr\u00e0fics que s&#8217;han com\u00e8s i es cometen a partir de la seva extraordin\u00e0ria vida, Mary Shelley \u00e9s una de les grans escriptores de la hist\u00f2ria, [&#8230;] un dels m\u00e9s grans escriptors que han existit.\u00bb  Als dos-cents anys de la publicaci\u00f3 de Frankenstein, aquest riqu\u00edssim assaig literari de Ricard Ruiz Garz\u00f3n presenta Mary Shelley i la seva criatura m\u00e9s famosa, reprodu\u00efda incessantment per la cultura popular contempor\u00e0nia en pel\u00b7l\u00edcules, llibres, s\u00e8ries, etc. L&#8217;autor ha sabut cosir la vida, l&#8217;obra i les idees de Mary Shelley amb altres monstres literaris i amb els nostres monstres personals. Un aut\u00e8ntic llibre-Frankenstein.<\/p>\n","protected":false},"excerpt":{"rendered":"<p>RUIZ GARZ\u00d3N, RICARD<\/p>\n","protected":false},"featured_media":317788,"template":"","meta":{"_acf_changed":false,"om_disable_all_campaigns":false,"rs_blank_template":"","rs_page_bg_color":"","slide_template_v7":"","inline_featured_image":false,"_monsterinsights_skip_tracking":false,"_monsterinsights_sitenote_active":false,"_monsterinsights_sitenote_note":"","_monsterinsights_sitenote_category":0},"product_brand":[],"product_cat":[353,87],"product_tag":[],"class_list":{"0":"post-187606","1":"product","2":"type-product","3":"status-publish","4":"has-post-thumbnail","6":"product_cat-literatura-2_humanidades","7":"product_cat-literatura","9":"first","10":"instock","11":"taxable","12":"shipping-taxable","13":"purchasable","14":"product-type-simple"},"acf":{"autor":"RUIZ GARZ\u00d3N, RICARD","codart":"841721422","libros-coleccion":"Ara i Aqu\u00ed","ediciones":"1","encuadernacion":"R\u00fastica","fecha_de_publicacion":"01\/03\/2018","novedad":"1","paginas":"220","subtitulo":"","orden":"0","portada":"0","idioma":"cat","editorial":[{"ID":6122,"post_author":"3","post_date":"2022-07-28 17:45:22","post_date_gmt":"2022-07-28 15:45:22","post_content":"","post_title":"ANGLE EDITORIAL","post_excerpt":"","post_status":"publish","comment_status":"closed","ping_status":"closed","post_password":"","post_name":"angle-editorial","to_ping":"","pinged":"","post_modified":"2022-07-28 17:45:22","post_modified_gmt":"2022-07-28 15:45:22","post_content_filtered":"","post_parent":0,"guid":"http:\/\/dev.claret.cat\/editorial\/angle-editorial\/","menu_order":0,"post_type":"editorial","post_mime_type":"","comment_count":"0","filter":"raw"}],"autores-libros":[{"ID":168032,"post_author":"3","post_date":"2022-10-14 18:15:58","post_date_gmt":"2022-10-14 16:15:58","post_content":"","post_title":"RICARD RUIZ GARZON","post_excerpt":"","post_status":"publish","comment_status":"closed","ping_status":"closed","post_password":"","post_name":"ricard-ruiz-garzon","to_ping":"","pinged":"","post_modified":"2022-10-14 18:15:58","post_modified_gmt":"2022-10-14 16:15:58","post_content_filtered":"","post_parent":0,"guid":"http:\/\/dev.claret.cat\/autor\/ricard-ruiz-garzon\/","menu_order":0,"post_type":"autor","post_mime_type":"","comment_count":"0","filter":"raw"}]},"aioseo_notices":[],"_links":{"self":[{"href":"https:\/\/www.claret.cat\/es\/wp-json\/wp\/v2\/product\/187606","targetHints":{"allow":["GET"]}}],"collection":[{"href":"https:\/\/www.claret.cat\/es\/wp-json\/wp\/v2\/product"}],"about":[{"href":"https:\/\/www.claret.cat\/es\/wp-json\/wp\/v2\/types\/product"}],"wp:featuredmedia":[{"embeddable":true,"href":"https:\/\/www.claret.cat\/es\/wp-json\/wp\/v2\/media\/317788"}],"wp:attachment":[{"href":"https:\/\/www.claret.cat\/es\/wp-json\/wp\/v2\/media?parent=187606"}],"wp:term":[{"taxonomy":"product_brand","embeddable":true,"href":"https:\/\/www.claret.cat\/es\/wp-json\/wp\/v2\/product_brand?post=187606"},{"taxonomy":"product_cat","embeddable":true,"href":"https:\/\/www.claret.cat\/es\/wp-json\/wp\/v2\/product_cat?post=187606"},{"taxonomy":"product_tag","embeddable":true,"href":"https:\/\/www.claret.cat\/es\/wp-json\/wp\/v2\/product_tag?post=187606"}],"curies":[{"name":"wp","href":"https:\/\/api.w.org\/{rel}","templated":true}]}}