{"id":187609,"date":"2022-10-20T05:16:03","date_gmt":"2022-10-20T03:16:03","guid":{"rendered":"http:\/\/dev.claret.cat\/producte\/el-poema-de-la-rosa-als-llavis\/"},"modified":"2023-01-28T01:49:44","modified_gmt":"2023-01-28T00:49:44","slug":"el-poema-de-la-rosa-als-llavis-9788417214234","status":"publish","type":"product","link":"https:\/\/www.claret.cat\/es\/libro\/el-poema-de-la-rosa-als-llavis-9788417214234\/","title":{"rendered":"EL POEMA DE LA ROSA ALS LLAVIS"},"content":{"rendered":"<p>Pocs llibres de poesia han tingut la fortuna d&#8217;El poema de la rosa als llavis. Des de 1923 els lectors de cada generaci\u00f3 l&#8217;han llegit amb aut\u00e8ntica fru\u00efci\u00f3 i sempre hi han trobat respostes pertinents a un dels grans misteris: la passi\u00f3 amorosa.<br \/>La singular conflu\u00e8ncia de formes l\u00edriques tradicionals i innovacions avantguardistes proporcionen un encant irrepetible als poemes de Salvat: cal\u00b7ligrames, versos esglaonats, llenguatge abrandat i popular, total llibertat expressiva&#8230; El poeta recorre tot l&#8217;itinerari amor\u00f3s -del festeig al comiat- en una celebraci\u00f3 ardent de la vida, el desig i la figura sensual de la dona.<br \/>Angle Editorial presenta una edici\u00f3 especial d&#8217;aquest gran cl\u00e0ssic de la literatura catalana, amb il\u00b7lustracions noves i originals de Laura Borr\u00e0s Dalmau.<\/p>\n","protected":false},"excerpt":{"rendered":"<p>SALVAT-PAPASSEIT, JOAN<\/p>\n","protected":false},"featured_media":317790,"template":"","meta":{"_acf_changed":false,"om_disable_all_campaigns":false,"rs_blank_template":"","rs_page_bg_color":"","slide_template_v7":"","inline_featured_image":false,"_monsterinsights_skip_tracking":false,"_monsterinsights_sitenote_active":false,"_monsterinsights_sitenote_note":"","_monsterinsights_sitenote_category":0},"product_brand":[],"product_cat":[87,353],"product_tag":[],"class_list":{"0":"post-187609","1":"product","2":"type-product","3":"status-publish","4":"has-post-thumbnail","6":"product_cat-literatura","7":"product_cat-literatura-2_humanidades","9":"first","10":"instock","11":"taxable","12":"shipping-taxable","13":"purchasable","14":"product-type-simple"},"acf":{"autor":"SALVAT-PAPASSEIT, JOAN","codart":"841721423","libros-coleccion":"Altres","ediciones":"1","encuadernacion":"Carton\u00e9","fecha_de_publicacion":"01\/03\/2018","novedad":"1","paginas":"128","subtitulo":"","orden":"0","portada":"0","idioma":"cat","editorial":[{"ID":6122,"post_author":"3","post_date":"2022-07-28 17:45:22","post_date_gmt":"2022-07-28 15:45:22","post_content":"","post_title":"ANGLE EDITORIAL","post_excerpt":"","post_status":"publish","comment_status":"closed","ping_status":"closed","post_password":"","post_name":"angle-editorial","to_ping":"","pinged":"","post_modified":"2022-07-28 17:45:22","post_modified_gmt":"2022-07-28 15:45:22","post_content_filtered":"","post_parent":0,"guid":"http:\/\/dev.claret.cat\/editorial\/angle-editorial\/","menu_order":0,"post_type":"editorial","post_mime_type":"","comment_count":"0","filter":"raw"}],"autores-libros":[{"ID":159419,"post_author":"3","post_date":"2022-10-14 15:44:41","post_date_gmt":"2022-10-14 13:44:41","post_content":"","post_title":"JOAN SALVAT-PAPASSEIT","post_excerpt":"","post_status":"publish","comment_status":"closed","ping_status":"closed","post_password":"","post_name":"joan-salvat-papasseit","to_ping":"","pinged":"","post_modified":"2022-10-14 15:44:41","post_modified_gmt":"2022-10-14 13:44:41","post_content_filtered":"","post_parent":0,"guid":"http:\/\/dev.claret.cat\/autor\/joan-salvat-papasseit\/","menu_order":0,"post_type":"autor","post_mime_type":"","comment_count":"0","filter":"raw"}]},"aioseo_notices":[],"_links":{"self":[{"href":"https:\/\/www.claret.cat\/es\/wp-json\/wp\/v2\/product\/187609","targetHints":{"allow":["GET"]}}],"collection":[{"href":"https:\/\/www.claret.cat\/es\/wp-json\/wp\/v2\/product"}],"about":[{"href":"https:\/\/www.claret.cat\/es\/wp-json\/wp\/v2\/types\/product"}],"wp:featuredmedia":[{"embeddable":true,"href":"https:\/\/www.claret.cat\/es\/wp-json\/wp\/v2\/media\/317790"}],"wp:attachment":[{"href":"https:\/\/www.claret.cat\/es\/wp-json\/wp\/v2\/media?parent=187609"}],"wp:term":[{"taxonomy":"product_brand","embeddable":true,"href":"https:\/\/www.claret.cat\/es\/wp-json\/wp\/v2\/product_brand?post=187609"},{"taxonomy":"product_cat","embeddable":true,"href":"https:\/\/www.claret.cat\/es\/wp-json\/wp\/v2\/product_cat?post=187609"},{"taxonomy":"product_tag","embeddable":true,"href":"https:\/\/www.claret.cat\/es\/wp-json\/wp\/v2\/product_tag?post=187609"}],"curies":[{"name":"wp","href":"https:\/\/api.w.org\/{rel}","templated":true}]}}