{"id":187624,"date":"2022-10-20T05:16:19","date_gmt":"2022-10-20T03:16:19","guid":{"rendered":"http:\/\/dev.claret.cat\/producte\/100-dones-100-inspiracions-creatives\/"},"modified":"2025-02-01T01:05:32","modified_gmt":"2025-02-01T00:05:32","slug":"100-dones-100-inspiracions-creatives-9788483309902","status":"publish","type":"product","link":"https:\/\/www.claret.cat\/es\/libro\/100-dones-100-inspiracions-creatives-9788483309902\/","title":{"rendered":"100 DONES, 100 INSPIRACIONS CREATIVES"},"content":{"rendered":"<p>Artistes de llocs i d&#8217;\u00e8poques diferents parlen del fet creatiu, de la inspiraci\u00f3, del poder transformador de l&#8217;art i de molts altres aspectes del proc\u00e9s art\u00edstic. 100 idees inspiradores de 100 grans artistes, totes dones, moltes de les quals, fins ara, poc o gens conegudes.<br \/> \u00abEls artistes porten la vida que volen i ning\u00fa no els diu res; per\u00f2 si \u00e9s una dona qui ho fa, llavors tothom se&#8217;n sorpr\u00e8n.\u00bb Meret Oppenheim<\/p>\n","protected":false},"excerpt":{"rendered":"<p>GELONCH, ANTONI<\/p>\n","protected":false},"featured_media":187625,"template":"","meta":{"_acf_changed":false,"om_disable_all_campaigns":false,"rs_blank_template":"","rs_page_bg_color":"","slide_template_v7":"","inline_featured_image":false,"_monsterinsights_skip_tracking":false,"_monsterinsights_sitenote_active":false,"_monsterinsights_sitenote_note":"","_monsterinsights_sitenote_category":0},"product_brand":[],"product_cat":[105,555],"product_tag":[],"class_list":{"0":"post-187624","1":"product","2":"type-product","3":"status-publish","4":"has-post-thumbnail","6":"product_cat-regal","7":"product_cat-regalo","9":"first","10":"instock","11":"taxable","12":"shipping-taxable","13":"purchasable","14":"product-type-simple"},"acf":{"autor":"GELONCH, ANTONI","codart":"848330990","libros-coleccion":"Creativa","ediciones":"1","encuadernacion":"Carton\u00e9","fecha_de_publicacion":"01\/03\/2018","novedad":"1","paginas":"214","subtitulo":"","orden":"0","portada":"0","idioma":"cat","editorial":[{"ID":6392,"post_author":"3","post_date":"2022-07-28 17:51:10","post_date_gmt":"2022-07-28 15:51:10","post_content":"","post_title":"Viena","post_excerpt":"","post_status":"publish","comment_status":"closed","ping_status":"closed","post_password":"","post_name":"viena","to_ping":"","pinged":"","post_modified":"2022-07-28 17:51:10","post_modified_gmt":"2022-07-28 15:51:10","post_content_filtered":"","post_parent":0,"guid":"http:\/\/dev.claret.cat\/editorial\/viena\/","menu_order":0,"post_type":"editorial","post_mime_type":"","comment_count":"0","filter":"raw"}],"autores-libros":[{"ID":420391,"post_author":"3","post_date":"2023-05-16 00:47:38","post_date_gmt":"2023-05-15 22:47:38","post_content":"","post_title":"ANTONI GELONCH","post_excerpt":"","post_status":"publish","comment_status":"closed","ping_status":"closed","post_password":"","post_name":"antoni-gelonch","to_ping":"","pinged":"","post_modified":"2023-05-16 00:47:38","post_modified_gmt":"2023-05-15 22:47:38","post_content_filtered":"","post_parent":0,"guid":"https:\/\/www.claret.cat\/autor\/antoni-gelonch\/","menu_order":0,"post_type":"autor","post_mime_type":"","comment_count":"0","filter":"raw"}]},"aioseo_notices":[],"_links":{"self":[{"href":"https:\/\/www.claret.cat\/es\/wp-json\/wp\/v2\/product\/187624","targetHints":{"allow":["GET"]}}],"collection":[{"href":"https:\/\/www.claret.cat\/es\/wp-json\/wp\/v2\/product"}],"about":[{"href":"https:\/\/www.claret.cat\/es\/wp-json\/wp\/v2\/types\/product"}],"wp:featuredmedia":[{"embeddable":true,"href":"https:\/\/www.claret.cat\/es\/wp-json\/wp\/v2\/media\/187625"}],"wp:attachment":[{"href":"https:\/\/www.claret.cat\/es\/wp-json\/wp\/v2\/media?parent=187624"}],"wp:term":[{"taxonomy":"product_brand","embeddable":true,"href":"https:\/\/www.claret.cat\/es\/wp-json\/wp\/v2\/product_brand?post=187624"},{"taxonomy":"product_cat","embeddable":true,"href":"https:\/\/www.claret.cat\/es\/wp-json\/wp\/v2\/product_cat?post=187624"},{"taxonomy":"product_tag","embeddable":true,"href":"https:\/\/www.claret.cat\/es\/wp-json\/wp\/v2\/product_tag?post=187624"}],"curies":[{"name":"wp","href":"https:\/\/api.w.org\/{rel}","templated":true}]}}