{"id":187654,"date":"2022-10-20T05:16:49","date_gmt":"2022-10-20T03:16:49","guid":{"rendered":"http:\/\/dev.claret.cat\/producte\/la-batalla-por-leningrado\/"},"modified":"2023-01-28T05:12:13","modified_gmt":"2023-01-28T04:12:13","slug":"la-batalla-por-leningrado-9788494649974","status":"publish","type":"product","link":"https:\/\/www.claret.cat\/es\/libro\/la-batalla-por-leningrado-9788494649974\/","title":{"rendered":"LA BATALLA POR LENINGRADO"},"content":{"rendered":"<p>Durante la Segunda Guerra Mundial, Leningrado, la ciudad de los zares, cuna de la Revoluci\u00f3n rusa, tiene el dudoso honor de haber sufrido el que sin duda fue el asedio m\u00e1s importante de la historia de la humanidad, sobre todo si sumamos el n\u00famero de civiles que hab\u00eda en la urbe cuando se cerr\u00f3 el cerco \u20132.280.000, a los que hay que a\u00f1adir decenas de miles de soldados y marinos empe\u00f1ados en la defensa del frente\u2013; los escas\u00edsimos l\u00edmites a los que llegaron a caer las raciones alimenticias \u2013500 gramos de pan al d\u00eda para obreros y combatientes y la mitad para las personas dependientes\u2013; las atroces condiciones climatol\u00f3gicas, que llegaron a alcanzar los -40\u00baC; y la \u00e9pica de las intensas acciones que permitieron que la ciudad subsistiera y que, como nos cuenta David M. Glantz en La batalla por Leningrado. 900 d\u00edas sitiados por la Wehrmacht, fuera liberada.<br \/>Una de ellas, la \u00abcarretera de la vida\u00bb, es sin duda la m\u00e1s conocida. Una v\u00eda enterrada entre paredes de nieve acumulada, tendida sobre el hielo crujiente del lago de L\u00e1doga, recorrida por miles de camiones en un vaiv\u00e9n sin fin \u2013siempre sometidos a los ataques de la artiller\u00eda y de la aviaci\u00f3n germana, o al peligro de hundimiento que supon\u00eda un brusco deshielo\u2013 y vigilada por decenas de puestos de carretera, ocupados por hombres que, a la intemperie, guiaron a los suministradores hacia el destino correcto.<br \/>Todo ello forma parte del milagro de Leningrado y nos hace olvidar otra lucha a\u00fan m\u00e1s dura, la que desde N\u00f3vgorod al B\u00e1ltico sostuvieron los soldados de ambos bandos, entre los que se encontraron los espa\u00f1oles de la 250.\u00aa Divisi\u00f3n de infanter\u00eda (la Divisi\u00f3n Azul), combates en los que se centra La batalla por Leningrado. 900 d\u00edas sitiados por la Wehrmacht, que si bien no pretende negar el sufrimiento de quienes se hallaron en el interior del cerco, nos describe con el minucioso detalle caracter\u00edstico de David M. Glantz los intensos combates de quienes pugnaron por mantenerlo cerrado y de quienes consiguieron abrirlo.<\/p>\n","protected":false},"excerpt":{"rendered":"<p>GLANTZ, DAVID M.<\/p>\n","protected":false},"featured_media":187655,"template":"","meta":{"_acf_changed":false,"om_disable_all_campaigns":false,"rs_blank_template":"","rs_page_bg_color":"","slide_template_v7":"","inline_featured_image":false,"_monsterinsights_skip_tracking":false,"_monsterinsights_sitenote_active":false,"_monsterinsights_sitenote_note":"","_monsterinsights_sitenote_category":0},"product_brand":[],"product_cat":[85],"product_tag":[],"class_list":{"0":"post-187654","1":"product","2":"type-product","3":"status-publish","4":"has-post-thumbnail","6":"product_cat-historia","8":"first","9":"instock","10":"taxable","11":"shipping-taxable","12":"purchasable","13":"product-type-simple"},"acf":{"autor":"GLANTZ, DAVID M.","codart":"849464997","libros-coleccion":"Segunda Guerra Mundial","ediciones":"1","encuadernacion":"R\u00fastica","fecha_de_publicacion":"01\/03\/2018","novedad":"1","paginas":"715","subtitulo":"900 D\u00cdAS ASEDIADOS POR LA WEHRMACHT","orden":"0","portada":"0","idioma":"spa","editorial":[{"ID":6180,"post_author":"3","post_date":"2022-07-28 17:46:37","post_date_gmt":"2022-07-28 15:46:37","post_content":"","post_title":"Desperta Ferro Ediciones","post_excerpt":"","post_status":"publish","comment_status":"closed","ping_status":"closed","post_password":"","post_name":"desperta-ferro-ediciones","to_ping":"","pinged":"","post_modified":"2022-07-28 17:46:37","post_modified_gmt":"2022-07-28 15:46:37","post_content_filtered":"","post_parent":0,"guid":"http:\/\/dev.claret.cat\/editorial\/desperta-ferro-ediciones\/","menu_order":0,"post_type":"editorial","post_mime_type":"","comment_count":"0","filter":"raw"}],"autores-libros":[{"ID":153876,"post_author":"3","post_date":"2022-10-14 15:00:15","post_date_gmt":"2022-10-14 13:00:15","post_content":"","post_title":"DAVID M. GLANTZ","post_excerpt":"","post_status":"publish","comment_status":"closed","ping_status":"closed","post_password":"","post_name":"david-m-glantz","to_ping":"","pinged":"","post_modified":"2022-10-14 15:00:15","post_modified_gmt":"2022-10-14 13:00:15","post_content_filtered":"","post_parent":0,"guid":"http:\/\/dev.claret.cat\/autor\/david-m-glantz\/","menu_order":0,"post_type":"autor","post_mime_type":"","comment_count":"0","filter":"raw"}]},"aioseo_notices":[],"_links":{"self":[{"href":"https:\/\/www.claret.cat\/es\/wp-json\/wp\/v2\/product\/187654","targetHints":{"allow":["GET"]}}],"collection":[{"href":"https:\/\/www.claret.cat\/es\/wp-json\/wp\/v2\/product"}],"about":[{"href":"https:\/\/www.claret.cat\/es\/wp-json\/wp\/v2\/types\/product"}],"wp:featuredmedia":[{"embeddable":true,"href":"https:\/\/www.claret.cat\/es\/wp-json\/wp\/v2\/media\/187655"}],"wp:attachment":[{"href":"https:\/\/www.claret.cat\/es\/wp-json\/wp\/v2\/media?parent=187654"}],"wp:term":[{"taxonomy":"product_brand","embeddable":true,"href":"https:\/\/www.claret.cat\/es\/wp-json\/wp\/v2\/product_brand?post=187654"},{"taxonomy":"product_cat","embeddable":true,"href":"https:\/\/www.claret.cat\/es\/wp-json\/wp\/v2\/product_cat?post=187654"},{"taxonomy":"product_tag","embeddable":true,"href":"https:\/\/www.claret.cat\/es\/wp-json\/wp\/v2\/product_tag?post=187654"}],"curies":[{"name":"wp","href":"https:\/\/api.w.org\/{rel}","templated":true}]}}