{"id":187726,"date":"2022-10-20T05:18:01","date_gmt":"2022-10-20T03:18:01","guid":{"rendered":"http:\/\/dev.claret.cat\/producte\/salvemos-el-campamento-enchantimals-primeras-lecturas\/"},"modified":"2026-02-26T14:45:41","modified_gmt":"2026-02-26T13:45:41","slug":"salvemos-el-campamento-enchantimals-primeras-lecturas-9788448850241","status":"publish","type":"product","link":"https:\/\/www.claret.cat\/es\/libro\/salvemos-el-campamento-enchantimals-primeras-lecturas-9788448850241\/","title":{"rendered":"\u00a1SALVEMOS EL CAMPAMENTO! (ENCHANTIMALS. PRIMERAS LECTURAS)"},"content":{"rendered":"<p>Wonderwood es un mundo encantado donde los sue\u00f1os se hacen realidad. \u00a1Un mundo donde la amistad hace que todo sea posible! All\u00ed habitan las Enchantimals, con quienes vivir\u00e1s fant\u00e1sticas aventuras. En \u00a1Salvemos el campamento! Felicity Fox y Flick est\u00e1n impacientes por irse deacampada con sus amigas Enchantimals. Pero sus planes parecen venirse abajo cuando Bee, el \u00faltimo  invento de Bunny, precide que una gran tormenta se acerca a Wonderwood. \u00bfPodr\u00e1n las Enchantimals encontrar la soluci\u00f3n para poder disfrutar de su excursi\u00f3n sin mojarse? \u00a1Conoce a las Enchantimals y su mundo m\u00e1gico<br \/>donde los sue\u00f1os se hacen realidad! Con esta colecci\u00f3n de primeras lecturas, las peque\u00f1as lectoras compartir\u00e1n las aventuras y vivencias de las Enchantimals, aventuras  donde la amistad, la diversidad, la tolerancia y el trabajo en equipo conviven con la creatividad y la expresi\u00f3n art\u00edstica.<\/p>\n","protected":false},"excerpt":{"rendered":"<p>AAVV<\/p>\n","protected":false},"featured_media":187727,"template":"","meta":{"_acf_changed":false,"om_disable_all_campaigns":false,"rs_blank_template":"","rs_page_bg_color":"","slide_template_v7":"","inline_featured_image":false,"_monsterinsights_skip_tracking":false,"_monsterinsights_sitenote_active":false,"_monsterinsights_sitenote_note":"","_monsterinsights_sitenote_category":0},"product_brand":[],"product_cat":[352,86],"product_tag":[],"class_list":{"0":"post-187726","1":"product","2":"type-product","3":"status-publish","4":"has-post-thumbnail","6":"product_cat-infantil-3_infantil-juvenil-spa","7":"product_cat-infantil","9":"first","10":"instock","11":"taxable","12":"shipping-taxable","13":"purchasable","14":"product-type-simple"},"acf":{"autor":"AAVV","codart":"844885024","libros-coleccion":"Enchantimals","ediciones":"1","encuadernacion":"R\u00fastica","fecha_de_publicacion":"01\/03\/2018","novedad":"1","paginas":"128","subtitulo":"","orden":"0","portada":"0","idioma":"spa","editorial":[{"ID":6141,"post_author":"3","post_date":"2022-07-28 17:45:46","post_date_gmt":"2022-07-28 15:45:46","post_content":"","post_title":"BEASCOA","post_excerpt":"","post_status":"publish","comment_status":"closed","ping_status":"closed","post_password":"","post_name":"beascoa","to_ping":"","pinged":"","post_modified":"2022-07-28 17:45:46","post_modified_gmt":"2022-07-28 15:45:46","post_content_filtered":"","post_parent":0,"guid":"http:\/\/dev.claret.cat\/editorial\/beascoa\/","menu_order":0,"post_type":"editorial","post_mime_type":"","comment_count":"0","filter":"raw"}],"autores-libros":[{"ID":8279,"post_author":"3","post_date":"2022-09-30 09:47:23","post_date_gmt":"2022-09-30 07:47:23","post_content":"","post_title":"AAVV","post_excerpt":"","post_status":"publish","comment_status":"closed","ping_status":"closed","post_password":"","post_name":"aavv","to_ping":"","pinged":"","post_modified":"2022-09-30 09:47:23","post_modified_gmt":"2022-09-30 07:47:23","post_content_filtered":"","post_parent":0,"guid":"http:\/\/dev.claret.cat\/autor\/aavv\/","menu_order":0,"post_type":"autor","post_mime_type":"","comment_count":"0","filter":"raw"}],"booktrailer":"","resenas":""},"aioseo_notices":[],"_links":{"self":[{"href":"https:\/\/www.claret.cat\/es\/wp-json\/wp\/v2\/product\/187726","targetHints":{"allow":["GET"]}}],"collection":[{"href":"https:\/\/www.claret.cat\/es\/wp-json\/wp\/v2\/product"}],"about":[{"href":"https:\/\/www.claret.cat\/es\/wp-json\/wp\/v2\/types\/product"}],"wp:featuredmedia":[{"embeddable":true,"href":"https:\/\/www.claret.cat\/es\/wp-json\/wp\/v2\/media\/187727"}],"wp:attachment":[{"href":"https:\/\/www.claret.cat\/es\/wp-json\/wp\/v2\/media?parent=187726"}],"wp:term":[{"taxonomy":"product_brand","embeddable":true,"href":"https:\/\/www.claret.cat\/es\/wp-json\/wp\/v2\/product_brand?post=187726"},{"taxonomy":"product_cat","embeddable":true,"href":"https:\/\/www.claret.cat\/es\/wp-json\/wp\/v2\/product_cat?post=187726"},{"taxonomy":"product_tag","embeddable":true,"href":"https:\/\/www.claret.cat\/es\/wp-json\/wp\/v2\/product_tag?post=187726"}],"curies":[{"name":"wp","href":"https:\/\/api.w.org\/{rel}","templated":true}]}}