{"id":187759,"date":"2022-10-20T05:18:35","date_gmt":"2022-10-20T03:18:35","guid":{"rendered":"http:\/\/dev.claret.cat\/producte\/mi-dieta-ya-no-cojea\/"},"modified":"2023-01-28T01:32:32","modified_gmt":"2023-01-28T00:32:32","slug":"mi-dieta-ya-no-cojea-9788449334276","status":"publish","type":"product","link":"https:\/\/www.claret.cat\/es\/libro\/mi-dieta-ya-no-cojea-9788449334276\/","title":{"rendered":"MI DIETA YA NO COJEA"},"content":{"rendered":"<p>Alimentarse de forma correcta es muy complicado, m\u00e1s aun teniendo en cuenta que vivimos rodeados de mitos y peque\u00f1os enga\u00f1os relacionados con la nutrici\u00f3n que lo convierten en una tarea m\u00e1s ardua si cabe. En Mi dieta cojea, Aitor S\u00e1nchez nos demostr\u00f3 que desmontar estos mitos no es tan dif\u00edcil y que dejar de comer tan mal como lo hacemos es posible. Pero \u00bfc\u00f3mo? En este nuevo libro, el nutricionista de moda nos propone diez sencillos pasos para recuperar el control y conseguir que nuestra dieta deje por fin de cojear. Dividido en tres niveles y un bonus track especial para nutrifrikis, aprenderemos no solo a reorganizar nuestra despensa o a leer etiquetas, sino que adem\u00e1s descubriremos recetas muy \u00fatiles y consejos pr\u00e1cticos para ordenar el caos nutricional en el que nos ha sumido la industria. Los m\u00e1s atrevidos, adem\u00e1s, tendr\u00e1n la oportunidad de aprender c\u00f3mo conseguir que sus necesidades nutricionales vayan de la mano de sus m\u00e1s profundas convicciones pol\u00edticas, sociales y medioambientales. \u00a1Ha llegado el momento de dar un nuevo paso y ponernos manos a la obra! Y es que Mi dieta ya no cojea es mucho m\u00e1s que un libro, es una gu\u00eda pr\u00e1ctica con la que podremos armarnos de recursos para combatir las adversidades nutricionales que acechan en cada esquina y conseguir por fin llevar una dieta saludable.<\/p>\n","protected":false},"excerpt":{"rendered":"<p>S\u00c1NCHEZ GARC\u00cdA, AITOR<\/p>\n","protected":false},"featured_media":187760,"template":"","meta":{"_acf_changed":false,"om_disable_all_campaigns":false,"rs_blank_template":"","rs_page_bg_color":"","slide_template_v7":"","inline_featured_image":false,"_monsterinsights_skip_tracking":false,"_monsterinsights_sitenote_active":false,"_monsterinsights_sitenote_note":"","_monsterinsights_sitenote_category":0},"product_brand":[],"product_cat":[97],"product_tag":[],"class_list":{"0":"post-187759","1":"product","2":"type-product","3":"status-publish","4":"has-post-thumbnail","6":"product_cat-salut","8":"first","9":"instock","10":"taxable","11":"shipping-taxable","12":"purchasable","13":"product-type-simple"},"acf":{"autor":"S\u00c1NCHEZ GARC\u00cdA, AITOR","codart":"844933427","libros-coleccion":"Divulgaci\u00f3n-Autoayuda","ediciones":"1","encuadernacion":"R\u00fastica","fecha_de_publicacion":"01\/03\/2018","novedad":"1","paginas":"268","subtitulo":"LA GU\u00cdA PR\u00c1CTICA PARA COMER SANO SIN COMPLICACIONES","orden":"0","portada":"0","idioma":"spa","editorial":[{"ID":6206,"post_author":"3","post_date":"2022-07-28 17:47:08","post_date_gmt":"2022-07-28 15:47:08","post_content":"","post_title":"Ediciones Paid\u00f3s","post_excerpt":"","post_status":"publish","comment_status":"closed","ping_status":"closed","post_password":"","post_name":"ediciones-paidos","to_ping":"","pinged":"","post_modified":"2022-07-28 17:47:08","post_modified_gmt":"2022-07-28 15:47:08","post_content_filtered":"","post_parent":0,"guid":"http:\/\/dev.claret.cat\/editorial\/ediciones-paidos\/","menu_order":0,"post_type":"editorial","post_mime_type":"","comment_count":"0","filter":"raw"}],"autores-libros":[{"ID":149307,"post_author":"3","post_date":"2022-10-14 14:23:49","post_date_gmt":"2022-10-14 12:23:49","post_content":"","post_title":"AITOR S\u00c1NCHEZ GARC\u00cdA","post_excerpt":"","post_status":"publish","comment_status":"closed","ping_status":"closed","post_password":"","post_name":"aitor-sanchez-garcia","to_ping":"","pinged":"","post_modified":"2022-10-14 14:23:49","post_modified_gmt":"2022-10-14 12:23:49","post_content_filtered":"","post_parent":0,"guid":"http:\/\/dev.claret.cat\/autor\/aitor-sanchez-garcia\/","menu_order":0,"post_type":"autor","post_mime_type":"","comment_count":"0","filter":"raw"}]},"aioseo_notices":[],"_links":{"self":[{"href":"https:\/\/www.claret.cat\/es\/wp-json\/wp\/v2\/product\/187759","targetHints":{"allow":["GET"]}}],"collection":[{"href":"https:\/\/www.claret.cat\/es\/wp-json\/wp\/v2\/product"}],"about":[{"href":"https:\/\/www.claret.cat\/es\/wp-json\/wp\/v2\/types\/product"}],"wp:featuredmedia":[{"embeddable":true,"href":"https:\/\/www.claret.cat\/es\/wp-json\/wp\/v2\/media\/187760"}],"wp:attachment":[{"href":"https:\/\/www.claret.cat\/es\/wp-json\/wp\/v2\/media?parent=187759"}],"wp:term":[{"taxonomy":"product_brand","embeddable":true,"href":"https:\/\/www.claret.cat\/es\/wp-json\/wp\/v2\/product_brand?post=187759"},{"taxonomy":"product_cat","embeddable":true,"href":"https:\/\/www.claret.cat\/es\/wp-json\/wp\/v2\/product_cat?post=187759"},{"taxonomy":"product_tag","embeddable":true,"href":"https:\/\/www.claret.cat\/es\/wp-json\/wp\/v2\/product_tag?post=187759"}],"curies":[{"name":"wp","href":"https:\/\/api.w.org\/{rel}","templated":true}]}}