{"id":187774,"date":"2022-10-20T05:18:50","date_gmt":"2022-10-20T03:18:50","guid":{"rendered":"http:\/\/dev.claret.cat\/producte\/la-meva-familia-2\/"},"modified":"2025-10-20T20:54:11","modified_gmt":"2025-10-20T18:54:11","slug":"la-meva-familia-9788491374961","status":"publish","type":"product","link":"https:\/\/www.claret.cat\/es\/libro\/la-meva-familia-9788491374961\/","title":{"rendered":"LA MEVA FAM\u00cdLIA"},"content":{"rendered":"<p>En Pau est\u00e0 a punt de tenir un germanet, la Martina es pregunta per qu\u00e8 ella nom\u00e9s t\u00e9 mare i en Joan recorda quan va ser adoptat&#8230;<br \/>Amb les fam\u00edlies passa el mateix que amb les persones: totes s\u00f3n diferents, no n\u2019hi ha dues d\u2019iguals. Per\u00f2 totes tenen un tret com\u00fa, all\u00f2 que fa que la nostra fam\u00edlia sigui la millor del m\u00f3n per a cadasc\u00fa de nosaltres: que ens estimem!<br \/>La meva fam\u00edlia \u00e9s una hist\u00f2ria creada amb l\u2019assessorament de l\u2019equip m\u00e8dic de Dexeus dona i il\u00b7lustrada per Cristina Losantos.<\/p>\n","protected":false},"excerpt":{"rendered":"<p>DEXEUS MUJER<\/p>\n","protected":false},"featured_media":187775,"template":"","meta":{"_acf_changed":false,"om_disable_all_campaigns":false,"rs_blank_template":"","rs_page_bg_color":"","slide_template_v7":"","inline_featured_image":false,"_monsterinsights_skip_tracking":false,"_monsterinsights_sitenote_active":false,"_monsterinsights_sitenote_note":"","_monsterinsights_sitenote_category":0},"product_brand":[],"product_cat":[352,86],"product_tag":[],"class_list":{"0":"post-187774","1":"product","2":"type-product","3":"status-publish","4":"has-post-thumbnail","6":"product_cat-infantil-3_infantil-juvenil-spa","7":"product_cat-infantil","9":"first","10":"instock","11":"taxable","12":"shipping-taxable","13":"purchasable","14":"product-type-simple"},"acf":{"autor":"DEXEUS MUJER","codart":"849137496","libros-coleccion":"Mystical","ediciones":"1","encuadernacion":"R\u00fastica","fecha_de_publicacion":"01\/03\/2018","novedad":"1","paginas":"0","subtitulo":"","orden":"0","portada":"0","idioma":"cat","editorial":[{"ID":6249,"post_author":"3","post_date":"2022-07-28 17:48:09","post_date_gmt":"2022-07-28 15:48:09","post_content":"","post_title":"Estrella Polar","post_excerpt":"","post_status":"publish","comment_status":"closed","ping_status":"closed","post_password":"","post_name":"estrella-polar","to_ping":"","pinged":"","post_modified":"2022-07-28 17:48:09","post_modified_gmt":"2022-07-28 15:48:09","post_content_filtered":"","post_parent":0,"guid":"http:\/\/dev.claret.cat\/editorial\/estrella-polar\/","menu_order":0,"post_type":"editorial","post_mime_type":"","comment_count":"0","filter":"raw"}],"autores-libros":[{"ID":154111,"post_author":"3","post_date":"2022-10-14 15:02:11","post_date_gmt":"2022-10-14 13:02:11","post_content":"","post_title":"DEXEUS MUJER","post_excerpt":"","post_status":"publish","comment_status":"closed","ping_status":"closed","post_password":"","post_name":"dexeus-mujer","to_ping":"","pinged":"","post_modified":"2022-10-14 15:02:11","post_modified_gmt":"2022-10-14 13:02:11","post_content_filtered":"","post_parent":0,"guid":"http:\/\/dev.claret.cat\/autor\/dexeus-mujer\/","menu_order":0,"post_type":"autor","post_mime_type":"","comment_count":"0","filter":"raw"}],"booktrailer":"","resenas":""},"aioseo_notices":[],"_links":{"self":[{"href":"https:\/\/www.claret.cat\/es\/wp-json\/wp\/v2\/product\/187774","targetHints":{"allow":["GET"]}}],"collection":[{"href":"https:\/\/www.claret.cat\/es\/wp-json\/wp\/v2\/product"}],"about":[{"href":"https:\/\/www.claret.cat\/es\/wp-json\/wp\/v2\/types\/product"}],"wp:featuredmedia":[{"embeddable":true,"href":"https:\/\/www.claret.cat\/es\/wp-json\/wp\/v2\/media\/187775"}],"wp:attachment":[{"href":"https:\/\/www.claret.cat\/es\/wp-json\/wp\/v2\/media?parent=187774"}],"wp:term":[{"taxonomy":"product_brand","embeddable":true,"href":"https:\/\/www.claret.cat\/es\/wp-json\/wp\/v2\/product_brand?post=187774"},{"taxonomy":"product_cat","embeddable":true,"href":"https:\/\/www.claret.cat\/es\/wp-json\/wp\/v2\/product_cat?post=187774"},{"taxonomy":"product_tag","embeddable":true,"href":"https:\/\/www.claret.cat\/es\/wp-json\/wp\/v2\/product_tag?post=187774"}],"curies":[{"name":"wp","href":"https:\/\/api.w.org\/{rel}","templated":true}]}}