{"id":187815,"date":"2022-10-20T05:19:33","date_gmt":"2022-10-20T03:19:33","guid":{"rendered":"http:\/\/dev.claret.cat\/producte\/guia-para-identificar-los-santos-de-la-iconografia-cristiana\/"},"modified":"2025-09-15T13:20:06","modified_gmt":"2025-09-15T11:20:06","slug":"guia-para-identificar-los-santos-de-la-iconografia-cristiana-9788437638041","status":"publish","type":"product","link":"https:\/\/www.claret.cat\/es\/libro\/guia-para-identificar-los-santos-de-la-iconografia-cristiana-9788437638041\/","title":{"rendered":"GU\u00cdA PARA IDENTIFICAR LOS SANTOS DE LA ICONOGRAF\u00cdA CRISTIANA"},"content":{"rendered":"<p>\u00bfReconocer\u00edas a los personajes de la iconograf\u00eda cristiana que aparecen representados en las obras de arte?<br \/> Esta gu\u00eda, organizada alfab\u00e9ticamente, te ayudar\u00e1 a reconocer a los personajes y conocer las peripecias de su vida. Cada entrada incluye datos b\u00e1sicos, una ilustraci\u00f3n y un texto que nos informa de su historia, los posibles atributos y las variantes iconogr\u00e1ficas m\u00e1s representativas.<br \/> Para ayudar en la b\u00fasqueda se incluye un \u00edndice de atributos donde se puede consultar a qu\u00e9 seres corresponden los diferentes elementos. Tambi\u00e9n un \u00edndice de patronazgos y otro de posibles elementos de protecci\u00f3n y cura frente a enfermedades y problemas. Finalmente, un vocabulario de t\u00e9rminos relacionados con la iconograf\u00eda cristiana completa este diccionario.<\/p>\n","protected":false},"excerpt":{"rendered":"<p>PLAZA ESCUDERO, LORENZO DE LA \/ GRANDA GALLEGO, CRISTINA \/ MART\u00cdNEZ MURILLO, JO<\/p>\n","protected":false},"featured_media":379967,"template":"","meta":{"_acf_changed":false,"om_disable_all_campaigns":false,"rs_blank_template":"","rs_page_bg_color":"","slide_template_v7":"","inline_featured_image":false,"_monsterinsights_skip_tracking":false,"_monsterinsights_sitenote_active":false,"_monsterinsights_sitenote_note":"","_monsterinsights_sitenote_category":0},"product_brand":[],"product_cat":[95,545],"product_tag":[],"class_list":{"0":"post-187815","1":"product","2":"type-product","3":"status-publish","4":"has-post-thumbnail","6":"product_cat-santoral","7":"product_cat-santoral-1_espiritualidad-spa","9":"first","10":"instock","11":"taxable","12":"shipping-taxable","13":"purchasable","14":"product-type-simple"},"acf":{"autor":"PLAZA ESCUDERO, LORENZO DE LA \/ GRANDA GALLEGO, CRISTINA \/ MART\u00cdNEZ MURILLO, JO","codart":"843763804","libros-coleccion":"Cuadernos Arte C\u00e1tedra","ediciones":"1","encuadernacion":"Carton\u00e9","fecha_de_publicacion":"01\/03\/2018","novedad":"1","paginas":"400","subtitulo":"","orden":"0","portada":"0","idioma":"spa","editorial":[{"ID":147789,"post_author":"3","post_date":"2022-10-14 11:53:14","post_date_gmt":"2022-10-14 09:53:14","post_content":"","post_title":"EDICIONES CATEDRA","post_excerpt":"","post_status":"publish","comment_status":"closed","ping_status":"closed","post_password":"","post_name":"ediciones-catedra","to_ping":"","pinged":"","post_modified":"2022-10-14 11:53:14","post_modified_gmt":"2022-10-14 09:53:14","post_content_filtered":"","post_parent":0,"guid":"http:\/\/dev.claret.cat\/editorial\/ediciones-catedra\/","menu_order":0,"post_type":"editorial","post_mime_type":"","comment_count":"0","filter":"raw"}],"autores-libros":[{"ID":162477,"post_author":"3","post_date":"2022-10-14 17:31:20","post_date_gmt":"2022-10-14 15:31:20","post_content":"","post_title":"LORENZO DE LA PLAZA ESCUDERO","post_excerpt":"","post_status":"publish","comment_status":"closed","ping_status":"closed","post_password":"","post_name":"lorenzo-de-la-plaza-escudero","to_ping":"","pinged":"","post_modified":"2022-10-14 17:31:20","post_modified_gmt":"2022-10-14 15:31:20","post_content_filtered":"","post_parent":0,"guid":"http:\/\/dev.claret.cat\/autor\/lorenzo-de-la-plaza-escudero\/","menu_order":0,"post_type":"autor","post_mime_type":"","comment_count":"0","filter":"raw"},{"ID":311815,"post_author":"3","post_date":"2022-12-23 11:40:01","post_date_gmt":"2022-12-23 10:40:01","post_content":"","post_title":"CRISTINA GRANDA GALLEGO","post_excerpt":"","post_status":"publish","comment_status":"closed","ping_status":"closed","post_password":"","post_name":"cristina-granda-gallego","to_ping":"","pinged":"","post_modified":"2022-12-23 11:40:01","post_modified_gmt":"2022-12-23 10:40:01","post_content_filtered":"","post_parent":0,"guid":"https:\/\/www.claret.cat\/autor\/cristina-granda-gallego\/","menu_order":0,"post_type":"autor","post_mime_type":"","comment_count":"0","filter":"raw"},{"ID":159220,"post_author":"3","post_date":"2022-10-14 15:43:04","post_date_gmt":"2022-10-14 13:43:04","post_content":"","post_title":"JO MART\u00cdNEZ MURILLO","post_excerpt":"","post_status":"publish","comment_status":"closed","ping_status":"closed","post_password":"","post_name":"jo-martinez-murillo","to_ping":"","pinged":"","post_modified":"2022-10-14 15:43:04","post_modified_gmt":"2022-10-14 13:43:04","post_content_filtered":"","post_parent":0,"guid":"http:\/\/dev.claret.cat\/autor\/jo-martinez-murillo\/","menu_order":0,"post_type":"autor","post_mime_type":"","comment_count":"0","filter":"raw"}],"booktrailer":"","resenas":""},"aioseo_notices":[],"_links":{"self":[{"href":"https:\/\/www.claret.cat\/es\/wp-json\/wp\/v2\/product\/187815","targetHints":{"allow":["GET"]}}],"collection":[{"href":"https:\/\/www.claret.cat\/es\/wp-json\/wp\/v2\/product"}],"about":[{"href":"https:\/\/www.claret.cat\/es\/wp-json\/wp\/v2\/types\/product"}],"wp:featuredmedia":[{"embeddable":true,"href":"https:\/\/www.claret.cat\/es\/wp-json\/wp\/v2\/media\/379967"}],"wp:attachment":[{"href":"https:\/\/www.claret.cat\/es\/wp-json\/wp\/v2\/media?parent=187815"}],"wp:term":[{"taxonomy":"product_brand","embeddable":true,"href":"https:\/\/www.claret.cat\/es\/wp-json\/wp\/v2\/product_brand?post=187815"},{"taxonomy":"product_cat","embeddable":true,"href":"https:\/\/www.claret.cat\/es\/wp-json\/wp\/v2\/product_cat?post=187815"},{"taxonomy":"product_tag","embeddable":true,"href":"https:\/\/www.claret.cat\/es\/wp-json\/wp\/v2\/product_tag?post=187815"}],"curies":[{"name":"wp","href":"https:\/\/api.w.org\/{rel}","templated":true}]}}