{"id":187956,"date":"2022-10-20T05:21:54","date_gmt":"2022-10-20T03:21:54","guid":{"rendered":"http:\/\/dev.claret.cat\/producte\/esfinge-la-venda-fedra\/"},"modified":"2023-01-28T06:11:17","modified_gmt":"2023-01-28T05:11:17","slug":"esfinge-la-venda-fedra-9788497408134","status":"publish","type":"product","link":"https:\/\/www.claret.cat\/es\/libro\/esfinge-la-venda-fedra-9788497408134\/","title":{"rendered":"ESFINGE. LA VENDA. FEDRA"},"content":{"rendered":"<p>La esfinge (escrita en 1898 y estrenada en 1909), primera obra de teatro escrita por Unamuno, narra la historia de \u00c1ngel quien, empujado por su entorno para adentrarse en el mundo de la pol\u00edtica, sufre una crisis espiritual y de valores que le empuja al suicidio. En La venda (1899), Mar\u00eda debe taparse los ojos durante un tiempo para adaptarse a la luz, tras haberse recuperado de una ceguera. Por \u00faltimo, Fedra (1910), inspirada en el mito griego de y en la obra hom\u00f3nima de Jean Racine, recrea la historia de la princesa Fedra, que se enamora de su hijastro Hip\u00f3lito. Frente al rechazo de \u00e9ste, Fedra opta por acabar con su vida.<\/p>\n","protected":false},"excerpt":{"rendered":"<p>UNAMUNO, MIGUEL DE<\/p>\n","protected":false},"featured_media":187957,"template":"","meta":{"_acf_changed":false,"om_disable_all_campaigns":false,"rs_blank_template":"","rs_page_bg_color":"","slide_template_v7":"","inline_featured_image":false,"_monsterinsights_skip_tracking":false,"_monsterinsights_sitenote_active":false,"_monsterinsights_sitenote_note":"","_monsterinsights_sitenote_category":0},"product_brand":[],"product_cat":[87],"product_tag":[],"class_list":{"0":"post-187956","1":"product","2":"type-product","3":"status-publish","4":"has-post-thumbnail","6":"product_cat-literatura","8":"first","9":"instock","10":"taxable","11":"shipping-taxable","12":"purchasable","13":"product-type-simple"},"acf":{"autor":"UNAMUNO, MIGUEL DE","codart":"849740813","libros-coleccion":"CLASICOS CASTALIA","ediciones":"1","encuadernacion":"Carpeta","fecha_de_publicacion":"01\/03\/2018","novedad":"1","paginas":"234","subtitulo":"","orden":"0","portada":"0","idioma":"spa","editorial":[{"ID":147604,"post_author":"3","post_date":"2022-10-14 11:51:51","post_date_gmt":"2022-10-14 09:51:51","post_content":"","post_title":"CASTALIA,EDITORIAL","post_excerpt":"","post_status":"publish","comment_status":"closed","ping_status":"closed","post_password":"","post_name":"castaliaeditorial","to_ping":"","pinged":"","post_modified":"2022-10-14 11:51:51","post_modified_gmt":"2022-10-14 09:51:51","post_content_filtered":"","post_parent":0,"guid":"http:\/\/dev.claret.cat\/editorial\/castaliaeditorial\/","menu_order":0,"post_type":"editorial","post_mime_type":"","comment_count":"0","filter":"raw"}],"autores-libros":[{"ID":164982,"post_author":"3","post_date":"2022-10-14 17:51:26","post_date_gmt":"2022-10-14 15:51:26","post_content":"","post_title":"MIGUEL DE UNAMUNO","post_excerpt":"","post_status":"publish","comment_status":"closed","ping_status":"closed","post_password":"","post_name":"miguel-de-unamuno","to_ping":"","pinged":"","post_modified":"2022-10-14 17:51:26","post_modified_gmt":"2022-10-14 15:51:26","post_content_filtered":"","post_parent":0,"guid":"http:\/\/dev.claret.cat\/autor\/miguel-de-unamuno\/","menu_order":0,"post_type":"autor","post_mime_type":"","comment_count":"0","filter":"raw"}]},"aioseo_notices":[],"_links":{"self":[{"href":"https:\/\/www.claret.cat\/es\/wp-json\/wp\/v2\/product\/187956","targetHints":{"allow":["GET"]}}],"collection":[{"href":"https:\/\/www.claret.cat\/es\/wp-json\/wp\/v2\/product"}],"about":[{"href":"https:\/\/www.claret.cat\/es\/wp-json\/wp\/v2\/types\/product"}],"wp:featuredmedia":[{"embeddable":true,"href":"https:\/\/www.claret.cat\/es\/wp-json\/wp\/v2\/media\/187957"}],"wp:attachment":[{"href":"https:\/\/www.claret.cat\/es\/wp-json\/wp\/v2\/media?parent=187956"}],"wp:term":[{"taxonomy":"product_brand","embeddable":true,"href":"https:\/\/www.claret.cat\/es\/wp-json\/wp\/v2\/product_brand?post=187956"},{"taxonomy":"product_cat","embeddable":true,"href":"https:\/\/www.claret.cat\/es\/wp-json\/wp\/v2\/product_cat?post=187956"},{"taxonomy":"product_tag","embeddable":true,"href":"https:\/\/www.claret.cat\/es\/wp-json\/wp\/v2\/product_tag?post=187956"}],"curies":[{"name":"wp","href":"https:\/\/api.w.org\/{rel}","templated":true}]}}