{"id":188025,"date":"2022-10-20T05:23:05","date_gmt":"2022-10-20T03:23:05","guid":{"rendered":"http:\/\/dev.claret.cat\/producte\/tutankhamon-2\/"},"modified":"2025-02-04T17:27:06","modified_gmt":"2025-02-04T16:27:06","slug":"tutankhamon-9788482986999","status":"publish","type":"product","link":"https:\/\/www.claret.cat\/es\/libro\/tutankhamon-9788482986999\/","title":{"rendered":"TUTANKHAM\u00d3N"},"content":{"rendered":"<p>Ad\u00e9ntrate en el mundo antiguo de la mano de National Geographic. A comienzos del Reino Nuevo, una de las<br \/> \u00e9pocas m\u00e1s esplendorosas del antiguo Egipto, rein\u00f3 el joven fara\u00f3n Tutankham\u00f3n. Despu\u00e9s de una vida breve, fue<br \/> enterrado en el Valle de los Reyes y poco a poco la historia oscureci\u00f3 su legado. Hasta que, en 1922, el descubrimiento<br \/> de su fastuosa tumba, repleta de espl\u00e9ndidos tesoros, marc\u00f3 un antes y un despu\u00e9s para la egiptolog\u00eda.<\/p>\n","protected":false},"excerpt":{"rendered":"<p>GEOGRAPHIC , NATIONAL<\/p>\n","protected":false},"featured_media":188026,"template":"","meta":{"_acf_changed":false,"om_disable_all_campaigns":false,"rs_blank_template":"","rs_page_bg_color":"","slide_template_v7":"","inline_featured_image":false,"_monsterinsights_skip_tracking":false,"_monsterinsights_sitenote_active":false,"_monsterinsights_sitenote_note":"","_monsterinsights_sitenote_category":0},"product_brand":[],"product_cat":[85,351,105,555],"product_tag":[],"class_list":{"0":"post-188025","1":"product","2":"type-product","3":"status-publish","4":"has-post-thumbnail","6":"product_cat-historia","7":"product_cat-historia-2_humanidades","8":"product_cat-regal","9":"product_cat-regalo","11":"first","12":"instock","13":"taxable","14":"shipping-taxable","15":"purchasable","16":"product-type-simple"},"acf":{"autor":"GEOGRAPHIC , NATIONAL","codart":"848298699","libros-coleccion":"ARQUEOLOGIA","ediciones":"1","encuadernacion":"Carton\u00e9","fecha_de_publicacion":"01\/03\/2018","novedad":"1","paginas":"95","subtitulo":"","orden":"0","portada":"0","idioma":"spa","editorial":[{"ID":148560,"post_author":"3","post_date":"2022-10-14 11:59:12","post_date_gmt":"2022-10-14 09:59:12","post_content":"","post_title":"National Geographic","post_excerpt":"","post_status":"publish","comment_status":"closed","ping_status":"closed","post_password":"","post_name":"national-geographic","to_ping":"","pinged":"","post_modified":"2022-10-14 11:59:12","post_modified_gmt":"2022-10-14 09:59:12","post_content_filtered":"","post_parent":0,"guid":"http:\/\/dev.claret.cat\/editorial\/national-geographic\/","menu_order":0,"post_type":"editorial","post_mime_type":"","comment_count":"0","filter":"raw"}],"autores-libros":[{"ID":165703,"post_author":"3","post_date":"2022-10-14 17:57:17","post_date_gmt":"2022-10-14 15:57:17","post_content":"","post_title":"NATIONAL GEOGRAPHIC","post_excerpt":"","post_status":"publish","comment_status":"closed","ping_status":"closed","post_password":"","post_name":"national-geographic","to_ping":"","pinged":"","post_modified":"2022-10-14 17:57:17","post_modified_gmt":"2022-10-14 15:57:17","post_content_filtered":"","post_parent":0,"guid":"http:\/\/dev.claret.cat\/autor\/national-geographic\/","menu_order":0,"post_type":"autor","post_mime_type":"","comment_count":"0","filter":"raw"}]},"aioseo_notices":[],"_links":{"self":[{"href":"https:\/\/www.claret.cat\/es\/wp-json\/wp\/v2\/product\/188025","targetHints":{"allow":["GET"]}}],"collection":[{"href":"https:\/\/www.claret.cat\/es\/wp-json\/wp\/v2\/product"}],"about":[{"href":"https:\/\/www.claret.cat\/es\/wp-json\/wp\/v2\/types\/product"}],"wp:featuredmedia":[{"embeddable":true,"href":"https:\/\/www.claret.cat\/es\/wp-json\/wp\/v2\/media\/188026"}],"wp:attachment":[{"href":"https:\/\/www.claret.cat\/es\/wp-json\/wp\/v2\/media?parent=188025"}],"wp:term":[{"taxonomy":"product_brand","embeddable":true,"href":"https:\/\/www.claret.cat\/es\/wp-json\/wp\/v2\/product_brand?post=188025"},{"taxonomy":"product_cat","embeddable":true,"href":"https:\/\/www.claret.cat\/es\/wp-json\/wp\/v2\/product_cat?post=188025"},{"taxonomy":"product_tag","embeddable":true,"href":"https:\/\/www.claret.cat\/es\/wp-json\/wp\/v2\/product_tag?post=188025"}],"curies":[{"name":"wp","href":"https:\/\/api.w.org\/{rel}","templated":true}]}}