{"id":188339,"date":"2022-10-20T05:28:42","date_gmt":"2022-10-20T03:28:42","guid":{"rendered":"http:\/\/dev.claret.cat\/producte\/mientras-cae-la-ruina-y-otros-poemas\/"},"modified":"2023-01-28T18:45:27","modified_gmt":"2023-01-28T17:45:27","slug":"mientras-cae-la-ruina-y-otros-poemas-9788490559154","status":"publish","type":"product","link":"https:\/\/www.claret.cat\/es\/libro\/mientras-cae-la-ruina-y-otros-poemas-9788490559154\/","title":{"rendered":"MIENTRAS CAE LA RUINA Y OTROS POEMAS"},"content":{"rendered":"<p>La presente obra constituye la primera antolog\u00eda po\u00e9tica en lengua castellana de la que, sin duda, fue la faceta literaria menos conocida del escritor brit\u00e1nico C.S. Lewis.<br \/>Se puede afirmar que Lewis se sinti\u00f3 poeta desde sus primeros impulsos literarios hasta el final de su vida. De hecho, sus primeros textos publicados bajo el seud\u00f3nimo de Clive Hamilton fueron un peque\u00f1o tomo de versos titulado Spirits in Bondage (1919) y el largo poema narrativo Dymer (1926). De la misma manera, sus escritos autobiogr\u00e1ficos o de car\u00e1cter privado muestran que su vocaci\u00f3n literaria fue, primera y esencialmente, una vocaci\u00f3n po\u00e9tica y que \u00e9sta se mantuvo firme durante toda su existencia. De ella surgi\u00f3 el volumen Poems (1964), en el que su albacea literario, el reverendo Hopper, recopil\u00f3 buena parte de los poemas que Lewis hab\u00eda ido escribiendo a lo largo de su vida.<br \/>El poeta Lewis sigue siendo a d\u00eda de hoy un perfecto desconocido, incluso para sus m\u00e1s ac\u00e9rrimos lectores; m\u00e1s aun para sus seguidores en lengua espa\u00f1ola, que apenas han tenido hasta el momento posibilidad de acceder en su idioma a la obra po\u00e9tica de Lewis. Ojal\u00e1 esta antolog\u00eda, presentada aqu\u00ed en edici\u00f3n biling\u00fce, permita a los lectores asomarse al riqu\u00edsimo y exuberante mundo po\u00e9tico de nuestro autor.<\/p>\n","protected":false},"excerpt":{"rendered":"<p>LEWIS, CLIVE STAPLES<\/p>\n","protected":false},"featured_media":188340,"template":"","meta":{"_acf_changed":false,"om_disable_all_campaigns":false,"rs_blank_template":"","rs_page_bg_color":"","slide_template_v7":"","inline_featured_image":false,"_monsterinsights_skip_tracking":false,"_monsterinsights_sitenote_active":false,"_monsterinsights_sitenote_note":"","_monsterinsights_sitenote_category":0},"product_brand":[],"product_cat":[121],"product_tag":[],"class_list":{"0":"post-188339","1":"product","2":"type-product","3":"status-publish","4":"has-post-thumbnail","6":"product_cat-poesia","8":"first","9":"instock","10":"taxable","11":"shipping-taxable","12":"purchasable","13":"product-type-simple"},"acf":{"autor":"LEWIS, CLIVE STAPLES","codart":"849055915","libros-coleccion":"Literaria","ediciones":"1","encuadernacion":"R\u00fastica","fecha_de_publicacion":"01\/03\/2018","novedad":"1","paginas":"181","subtitulo":"ANTOLOG\u00cdA PO\u00c9TICA","orden":"0","portada":"0","idioma":"spa","editorial":[{"ID":148092,"post_author":"3","post_date":"2022-10-14 11:55:34","post_date_gmt":"2022-10-14 09:55:34","post_content":"","post_title":"Encuentro","post_excerpt":"","post_status":"publish","comment_status":"closed","ping_status":"closed","post_password":"","post_name":"encuentro","to_ping":"","pinged":"","post_modified":"2022-10-14 11:55:34","post_modified_gmt":"2022-10-14 09:55:34","post_content_filtered":"","post_parent":0,"guid":"http:\/\/dev.claret.cat\/editorial\/encuentro\/","menu_order":0,"post_type":"editorial","post_mime_type":"","comment_count":"0","filter":"raw"}]},"aioseo_notices":[],"_links":{"self":[{"href":"https:\/\/www.claret.cat\/es\/wp-json\/wp\/v2\/product\/188339","targetHints":{"allow":["GET"]}}],"collection":[{"href":"https:\/\/www.claret.cat\/es\/wp-json\/wp\/v2\/product"}],"about":[{"href":"https:\/\/www.claret.cat\/es\/wp-json\/wp\/v2\/types\/product"}],"wp:featuredmedia":[{"embeddable":true,"href":"https:\/\/www.claret.cat\/es\/wp-json\/wp\/v2\/media\/188340"}],"wp:attachment":[{"href":"https:\/\/www.claret.cat\/es\/wp-json\/wp\/v2\/media?parent=188339"}],"wp:term":[{"taxonomy":"product_brand","embeddable":true,"href":"https:\/\/www.claret.cat\/es\/wp-json\/wp\/v2\/product_brand?post=188339"},{"taxonomy":"product_cat","embeddable":true,"href":"https:\/\/www.claret.cat\/es\/wp-json\/wp\/v2\/product_cat?post=188339"},{"taxonomy":"product_tag","embeddable":true,"href":"https:\/\/www.claret.cat\/es\/wp-json\/wp\/v2\/product_tag?post=188339"}],"curies":[{"name":"wp","href":"https:\/\/api.w.org\/{rel}","templated":true}]}}