{"id":188444,"date":"2022-10-20T05:30:34","date_gmt":"2022-10-20T03:30:34","guid":{"rendered":"http:\/\/dev.claret.cat\/producte\/la-geologia-en-100-preguntas\/"},"modified":"2025-06-03T12:50:06","modified_gmt":"2025-06-03T10:50:06","slug":"la-geologia-en-100-preguntas-9788499679280","status":"publish","type":"product","link":"https:\/\/www.claret.cat\/es\/libro\/la-geologia-en-100-preguntas-9788499679280\/","title":{"rendered":"LA GEOLOG\u00cdA EN 100 PREGUNTAS"},"content":{"rendered":"<p>La respuesta de las geociencias a las principales y m\u00e1s curiosas cuestiones de nuestro planeta. Descubra con agudeza e inteligencia los aspectos m\u00e1s apasionantes de la estratigraf\u00eda, la mineralog\u00eda y la paleontolog\u00eda. La atm\u00f3sfera y la hidrosfera, el clima presente, pasado y futuro. Las rocas, los recursos geol\u00f3gicos, la geof\u00edsica y la tect\u00f3nica de placas.<br \/> \u00bfCu\u00e1ntos a\u00f1os tiene la Tierra? \u00bfCu\u00e1les son los poderes de las piedras? \u00bfHubo a\u00f1os con miles de d\u00edas? \u00bfExistieron dinosaurios en la prehistoria? \u00bfCu\u00e1ntos meteoritos han chocado con la Tierra?<br \/> \u00bfCu\u00e1l es el secreto de la Gran Esfinge? \u00bfQu\u00e9 hay de cierto en las pel\u00edculas de cat\u00e1strofes? \u00bfEs posible viajar al centro de la Tierra? Si Pangea existi\u00f3, \u00bfqu\u00e9 hubo antes? Toledo y el Everest, \u00bfqu\u00e9 tienen en com\u00fan?<br \/> \u00bfPuede desaparecer la vida? \u00bfSomos polvo de estrellas?<\/p>\n","protected":false},"excerpt":{"rendered":"<p>DEL ROSARIO RABAD\u00c1N, VICENTE \/ ROSSIS ALFONSO, RAQUEL<\/p>\n","protected":false},"featured_media":188445,"template":"","meta":{"_acf_changed":false,"om_disable_all_campaigns":false,"rs_blank_template":"","rs_page_bg_color":"","slide_template_v7":"","inline_featured_image":false,"_monsterinsights_skip_tracking":false,"_monsterinsights_sitenote_active":false,"_monsterinsights_sitenote_note":"","_monsterinsights_sitenote_category":0},"product_brand":[],"product_cat":[104,554],"product_tag":[],"class_list":{"0":"post-188444","1":"product","2":"type-product","3":"status-publish","4":"has-post-thumbnail","6":"product_cat-ciencia","7":"product_cat-ciencia-5_otras-spa","9":"first","10":"instock","11":"taxable","12":"shipping-taxable","13":"purchasable","14":"product-type-simple"},"acf":{"autor":"DEL ROSARIO RABAD\u00c1N, VICENTE \/ ROSSIS ALFONSO, RAQUEL","codart":"849967928","libros-coleccion":"100 Preguntas esenciales","ediciones":"1","encuadernacion":"R\u00fastica","fecha_de_publicacion":"01\/03\/2018","novedad":"1","paginas":"355","subtitulo":"","orden":"0","portada":"0","idioma":"spa","editorial":[{"ID":6205,"post_author":"3","post_date":"2022-07-28 17:47:07","post_date_gmt":"2022-07-28 15:47:07","post_content":"","post_title":"EDICIONES NOWTILUS","post_excerpt":"","post_status":"publish","comment_status":"closed","ping_status":"closed","post_password":"","post_name":"ediciones-nowtilus","to_ping":"","pinged":"","post_modified":"2022-07-28 17:47:07","post_modified_gmt":"2022-07-28 15:47:07","post_content_filtered":"","post_parent":0,"guid":"http:\/\/dev.claret.cat\/editorial\/ediciones-nowtilus\/","menu_order":0,"post_type":"editorial","post_mime_type":"","comment_count":"0","filter":"raw"}],"booktrailer":"","resenas":"","autores-libros":[{"ID":429294,"post_author":"3","post_date":"2023-05-16 09:45:16","post_date_gmt":"2023-05-16 07:45:16","post_content":"","post_title":"VICENTE DEL ROSARIO RABAD\u00c1N","post_excerpt":"","post_status":"publish","comment_status":"closed","ping_status":"closed","post_password":"","post_name":"vicente-del-rosario-rabadan","to_ping":"","pinged":"","post_modified":"2023-05-16 09:45:16","post_modified_gmt":"2023-05-16 07:45:16","post_content_filtered":"","post_parent":0,"guid":"https:\/\/www.claret.cat\/autor\/vicente-del-rosario-rabadan\/","menu_order":0,"post_type":"autor","post_mime_type":"","comment_count":"0","filter":"raw"},{"ID":427964,"post_author":"3","post_date":"2023-05-16 09:17:07","post_date_gmt":"2023-05-16 07:17:07","post_content":"","post_title":"RAQUEL ROSSIS ALFONSO","post_excerpt":"","post_status":"publish","comment_status":"closed","ping_status":"closed","post_password":"","post_name":"raquel-rossis-alfonso","to_ping":"","pinged":"","post_modified":"2023-05-16 09:17:07","post_modified_gmt":"2023-05-16 07:17:07","post_content_filtered":"","post_parent":0,"guid":"https:\/\/www.claret.cat\/autor\/raquel-rossis-alfonso\/","menu_order":0,"post_type":"autor","post_mime_type":"","comment_count":"0","filter":"raw"}]},"aioseo_notices":[],"_links":{"self":[{"href":"https:\/\/www.claret.cat\/es\/wp-json\/wp\/v2\/product\/188444","targetHints":{"allow":["GET"]}}],"collection":[{"href":"https:\/\/www.claret.cat\/es\/wp-json\/wp\/v2\/product"}],"about":[{"href":"https:\/\/www.claret.cat\/es\/wp-json\/wp\/v2\/types\/product"}],"wp:featuredmedia":[{"embeddable":true,"href":"https:\/\/www.claret.cat\/es\/wp-json\/wp\/v2\/media\/188445"}],"wp:attachment":[{"href":"https:\/\/www.claret.cat\/es\/wp-json\/wp\/v2\/media?parent=188444"}],"wp:term":[{"taxonomy":"product_brand","embeddable":true,"href":"https:\/\/www.claret.cat\/es\/wp-json\/wp\/v2\/product_brand?post=188444"},{"taxonomy":"product_cat","embeddable":true,"href":"https:\/\/www.claret.cat\/es\/wp-json\/wp\/v2\/product_cat?post=188444"},{"taxonomy":"product_tag","embeddable":true,"href":"https:\/\/www.claret.cat\/es\/wp-json\/wp\/v2\/product_tag?post=188444"}],"curies":[{"name":"wp","href":"https:\/\/api.w.org\/{rel}","templated":true}]}}