{"id":188600,"date":"2022-10-20T05:33:31","date_gmt":"2022-10-20T03:33:31","guid":{"rendered":"http:\/\/dev.claret.cat\/producte\/mirar-de-nuevo\/"},"modified":"2025-02-04T18:07:55","modified_gmt":"2025-02-04T17:07:55","slug":"mirar-de-nuevo-9788490569214","status":"publish","type":"product","link":"https:\/\/www.claret.cat\/es\/libro\/mirar-de-nuevo-9788490569214\/","title":{"rendered":"MIRAR DE NUEVO"},"content":{"rendered":"<p>Demi\u00e1n Bucay nos ense\u00f1a a resolver los conflictos y responder a las dudas de la vida cotidiana, en pareja o en familia, y que, incluso a veces, nos planteamos con y contra nosotros mismos. A trav\u00e9s de breves planteamientos pr\u00e1cticos y ayud\u00e1ndose de relatos, an\u00e9cdotas, f\u00e1bulas y ejemplos extra\u00eddos de libros y pel\u00edculas, con humor, sencillez y rigor, nos insta a afrontar nuestros problemas y solventarlos desde una nueva perspectiva m\u00e1s constructiva, creativa y positiva. Porque est\u00e1 en nuestra mano superar estas dificultades o, al menos, entenderlas y asumirlas.<\/p>\n","protected":false},"excerpt":{"rendered":"<p>BUCAY , DEMIAN<\/p>\n","protected":false},"featured_media":188601,"template":"","meta":{"_acf_changed":false,"om_disable_all_campaigns":false,"rs_blank_template":"","rs_page_bg_color":"","slide_template_v7":"","inline_featured_image":false,"_monsterinsights_skip_tracking":false,"_monsterinsights_sitenote_active":false,"_monsterinsights_sitenote_note":"","_monsterinsights_sitenote_category":0},"product_brand":[],"product_cat":[81,347],"product_tag":[],"class_list":{"0":"post-188600","1":"product","2":"type-product","3":"status-publish","4":"has-post-thumbnail","6":"product_cat-psicologia","7":"product_cat-psicologia-2_humanidades","9":"first","10":"instock","11":"taxable","12":"shipping-taxable","13":"purchasable","14":"product-type-simple"},"acf":{"autor":"BUCAY , DEMIAN","codart":"849056921","libros-coleccion":"NO FICCI\u00d3N GENERAL","ediciones":"1","encuadernacion":"R\u00fastica","fecha_de_publicacion":"01\/03\/2018","novedad":"1","paginas":"221","subtitulo":"","orden":"0","portada":"0","idioma":"spa","editorial":[{"ID":148737,"post_author":"3","post_date":"2022-10-14 12:00:35","post_date_gmt":"2022-10-14 10:00:35","post_content":"","post_title":"RBA Libros","post_excerpt":"","post_status":"publish","comment_status":"closed","ping_status":"closed","post_password":"","post_name":"rba-libros","to_ping":"","pinged":"","post_modified":"2022-10-14 12:00:35","post_modified_gmt":"2022-10-14 10:00:35","post_content_filtered":"","post_parent":0,"guid":"http:\/\/dev.claret.cat\/editorial\/rba-libros\/","menu_order":0,"post_type":"editorial","post_mime_type":"","comment_count":"0","filter":"raw"}],"autores-libros":[{"ID":421832,"post_author":"3","post_date":"2023-05-16 07:06:29","post_date_gmt":"2023-05-16 05:06:29","post_content":"","post_title":"DEMIAN BUCAY","post_excerpt":"","post_status":"publish","comment_status":"closed","ping_status":"closed","post_password":"","post_name":"demian-bucay","to_ping":"","pinged":"","post_modified":"2023-05-16 07:06:29","post_modified_gmt":"2023-05-16 05:06:29","post_content_filtered":"","post_parent":0,"guid":"https:\/\/www.claret.cat\/autor\/demian-bucay\/","menu_order":0,"post_type":"autor","post_mime_type":"","comment_count":"0","filter":"raw"}]},"aioseo_notices":[],"_links":{"self":[{"href":"https:\/\/www.claret.cat\/es\/wp-json\/wp\/v2\/product\/188600","targetHints":{"allow":["GET"]}}],"collection":[{"href":"https:\/\/www.claret.cat\/es\/wp-json\/wp\/v2\/product"}],"about":[{"href":"https:\/\/www.claret.cat\/es\/wp-json\/wp\/v2\/types\/product"}],"wp:featuredmedia":[{"embeddable":true,"href":"https:\/\/www.claret.cat\/es\/wp-json\/wp\/v2\/media\/188601"}],"wp:attachment":[{"href":"https:\/\/www.claret.cat\/es\/wp-json\/wp\/v2\/media?parent=188600"}],"wp:term":[{"taxonomy":"product_brand","embeddable":true,"href":"https:\/\/www.claret.cat\/es\/wp-json\/wp\/v2\/product_brand?post=188600"},{"taxonomy":"product_cat","embeddable":true,"href":"https:\/\/www.claret.cat\/es\/wp-json\/wp\/v2\/product_cat?post=188600"},{"taxonomy":"product_tag","embeddable":true,"href":"https:\/\/www.claret.cat\/es\/wp-json\/wp\/v2\/product_tag?post=188600"}],"curies":[{"name":"wp","href":"https:\/\/api.w.org\/{rel}","templated":true}]}}