{"id":188633,"date":"2022-10-20T05:34:07","date_gmt":"2022-10-20T03:34:07","guid":{"rendered":"http:\/\/dev.claret.cat\/producte\/el-hundimiento-del-muelle\/"},"modified":"2023-10-17T16:50:31","modified_gmt":"2023-10-17T14:50:31","slug":"el-hundimiento-del-muelle-9788417081553","status":"publish","type":"product","link":"https:\/\/www.claret.cat\/es\/libro\/el-hundimiento-del-muelle-9788417081553\/","title":{"rendered":"EL HUNDIMIENTO DEL MUELLE"},"content":{"rendered":"<p>Los nueve relatos de esta l\u00edrica y poderos\u00edsima colecci\u00f3n se adentran en diversos territorios (la aventura cl\u00e1sica, la ciencia ficci\u00f3n, el cuento aleg\u00f3rico o el realismo despiadado), pero Haddon despliega en todos ellos su inigualable destreza estil\u00edstica y esa empat\u00eda que ha hechizado a los lectores de sus novelas. El resultado final es una fascinante reflexi\u00f3n sobre la condici\u00f3n humana, la soledad que nos atrapa y los v\u00ednculos que, pese a todo, siguen uniendo a los seres humanos. Quienes gozaron con &#8216;El curioso incidente del perro a medianoche&#8217; hallar\u00e1n aqu\u00ed al mejor Haddon.<\/p>\n","protected":false},"excerpt":{"rendered":"<p>HADDON, MARK<\/p>\n","protected":false},"featured_media":188634,"template":"","meta":{"_acf_changed":false,"om_disable_all_campaigns":false,"rs_blank_template":"","rs_page_bg_color":"","slide_template_v7":"","inline_featured_image":false,"_monsterinsights_skip_tracking":false,"_monsterinsights_sitenote_active":false,"_monsterinsights_sitenote_note":"","_monsterinsights_sitenote_category":0},"product_brand":[],"product_cat":[87,353],"product_tag":[],"class_list":{"0":"post-188633","1":"product","2":"type-product","3":"status-publish","4":"has-post-thumbnail","6":"product_cat-literatura","7":"product_cat-literatura-2_humanidades","9":"first","10":"instock","11":"taxable","12":"shipping-taxable","13":"purchasable","14":"product-type-simple"},"acf":{"autor":"HADDON, MARK","codart":"841708155","libros-coleccion":"NARRATIVA EXTRANJERA","ediciones":"1","encuadernacion":"R\u00fastica","fecha_de_publicacion":"01\/03\/2018","novedad":"1","paginas":"285","subtitulo":"","orden":"0","portada":"0","idioma":"spa","editorial":[{"ID":148500,"post_author":"3","post_date":"2022-10-14 11:58:44","post_date_gmt":"2022-10-14 09:58:44","post_content":"","post_title":"Malpaso Ediciones SL","post_excerpt":"","post_status":"publish","comment_status":"closed","ping_status":"closed","post_password":"","post_name":"malpaso-ediciones-sl","to_ping":"","pinged":"","post_modified":"2022-10-14 11:58:44","post_modified_gmt":"2022-10-14 09:58:44","post_content_filtered":"","post_parent":0,"guid":"http:\/\/dev.claret.cat\/editorial\/malpaso-ediciones-sl\/","menu_order":0,"post_type":"editorial","post_mime_type":"","comment_count":"0","filter":"raw"}],"autores-libros":[{"ID":164070,"post_author":"3","post_date":"2022-10-14 17:44:07","post_date_gmt":"2022-10-14 15:44:07","post_content":"","post_title":"MARK HADDON","post_excerpt":"","post_status":"publish","comment_status":"closed","ping_status":"closed","post_password":"","post_name":"mark-haddon","to_ping":"","pinged":"","post_modified":"2022-10-14 17:44:07","post_modified_gmt":"2022-10-14 15:44:07","post_content_filtered":"","post_parent":0,"guid":"http:\/\/dev.claret.cat\/autor\/mark-haddon\/","menu_order":0,"post_type":"autor","post_mime_type":"","comment_count":"0","filter":"raw"}]},"aioseo_notices":[],"_links":{"self":[{"href":"https:\/\/www.claret.cat\/es\/wp-json\/wp\/v2\/product\/188633","targetHints":{"allow":["GET"]}}],"collection":[{"href":"https:\/\/www.claret.cat\/es\/wp-json\/wp\/v2\/product"}],"about":[{"href":"https:\/\/www.claret.cat\/es\/wp-json\/wp\/v2\/types\/product"}],"wp:featuredmedia":[{"embeddable":true,"href":"https:\/\/www.claret.cat\/es\/wp-json\/wp\/v2\/media\/188634"}],"wp:attachment":[{"href":"https:\/\/www.claret.cat\/es\/wp-json\/wp\/v2\/media?parent=188633"}],"wp:term":[{"taxonomy":"product_brand","embeddable":true,"href":"https:\/\/www.claret.cat\/es\/wp-json\/wp\/v2\/product_brand?post=188633"},{"taxonomy":"product_cat","embeddable":true,"href":"https:\/\/www.claret.cat\/es\/wp-json\/wp\/v2\/product_cat?post=188633"},{"taxonomy":"product_tag","embeddable":true,"href":"https:\/\/www.claret.cat\/es\/wp-json\/wp\/v2\/product_tag?post=188633"}],"curies":[{"name":"wp","href":"https:\/\/api.w.org\/{rel}","templated":true}]}}