{"id":188636,"date":"2022-10-20T05:34:10","date_gmt":"2022-10-20T03:34:10","guid":{"rendered":"http:\/\/dev.claret.cat\/producte\/ciutat-princesa\/"},"modified":"2023-01-28T10:17:28","modified_gmt":"2023-01-28T09:17:28","slug":"ciutat-princesa-9788417088880","status":"publish","type":"product","link":"https:\/\/www.claret.cat\/es\/libro\/ciutat-princesa-9788417088880\/","title":{"rendered":"CIUTAT PRINCESA"},"content":{"rendered":"<p>Ciutat Princesa \u00e9s un relat en primera persona en qu\u00e8 s&#8217;expliquen una s\u00e8rie de viv\u00e8ncies pol\u00edtiques entre l&#8217;octubre de 1996 i l&#8217;octubre de 2017, des del desallotjament del Cine Princesa a Barcelona fins al refer\u00e8ndum de l&#8217;1 d&#8217;octubre. El fil del relat \u00e9s: qu\u00e8 hem apr\u00e8s? Per aix\u00f2 es parla des del singular de qui viu i es transforma amb cadascuna de les situacions recollides i des del plural dels nosaltres que li donen sentit. Ciutat Princesa \u00e9s una cr\u00f2nica de ciutat que recull una visi\u00f3 del que han estat els moviments socials que van despertar-se a la Barcelona postol\u00edmpica i a d&#8217;altres ciutats europees i que es van connectar amb les protestes i els moviments del m\u00f3n global fins avui. De la ciutat-marca a la globalitzaci\u00f3 neoliberal i les seves crisis: quins s\u00f3n els mapes viscuts de les resist\u00e8ncies? Ciutat Princesa \u00e9s un assaig de pensament en qu\u00e8 els problemes filos\u00f2fics i pol\u00edtics, aix\u00ed com les idees que els travessen, van a trobar les viv\u00e8ncies concretes on arrelen i de les quals provenen. El problema del nosaltres, la q\u00fcesti\u00f3 del comprom\u00eds, la relaci\u00f3 entre vida pol\u00edtica i ciutat, la crisi dels horitzons revolucionaris, etc., s\u00f3n elaborats aqu\u00ed des de l&#8217;evoluci\u00f3 d&#8217;una vida que descobreix la complicitat, l&#8217;experi\u00e8ncia col\u00b7lectiva i l&#8217;amistat.<\/p>\n","protected":false},"excerpt":{"rendered":"<p>GARC\u00c9S, MARINA<\/p>\n","protected":false},"featured_media":188637,"template":"","meta":{"_acf_changed":false,"om_disable_all_campaigns":false,"rs_blank_template":"","rs_page_bg_color":"","slide_template_v7":"","inline_featured_image":false,"_monsterinsights_skip_tracking":false,"_monsterinsights_sitenote_active":false,"_monsterinsights_sitenote_note":"","_monsterinsights_sitenote_category":0},"product_brand":[],"product_cat":[85],"product_tag":[],"class_list":{"0":"post-188636","1":"product","2":"type-product","3":"status-publish","4":"has-post-thumbnail","6":"product_cat-historia","8":"first","9":"instock","10":"taxable","11":"shipping-taxable","12":"purchasable","13":"product-type-simple"},"acf":{"autor":"GARC\u00c9S, MARINA","codart":"841708888","libros-coleccion":"Llibres en catal\u00e0","ediciones":"1","encuadernacion":"R\u00fastica","fecha_de_publicacion":"01\/03\/2018","novedad":"1","paginas":"249","subtitulo":"","orden":"0","portada":"0","idioma":"cat","editorial":[{"ID":6260,"post_author":"3","post_date":"2022-07-28 17:48:23","post_date_gmt":"2022-07-28 15:48:23","post_content":"","post_title":"Galaxia Gutenberg","post_excerpt":"","post_status":"publish","comment_status":"closed","ping_status":"closed","post_password":"","post_name":"galaxia-gutenberg","to_ping":"","pinged":"","post_modified":"2022-07-28 17:48:23","post_modified_gmt":"2022-07-28 15:48:23","post_content_filtered":"","post_parent":0,"guid":"http:\/\/dev.claret.cat\/editorial\/galaxia-gutenberg\/","menu_order":0,"post_type":"editorial","post_mime_type":"","comment_count":"0","filter":"raw"}],"autores-libros":[{"ID":163936,"post_author":"3","post_date":"2022-10-14 17:43:02","post_date_gmt":"2022-10-14 15:43:02","post_content":"","post_title":"MARINA GARC\u00c9S","post_excerpt":"","post_status":"publish","comment_status":"closed","ping_status":"closed","post_password":"","post_name":"marina-garces","to_ping":"","pinged":"","post_modified":"2022-10-14 17:43:02","post_modified_gmt":"2022-10-14 15:43:02","post_content_filtered":"","post_parent":0,"guid":"http:\/\/dev.claret.cat\/autor\/marina-garces\/","menu_order":0,"post_type":"autor","post_mime_type":"","comment_count":"0","filter":"raw"}]},"aioseo_notices":[],"_links":{"self":[{"href":"https:\/\/www.claret.cat\/es\/wp-json\/wp\/v2\/product\/188636","targetHints":{"allow":["GET"]}}],"collection":[{"href":"https:\/\/www.claret.cat\/es\/wp-json\/wp\/v2\/product"}],"about":[{"href":"https:\/\/www.claret.cat\/es\/wp-json\/wp\/v2\/types\/product"}],"wp:featuredmedia":[{"embeddable":true,"href":"https:\/\/www.claret.cat\/es\/wp-json\/wp\/v2\/media\/188637"}],"wp:attachment":[{"href":"https:\/\/www.claret.cat\/es\/wp-json\/wp\/v2\/media?parent=188636"}],"wp:term":[{"taxonomy":"product_brand","embeddable":true,"href":"https:\/\/www.claret.cat\/es\/wp-json\/wp\/v2\/product_brand?post=188636"},{"taxonomy":"product_cat","embeddable":true,"href":"https:\/\/www.claret.cat\/es\/wp-json\/wp\/v2\/product_cat?post=188636"},{"taxonomy":"product_tag","embeddable":true,"href":"https:\/\/www.claret.cat\/es\/wp-json\/wp\/v2\/product_tag?post=188636"}],"curies":[{"name":"wp","href":"https:\/\/api.w.org\/{rel}","templated":true}]}}