{"id":188747,"date":"2022-10-20T05:36:08","date_gmt":"2022-10-20T03:36:08","guid":{"rendered":"http:\/\/dev.claret.cat\/producte\/fuera-panales-2\/"},"modified":"2024-04-29T16:58:03","modified_gmt":"2024-04-29T14:58:03","slug":"fuera-panales-9788491422051","status":"publish","type":"product","link":"https:\/\/www.claret.cat\/es\/libro\/fuera-panales-9788491422051\/","title":{"rendered":"\u00a1FUERA PA\u00d1ALES!"},"content":{"rendered":"<p>Carlos ya es mayor y le quitar\u00e1n el pa\u00f1al. A partir de ahora tendr\u00e1 que aprender a ir al ba\u00f1o, a utilizar el orinal\u2026 Parece dif\u00edcil, pero cuenta con el apoyo de la pandilla y todos le ayudar\u00e1n a superar con \u00e9xito este reto.<br \/>Este libro incluye:<br \/>Una historia de la pandilla para pasar un buen rato en familia.<br \/>Situaciones cotidianas con las cuales se pueden identificar los ni\u00f1os y las ni\u00f1as.<br \/>Un juego entretenido que consiste en buscar el osito en cada uno de los dibujos, para mantener la atenci\u00f3n del ni\u00f1o y fomentar la observaci\u00f3n.<br \/>Una gu\u00eda para la familia con consejos, trucos y recomendaciones.<\/p>\n","protected":false},"excerpt":{"rendered":"<p>SEIX, MERC\u00c8 \/ NOGUERA, MERITXELL<\/p>\n","protected":false},"featured_media":320816,"template":"","meta":{"_acf_changed":false,"om_disable_all_campaigns":false,"rs_blank_template":"","rs_page_bg_color":"","slide_template_v7":"","inline_featured_image":false,"_monsterinsights_skip_tracking":false,"_monsterinsights_sitenote_active":false,"_monsterinsights_sitenote_note":"","_monsterinsights_sitenote_category":0},"product_brand":[],"product_cat":[352,86],"product_tag":[],"class_list":{"0":"post-188747","1":"product","2":"type-product","3":"status-publish","4":"has-post-thumbnail","6":"product_cat-infantil-3_infantil-juvenil-spa","7":"product_cat-infantil","9":"first","10":"instock","11":"taxable","12":"shipping-taxable","13":"purchasable","14":"product-type-simple"},"acf":{"autor":"SEIX, MERC\u00c8 \/ NOGUERA, MERITXELL","codart":"849142205","libros-coleccion":"La pandilla","ediciones":"1","encuadernacion":"R\u00fastica","fecha_de_publicacion":"01\/03\/2018","novedad":"1","paginas":"35","subtitulo":"","orden":"0","portada":"0","idioma":"spa","editorial":[{"ID":147395,"post_author":"3","post_date":"2022-10-14 11:50:15","post_date_gmt":"2022-10-14 09:50:15","post_content":"","post_title":"ALGAR EDITORIAL","post_excerpt":"","post_status":"publish","comment_status":"closed","ping_status":"closed","post_password":"","post_name":"algar-editorial","to_ping":"","pinged":"","post_modified":"2022-10-14 11:50:15","post_modified_gmt":"2022-10-14 09:50:15","post_content_filtered":"","post_parent":0,"guid":"http:\/\/dev.claret.cat\/editorial\/algar-editorial\/","menu_order":0,"post_type":"editorial","post_mime_type":"","comment_count":"0","filter":"raw"}],"autores-libros":[{"ID":317341,"post_author":"3","post_date":"2023-01-02 20:05:11","post_date_gmt":"2023-01-02 19:05:11","post_content":"","post_title":"MERC\u00c8 SEIX","post_excerpt":"","post_status":"publish","comment_status":"closed","ping_status":"closed","post_password":"","post_name":"merce-seix","to_ping":"","pinged":"","post_modified":"2023-01-02 20:05:11","post_modified_gmt":"2023-01-02 19:05:11","post_content_filtered":"","post_parent":0,"guid":"https:\/\/www.claret.cat\/autor\/merce-seix\/","menu_order":0,"post_type":"autor","post_mime_type":"","comment_count":"0","filter":"raw"},{"ID":317342,"post_author":"3","post_date":"2023-01-02 20:05:12","post_date_gmt":"2023-01-02 19:05:12","post_content":"","post_title":"MERITXELL NOGUERA","post_excerpt":"","post_status":"publish","comment_status":"closed","ping_status":"closed","post_password":"","post_name":"meritxell-noguera","to_ping":"","pinged":"","post_modified":"2023-01-02 20:05:12","post_modified_gmt":"2023-01-02 19:05:12","post_content_filtered":"","post_parent":0,"guid":"https:\/\/www.claret.cat\/autor\/meritxell-noguera\/","menu_order":0,"post_type":"autor","post_mime_type":"","comment_count":"0","filter":"raw"}]},"aioseo_notices":[],"_links":{"self":[{"href":"https:\/\/www.claret.cat\/es\/wp-json\/wp\/v2\/product\/188747","targetHints":{"allow":["GET"]}}],"collection":[{"href":"https:\/\/www.claret.cat\/es\/wp-json\/wp\/v2\/product"}],"about":[{"href":"https:\/\/www.claret.cat\/es\/wp-json\/wp\/v2\/types\/product"}],"wp:featuredmedia":[{"embeddable":true,"href":"https:\/\/www.claret.cat\/es\/wp-json\/wp\/v2\/media\/320816"}],"wp:attachment":[{"href":"https:\/\/www.claret.cat\/es\/wp-json\/wp\/v2\/media?parent=188747"}],"wp:term":[{"taxonomy":"product_brand","embeddable":true,"href":"https:\/\/www.claret.cat\/es\/wp-json\/wp\/v2\/product_brand?post=188747"},{"taxonomy":"product_cat","embeddable":true,"href":"https:\/\/www.claret.cat\/es\/wp-json\/wp\/v2\/product_cat?post=188747"},{"taxonomy":"product_tag","embeddable":true,"href":"https:\/\/www.claret.cat\/es\/wp-json\/wp\/v2\/product_tag?post=188747"}],"curies":[{"name":"wp","href":"https:\/\/api.w.org\/{rel}","templated":true}]}}