{"id":188771,"date":"2022-10-20T05:36:33","date_gmt":"2022-10-20T03:36:33","guid":{"rendered":"http:\/\/dev.claret.cat\/producte\/donde-esta-wally-destino-a-todas-partes-coleccion-donde-esta-wally\/"},"modified":"2026-02-21T11:35:37","modified_gmt":"2026-02-21T10:35:37","slug":"donde-esta-wally-destino-a-todas-partes-coleccion-donde-esta-wally-9788416712663","status":"publish","type":"product","link":"https:\/\/www.claret.cat\/es\/libro\/donde-esta-wally-destino-a-todas-partes-coleccion-donde-esta-wally-9788416712663\/","title":{"rendered":"\u00bfD\u00d3NDE EST\u00c1 WALLY? DESTINO: \u00a1A TODAS PARTES! (COLECCI\u00d3N \u00bfD\u00d3NDE EST\u00c1 WALLY?)"},"content":{"rendered":"<p>Una edici\u00f3n especial de \u00bfD\u00f3nde esta Wally? Destino: a todas partes con sus m\u00e1s asombrosas aventuras por el mundo.Acompa\u00f1a a Wally mientras visita de nuevo doce destinos incre\u00edbles, cada  uno con divertidas diferencias y con m\u00e1s b\u00fasquedas y juegos que nunca. \u00a1Guau! \u00bfHas encontrado ya a Wally?<\/p>\n","protected":false},"excerpt":{"rendered":"<p>MARTIN HANDFORD<\/p>\n","protected":false},"featured_media":1085415,"template":"","meta":{"_acf_changed":false,"om_disable_all_campaigns":false,"rs_blank_template":"","rs_page_bg_color":"","slide_template_v7":"","inline_featured_image":false,"_monsterinsights_skip_tracking":false,"_monsterinsights_sitenote_active":false,"_monsterinsights_sitenote_note":"","_monsterinsights_sitenote_category":0},"product_brand":[],"product_cat":[86,352],"product_tag":[],"class_list":{"0":"post-188771","1":"product","2":"type-product","3":"status-publish","4":"has-post-thumbnail","6":"product_cat-infantil","7":"product_cat-infantil-3_infantil-juvenil-spa","9":"first","10":"outofstock","11":"taxable","12":"shipping-taxable","13":"purchasable","14":"product-type-simple"},"acf":{"autor":"MARTIN HANDFORD","codart":"841671266","libros-coleccion":"WALLY","ediciones":"1","encuadernacion":"Carton\u00e9","fecha_de_publicacion":"01\/03\/2018","novedad":"0","paginas":"32","subtitulo":"\u00a1DOCE ESCENAS CL\u00c1SICAS, COMO NUNCA ANTES LAS HAB\u00cdAS VISTO!","orden":"0","portada":"0","idioma":"spa","editorial":[{"ID":147505,"post_author":"3","post_date":"2022-10-14 11:51:06","post_date_gmt":"2022-10-14 09:51:06","post_content":"","post_title":"B BLOK","post_excerpt":"","post_status":"publish","comment_status":"closed","ping_status":"closed","post_password":"","post_name":"b-blok","to_ping":"","pinged":"","post_modified":"2022-10-14 11:51:06","post_modified_gmt":"2022-10-14 09:51:06","post_content_filtered":"","post_parent":0,"guid":"http:\/\/dev.claret.cat\/editorial\/b-blok\/","menu_order":0,"post_type":"editorial","post_mime_type":"","comment_count":"0","filter":"raw"}],"booktrailer":"","resenas":"","autores-libros":[{"ID":426400,"post_author":"3","post_date":"2023-05-16 08:44:06","post_date_gmt":"2023-05-16 06:44:06","post_content":"","post_title":"MARTIN HANDFORD","post_excerpt":"","post_status":"publish","comment_status":"closed","ping_status":"closed","post_password":"","post_name":"martin-handford-2","to_ping":"","pinged":"","post_modified":"2023-05-16 08:44:06","post_modified_gmt":"2023-05-16 06:44:06","post_content_filtered":"","post_parent":0,"guid":"https:\/\/www.claret.cat\/autor\/martin-handford-2\/","menu_order":0,"post_type":"autor","post_mime_type":"","comment_count":"0","filter":"raw"}]},"aioseo_notices":[],"_links":{"self":[{"href":"https:\/\/www.claret.cat\/es\/wp-json\/wp\/v2\/product\/188771","targetHints":{"allow":["GET"]}}],"collection":[{"href":"https:\/\/www.claret.cat\/es\/wp-json\/wp\/v2\/product"}],"about":[{"href":"https:\/\/www.claret.cat\/es\/wp-json\/wp\/v2\/types\/product"}],"wp:featuredmedia":[{"embeddable":true,"href":"https:\/\/www.claret.cat\/es\/wp-json\/wp\/v2\/media\/1085415"}],"wp:attachment":[{"href":"https:\/\/www.claret.cat\/es\/wp-json\/wp\/v2\/media?parent=188771"}],"wp:term":[{"taxonomy":"product_brand","embeddable":true,"href":"https:\/\/www.claret.cat\/es\/wp-json\/wp\/v2\/product_brand?post=188771"},{"taxonomy":"product_cat","embeddable":true,"href":"https:\/\/www.claret.cat\/es\/wp-json\/wp\/v2\/product_cat?post=188771"},{"taxonomy":"product_tag","embeddable":true,"href":"https:\/\/www.claret.cat\/es\/wp-json\/wp\/v2\/product_tag?post=188771"}],"curies":[{"name":"wp","href":"https:\/\/api.w.org\/{rel}","templated":true}]}}