{"id":188774,"date":"2022-10-20T05:36:36","date_gmt":"2022-10-20T03:36:36","guid":{"rendered":"http:\/\/dev.claret.cat\/producte\/stevenson-sota-les-palmeres\/"},"modified":"2023-01-28T15:04:56","modified_gmt":"2023-01-28T14:04:56","slug":"stevenson-sota-les-palmeres-9788417410001","status":"publish","type":"product","link":"https:\/\/www.claret.cat\/es\/libro\/stevenson-sota-les-palmeres-9788417410001\/","title":{"rendered":"STEVENSON SOTA LES PALMERES"},"content":{"rendered":"<p>En aquestes breus i brillants p\u00e0gines, Alberto Manguel recrea la lluita entre el b\u00e9 i el mal, que fou la constant obsessi\u00f3 de l&#8217;escriptor escoc\u00e8s i un tema recorrent en la seva obra. Ambientada a Vailima (Samoa), s&#8217;intentar\u00e0 aclarir l&#8217;assassinat d&#8217;una jove nativa. L&#8217;autor ens ofereix, a trav\u00e9s d&#8217;una escriptura refinada, la naturalesa decididament pertorbadora dels llunyans Mars del Sud.<\/p>\n","protected":false},"excerpt":{"rendered":"<p>MANGUEL, ALBERTO<\/p>\n","protected":false},"featured_media":188775,"template":"","meta":{"_acf_changed":false,"om_disable_all_campaigns":false,"rs_blank_template":"","rs_page_bg_color":"","slide_template_v7":"","inline_featured_image":false,"_monsterinsights_skip_tracking":false,"_monsterinsights_sitenote_active":false,"_monsterinsights_sitenote_note":"","_monsterinsights_sitenote_category":0},"product_brand":[],"product_cat":[87],"product_tag":[],"class_list":{"0":"post-188774","1":"product","2":"type-product","3":"status-publish","4":"has-post-thumbnail","6":"product_cat-literatura","8":"first","9":"instock","10":"taxable","11":"shipping-taxable","12":"purchasable","13":"product-type-simple"},"acf":{"autor":"MANGUEL, ALBERTO","codart":"841741000","libros-coleccion":"Narrativa","ediciones":"1","encuadernacion":"R\u00fastica","fecha_de_publicacion":"01\/03\/2018","novedad":"1","paginas":"68","subtitulo":"","orden":"0","portada":"0","idioma":"cat","editorial":[{"ID":6344,"post_author":"3","post_date":"2022-07-28 17:50:11","post_date_gmt":"2022-07-28 15:50:11","post_content":"","post_title":"QUID PRO QUO EDICIONES","post_excerpt":"","post_status":"publish","comment_status":"closed","ping_status":"closed","post_password":"","post_name":"quid-pro-quo-ediciones","to_ping":"","pinged":"","post_modified":"2022-07-28 17:50:11","post_modified_gmt":"2022-07-28 15:50:11","post_content_filtered":"","post_parent":0,"guid":"http:\/\/dev.claret.cat\/editorial\/quid-pro-quo-ediciones\/","menu_order":0,"post_type":"editorial","post_mime_type":"","comment_count":"0","filter":"raw"}],"autores-libros":[{"ID":149503,"post_author":"3","post_date":"2022-10-14 14:25:23","post_date_gmt":"2022-10-14 12:25:23","post_content":"","post_title":"ALBERTO MANGUEL","post_excerpt":"","post_status":"publish","comment_status":"closed","ping_status":"closed","post_password":"","post_name":"alberto-manguel","to_ping":"","pinged":"","post_modified":"2022-10-14 14:25:23","post_modified_gmt":"2022-10-14 12:25:23","post_content_filtered":"","post_parent":0,"guid":"http:\/\/dev.claret.cat\/autor\/alberto-manguel\/","menu_order":0,"post_type":"autor","post_mime_type":"","comment_count":"0","filter":"raw"}]},"aioseo_notices":[],"_links":{"self":[{"href":"https:\/\/www.claret.cat\/es\/wp-json\/wp\/v2\/product\/188774","targetHints":{"allow":["GET"]}}],"collection":[{"href":"https:\/\/www.claret.cat\/es\/wp-json\/wp\/v2\/product"}],"about":[{"href":"https:\/\/www.claret.cat\/es\/wp-json\/wp\/v2\/types\/product"}],"wp:featuredmedia":[{"embeddable":true,"href":"https:\/\/www.claret.cat\/es\/wp-json\/wp\/v2\/media\/188775"}],"wp:attachment":[{"href":"https:\/\/www.claret.cat\/es\/wp-json\/wp\/v2\/media?parent=188774"}],"wp:term":[{"taxonomy":"product_brand","embeddable":true,"href":"https:\/\/www.claret.cat\/es\/wp-json\/wp\/v2\/product_brand?post=188774"},{"taxonomy":"product_cat","embeddable":true,"href":"https:\/\/www.claret.cat\/es\/wp-json\/wp\/v2\/product_cat?post=188774"},{"taxonomy":"product_tag","embeddable":true,"href":"https:\/\/www.claret.cat\/es\/wp-json\/wp\/v2\/product_tag?post=188774"}],"curies":[{"name":"wp","href":"https:\/\/api.w.org\/{rel}","templated":true}]}}