{"id":188795,"date":"2022-10-20T05:36:59","date_gmt":"2022-10-20T03:36:59","guid":{"rendered":"http:\/\/dev.claret.cat\/producte\/lauca-del-senyor-esteve-2\/"},"modified":"2023-01-28T20:56:32","modified_gmt":"2023-01-28T19:56:32","slug":"lauca-del-senyor-esteve-9788417406011","status":"publish","type":"product","link":"https:\/\/www.claret.cat\/es\/libro\/lauca-del-senyor-esteve-9788417406011\/","title":{"rendered":"L&#8217;AUCA DEL SENYOR ESTEVE"},"content":{"rendered":"<p>L&#8217;argument gira a l&#8217;entorn de la botiga \u00abLa Puntual\u00bb, que \u00e9s una botiga de vetesifils: una merceria, en dir\u00edem avui. En aquesta botiga hi van passant quatre generacions d&#8217;una mateixa fam\u00edlia, fins que veiem com el fill del senyor Esteve, el Ramonet, que seria el representant de la quarta generaci\u00f3 i tamb\u00e9 el s\u00edmbol de l&#8217;artista modernista, doncs, ja no vol continuar portant el negoci &#8216;de tota la vida&#8217;.<\/p>\n","protected":false},"excerpt":{"rendered":"<p>RUSI\u00d1OL, SANTIAGO<\/p>\n","protected":false},"featured_media":188796,"template":"","meta":{"_acf_changed":false,"om_disable_all_campaigns":false,"rs_blank_template":"","rs_page_bg_color":"","slide_template_v7":"","inline_featured_image":false,"_monsterinsights_skip_tracking":false,"_monsterinsights_sitenote_active":false,"_monsterinsights_sitenote_note":"","_monsterinsights_sitenote_category":0},"product_brand":[],"product_cat":[87],"product_tag":[],"class_list":{"0":"post-188795","1":"product","2":"type-product","3":"status-publish","4":"has-post-thumbnail","6":"product_cat-literatura","8":"first","9":"instock","10":"taxable","11":"shipping-taxable","12":"purchasable","13":"product-type-simple"},"acf":{"autor":"RUSI\u00d1OL, SANTIAGO","codart":"841740601","libros-coleccion":"Kalafat \/ Kalafate","ediciones":"1","encuadernacion":"R\u00fastica","fecha_de_publicacion":"01\/03\/2018","novedad":"1","paginas":"178","subtitulo":"","orden":"0","portada":"0","idioma":"cat","editorial":[{"ID":147605,"post_author":"3","post_date":"2022-10-14 11:51:51","post_date_gmt":"2022-10-14 09:51:51","post_content":"","post_title":"Castellnou","post_excerpt":"","post_status":"publish","comment_status":"closed","ping_status":"closed","post_password":"","post_name":"castellnou","to_ping":"","pinged":"","post_modified":"2022-10-14 11:51:51","post_modified_gmt":"2022-10-14 09:51:51","post_content_filtered":"","post_parent":0,"guid":"http:\/\/dev.claret.cat\/editorial\/castellnou\/","menu_order":0,"post_type":"editorial","post_mime_type":"","comment_count":"0","filter":"raw"}],"autores-libros":[{"ID":169065,"post_author":"3","post_date":"2022-10-14 22:24:12","post_date_gmt":"2022-10-14 20:24:12","post_content":"","post_title":"SANTIAGO RUSI\u00d1OL","post_excerpt":"","post_status":"publish","comment_status":"closed","ping_status":"closed","post_password":"","post_name":"santiago-rusinol","to_ping":"","pinged":"","post_modified":"2022-10-14 22:24:12","post_modified_gmt":"2022-10-14 20:24:12","post_content_filtered":"","post_parent":0,"guid":"http:\/\/dev.claret.cat\/autor\/santiago-rusinol\/","menu_order":0,"post_type":"autor","post_mime_type":"","comment_count":"0","filter":"raw"}]},"aioseo_notices":[],"_links":{"self":[{"href":"https:\/\/www.claret.cat\/es\/wp-json\/wp\/v2\/product\/188795","targetHints":{"allow":["GET"]}}],"collection":[{"href":"https:\/\/www.claret.cat\/es\/wp-json\/wp\/v2\/product"}],"about":[{"href":"https:\/\/www.claret.cat\/es\/wp-json\/wp\/v2\/types\/product"}],"wp:featuredmedia":[{"embeddable":true,"href":"https:\/\/www.claret.cat\/es\/wp-json\/wp\/v2\/media\/188796"}],"wp:attachment":[{"href":"https:\/\/www.claret.cat\/es\/wp-json\/wp\/v2\/media?parent=188795"}],"wp:term":[{"taxonomy":"product_brand","embeddable":true,"href":"https:\/\/www.claret.cat\/es\/wp-json\/wp\/v2\/product_brand?post=188795"},{"taxonomy":"product_cat","embeddable":true,"href":"https:\/\/www.claret.cat\/es\/wp-json\/wp\/v2\/product_cat?post=188795"},{"taxonomy":"product_tag","embeddable":true,"href":"https:\/\/www.claret.cat\/es\/wp-json\/wp\/v2\/product_tag?post=188795"}],"curies":[{"name":"wp","href":"https:\/\/api.w.org\/{rel}","templated":true}]}}