{"id":188858,"date":"2022-10-20T05:38:07","date_gmt":"2022-10-20T03:38:07","guid":{"rendered":"http:\/\/dev.claret.cat\/producte\/la-puerta-de-los-tres-cerrojos-2-la-senda-de-las-cuatro-fuerzas\/"},"modified":"2026-01-27T15:57:12","modified_gmt":"2026-01-27T14:57:12","slug":"la-puerta-de-los-tres-cerrojos-2-la-senda-de-las-cuatro-fuerzas-9788408182559","status":"publish","type":"product","link":"https:\/\/www.claret.cat\/es\/libro\/la-puerta-de-los-tres-cerrojos-2-la-senda-de-las-cuatro-fuerzas-9788408182559\/","title":{"rendered":"LA PUERTA DE LOS TRES CERROJOS 2. LA SENDA DE LAS CUATRO FUERZAS"},"content":{"rendered":"<p>La Puerta de los Tres Cerrojos, la entrada al mundo cu\u00e1ntico donde vivi\u00f3 aventuras tan inolvidables como extraordinarias, ha desaparecido. Niko no ha sido capaz de volver a encontrarse con sus amigos. Hasta que Quiona, su hada cu\u00e1ntica, reaparece para pedirle ayuda. El joven descubrir\u00e1 que las leyes de la f\u00edsica se han descontrolado, y de \u00e9l y sus amigos depende reestablecer el equilibro. En su nueva aventura cu\u00e1ntica deber\u00e1 someterse a las pruebas de cada una de las fuerzas que rigen nuestro Universo.<\/p>\n","protected":false},"excerpt":{"rendered":"<p>FERN\u00c1NDEZ-VIDAL, S\u00d3NIA<\/p>\n","protected":false},"featured_media":1078616,"template":"","meta":{"_acf_changed":false,"om_disable_all_campaigns":false,"rs_blank_template":"","rs_page_bg_color":"","slide_template_v7":"","inline_featured_image":false,"_monsterinsights_skip_tracking":false,"_monsterinsights_sitenote_active":false,"_monsterinsights_sitenote_note":"","_monsterinsights_sitenote_category":0},"product_brand":[],"product_cat":[132,86,352,362],"product_tag":[],"class_list":{"0":"post-188858","1":"product","2":"type-product","3":"status-publish","4":"has-post-thumbnail","6":"product_cat-lectures-per-preadolescents-6-12-anys","7":"product_cat-infantil","8":"product_cat-infantil-3_infantil-juvenil-spa","9":"product_cat-libros-preadolescentes-6-12-anos","11":"first","12":"instock","13":"taxable","14":"shipping-taxable","15":"purchasable","16":"product-type-simple"},"acf":{"autor":"FERN\u00c1NDEZ-VIDAL, S\u00d3NIA","codart":"840818255","libros-coleccion":"LA ISLA DEL TIEMPO","ediciones":"1","encuadernacion":"Carton\u00e9","fecha_de_publicacion":"01\/03\/2018","novedad":"1","paginas":"288","subtitulo":"","orden":"0","portada":"0","idioma":"spa","editorial":[{"ID":147710,"post_author":"3","post_date":"2022-10-14 11:52:39","post_date_gmt":"2022-10-14 09:52:39","post_content":"","post_title":"Destino Infantil & Juvenil","post_excerpt":"","post_status":"publish","comment_status":"closed","ping_status":"closed","post_password":"","post_name":"destino-infantil-juvenil","to_ping":"","pinged":"","post_modified":"2022-10-14 11:52:39","post_modified_gmt":"2022-10-14 09:52:39","post_content_filtered":"","post_parent":0,"guid":"http:\/\/dev.claret.cat\/editorial\/destino-infantil-juvenil\/","menu_order":0,"post_type":"editorial","post_mime_type":"","comment_count":"0","filter":"raw"}],"autores-libros":[{"ID":169664,"post_author":"3","post_date":"2022-10-14 22:29:02","post_date_gmt":"2022-10-14 20:29:02","post_content":"","post_title":"SONIA FERN\u00c1NDEZ-VIDAL","post_excerpt":"","post_status":"publish","comment_status":"closed","ping_status":"closed","post_password":"","post_name":"sonia-fernandez-vidal","to_ping":"","pinged":"","post_modified":"2022-10-14 22:29:02","post_modified_gmt":"2022-10-14 20:29:02","post_content_filtered":"","post_parent":0,"guid":"http:\/\/dev.claret.cat\/autor\/sonia-fernandez-vidal\/","menu_order":0,"post_type":"autor","post_mime_type":"","comment_count":"0","filter":"raw"}],"booktrailer":"","resenas":""},"aioseo_notices":[],"_links":{"self":[{"href":"https:\/\/www.claret.cat\/es\/wp-json\/wp\/v2\/product\/188858","targetHints":{"allow":["GET"]}}],"collection":[{"href":"https:\/\/www.claret.cat\/es\/wp-json\/wp\/v2\/product"}],"about":[{"href":"https:\/\/www.claret.cat\/es\/wp-json\/wp\/v2\/types\/product"}],"wp:featuredmedia":[{"embeddable":true,"href":"https:\/\/www.claret.cat\/es\/wp-json\/wp\/v2\/media\/1078616"}],"wp:attachment":[{"href":"https:\/\/www.claret.cat\/es\/wp-json\/wp\/v2\/media?parent=188858"}],"wp:term":[{"taxonomy":"product_brand","embeddable":true,"href":"https:\/\/www.claret.cat\/es\/wp-json\/wp\/v2\/product_brand?post=188858"},{"taxonomy":"product_cat","embeddable":true,"href":"https:\/\/www.claret.cat\/es\/wp-json\/wp\/v2\/product_cat?post=188858"},{"taxonomy":"product_tag","embeddable":true,"href":"https:\/\/www.claret.cat\/es\/wp-json\/wp\/v2\/product_tag?post=188858"}],"curies":[{"name":"wp","href":"https:\/\/api.w.org\/{rel}","templated":true}]}}