{"id":188979,"date":"2022-10-20T05:40:11","date_gmt":"2022-10-20T03:40:11","guid":{"rendered":"http:\/\/dev.claret.cat\/producte\/eeuu-oeste\/"},"modified":"2023-01-28T04:56:06","modified_gmt":"2023-01-28T03:56:06","slug":"eeuu-oeste-9788417368289","status":"publish","type":"product","link":"https:\/\/www.claret.cat\/es\/libro\/eeuu-oeste-9788417368289\/","title":{"rendered":"EEUU OESTE"},"content":{"rendered":"<p>Un recorrido largo y detallado por una tierra de pioneros y cow-boys, por los m\u00edticos escenarios del Far West, desde los desiertos de Nuevo M\u00e9xico, hasta las monta\u00f1as de Montana, y desde las playas californianas, a los casinos de Las Vegas. Visitando ciudades como San Francisco, Los \u00c1ngeles, Phoenix, Salt Lake City, P\u00f3rtland o la pujante Seattle, uno de los secretos mejor guardados por los estadounidenses. Y es que en esta enorme extensi\u00f3n de terreno, se encuentran algunos de los principales destinos tur\u00edsticos de todo el pa\u00eds: El Gran Ca\u00f1\u00f3n del Colorado, Hollywood, el Parque Nacional de Yosemite? etc. Un viaje por el oeste de Estados Unidos es siempre una experiencia interesante y que a nadie deja indiferente<\/p>\n","protected":false},"excerpt":{"rendered":"<p>MONREAL, MANUEL \/ YUSTE, ENRIQUE \/ MAZARRASA, LUIS<\/p>\n","protected":false},"featured_media":188980,"template":"","meta":{"_acf_changed":false,"om_disable_all_campaigns":false,"rs_blank_template":"","rs_page_bg_color":"","slide_template_v7":"","inline_featured_image":false,"_monsterinsights_skip_tracking":false,"_monsterinsights_sitenote_active":false,"_monsterinsights_sitenote_note":"","_monsterinsights_sitenote_category":0},"product_brand":[],"product_cat":[107],"product_tag":[],"class_list":{"0":"post-188979","1":"product","2":"type-product","3":"status-publish","4":"has-post-thumbnail","6":"product_cat-guies-de-viatge","8":"first","9":"instock","10":"taxable","11":"shipping-taxable","12":"purchasable","13":"product-type-simple"},"acf":{"autor":"MONREAL, MANUEL \/ YUSTE, ENRIQUE \/ MAZARRASA, LUIS","codart":"841736828","libros-coleccion":"GAESA (07)","ediciones":"1","encuadernacion":"R\u00fastica","fecha_de_publicacion":"01\/03\/2018","novedad":"1","paginas":"736","subtitulo":"GU\u00cdA AZUL EE.UU. OESTE","orden":"0","portada":"0","idioma":"spa","editorial":[{"ID":148235,"post_author":"3","post_date":"2022-10-14 11:56:40","post_date_gmt":"2022-10-14 09:56:40","post_content":"","post_title":"GU\u00cdAS AZULES DE ESPA\u00d1A","post_excerpt":"","post_status":"publish","comment_status":"closed","ping_status":"closed","post_password":"","post_name":"guias-azules-de-espana","to_ping":"","pinged":"","post_modified":"2022-10-14 11:56:40","post_modified_gmt":"2022-10-14 09:56:40","post_content_filtered":"","post_parent":0,"guid":"http:\/\/dev.claret.cat\/editorial\/guias-azules-de-espana\/","menu_order":0,"post_type":"editorial","post_mime_type":"","comment_count":"0","filter":"raw"}],"autores-libros":[{"ID":155198,"post_author":"3","post_date":"2022-10-14 15:10:56","post_date_gmt":"2022-10-14 13:10:56","post_content":"","post_title":"ENRIQUE YUSTE","post_excerpt":"","post_status":"publish","comment_status":"closed","ping_status":"closed","post_password":"","post_name":"enrique-yuste","to_ping":"","pinged":"","post_modified":"2022-10-14 15:10:56","post_modified_gmt":"2022-10-14 13:10:56","post_content_filtered":"","post_parent":0,"guid":"http:\/\/dev.claret.cat\/autor\/enrique-yuste\/","menu_order":0,"post_type":"autor","post_mime_type":"","comment_count":"0","filter":"raw"},{"ID":163194,"post_author":"3","post_date":"2022-10-14 17:37:04","post_date_gmt":"2022-10-14 15:37:04","post_content":"","post_title":"MANUEL MONREAL","post_excerpt":"","post_status":"publish","comment_status":"closed","ping_status":"closed","post_password":"","post_name":"manuel-monreal","to_ping":"","pinged":"","post_modified":"2022-10-14 17:37:04","post_modified_gmt":"2022-10-14 15:37:04","post_content_filtered":"","post_parent":0,"guid":"http:\/\/dev.claret.cat\/autor\/manuel-monreal\/","menu_order":0,"post_type":"autor","post_mime_type":"","comment_count":"0","filter":"raw"},{"ID":162758,"post_author":"3","post_date":"2022-10-14 17:33:34","post_date_gmt":"2022-10-14 15:33:34","post_content":"","post_title":"LUIS MAZARRASA","post_excerpt":"","post_status":"publish","comment_status":"closed","ping_status":"closed","post_password":"","post_name":"luis-mazarrasa","to_ping":"","pinged":"","post_modified":"2022-10-14 17:33:34","post_modified_gmt":"2022-10-14 15:33:34","post_content_filtered":"","post_parent":0,"guid":"http:\/\/dev.claret.cat\/autor\/luis-mazarrasa\/","menu_order":0,"post_type":"autor","post_mime_type":"","comment_count":"0","filter":"raw"}]},"aioseo_notices":[],"_links":{"self":[{"href":"https:\/\/www.claret.cat\/es\/wp-json\/wp\/v2\/product\/188979","targetHints":{"allow":["GET"]}}],"collection":[{"href":"https:\/\/www.claret.cat\/es\/wp-json\/wp\/v2\/product"}],"about":[{"href":"https:\/\/www.claret.cat\/es\/wp-json\/wp\/v2\/types\/product"}],"wp:featuredmedia":[{"embeddable":true,"href":"https:\/\/www.claret.cat\/es\/wp-json\/wp\/v2\/media\/188980"}],"wp:attachment":[{"href":"https:\/\/www.claret.cat\/es\/wp-json\/wp\/v2\/media?parent=188979"}],"wp:term":[{"taxonomy":"product_brand","embeddable":true,"href":"https:\/\/www.claret.cat\/es\/wp-json\/wp\/v2\/product_brand?post=188979"},{"taxonomy":"product_cat","embeddable":true,"href":"https:\/\/www.claret.cat\/es\/wp-json\/wp\/v2\/product_cat?post=188979"},{"taxonomy":"product_tag","embeddable":true,"href":"https:\/\/www.claret.cat\/es\/wp-json\/wp\/v2\/product_tag?post=188979"}],"curies":[{"name":"wp","href":"https:\/\/api.w.org\/{rel}","templated":true}]}}