{"id":189052,"date":"2022-10-20T05:41:28","date_gmt":"2022-10-20T03:41:28","guid":{"rendered":"http:\/\/dev.claret.cat\/producte\/fabricar-historias\/"},"modified":"2025-12-29T10:10:49","modified_gmt":"2025-12-29T09:10:49","slug":"fabricar-historias-9788439728160","status":"publish","type":"product","link":"https:\/\/www.claret.cat\/es\/libro\/fabricar-historias-9788439728160\/","title":{"rendered":"FABRICAR HISTORIAS"},"content":{"rendered":"<p>Un verdadero tesoro para los lectores de c\u00f3mic, los coleccionistas de libros-objeto y los amantes del arte.En un mundo tomado por lo digital, ediciones como esta son una verdadera  maravilla absolutamente necesaria para quienes disfrutan de los  libros-objeto y los nost\u00e1lgicos de las cajas de juegos. As\u00ed, dentro de  esta caja de recuerdos que Chris Ware nos regala, encontraremos una  variedad de material de lectura que har\u00e1 frente a casi cualquier gusto  art\u00edstico o po\u00e9tico imaginable. Estas \u00abhistorias  de edificio\u00bb son cada  una una met\u00e1fora de una etapa de la vida, a las que tanto el lector como  los protagonistas han de enfrentarse. En vez de descender a los estratos  m\u00e1s infernales del alma, lo que hacemos es subir y bajar por los  ascensores y habitaciones de esta curiosa representaci\u00f3n del mundo. En  la parte posterior de la caja encontramos una lista con las sugerencias  sobre los lugares apropiados del edificio por los que dejarnos perder.Aunque muchas son in\u00e9ditas, algunas de estas vi\u00f1etas s\u00ed han aparecido en sitios como The New Yorker, The New York Times o  McSweeney. En total, Fabricar historias recoge un trabajo desarrollado por Chris Ware durante m\u00e1s de diez a\u00f1os.Opiniones:<br \/>\u00abLa edici\u00f3n de este Fabricar historias es impresionante, de ni\u00f1o  mimado del rey, muy pocos pueden presumir de haber conseguido que  una  editorial saque un producto tan complejo y caro. Solo por eso es un tesoro que cualquier amante de los c\u00f3mics debe tener.\u00bb<br \/>Punch en Amazon.es<\/p>\n","protected":false},"excerpt":{"rendered":"<p>CHRIS WARE<\/p>\n","protected":false},"featured_media":1072152,"template":"","meta":{"_acf_changed":false,"om_disable_all_campaigns":false,"rs_blank_template":"","rs_page_bg_color":"","slide_template_v7":"","inline_featured_image":false,"_monsterinsights_skip_tracking":false,"_monsterinsights_sitenote_active":false,"_monsterinsights_sitenote_note":"","_monsterinsights_sitenote_category":0},"product_brand":[],"product_cat":[558,108,551,101,105,555],"product_tag":[],"class_list":{"0":"post-189052","1":"product","2":"type-product","3":"status-publish","4":"has-post-thumbnail","6":"product_cat-comic-3_infantil-juvenil-spa-spa","7":"product_cat-comic","8":"product_cat-manualidades","9":"product_cat-manualitats","10":"product_cat-regal","11":"product_cat-regalo","13":"first","14":"outofstock","15":"taxable","16":"shipping-taxable","17":"purchasable","18":"product-type-simple"},"acf":{"autor":"CHRIS WARE","codart":"843972816","libros-coleccion":"RESERVOIR GR\u00c1FICA","ediciones":"1","encuadernacion":"Carton\u00e9","fecha_de_publicacion":"01\/03\/2018","novedad":"1","paginas":"16","subtitulo":"","orden":"0","portada":"0","idioma":"spa","editorial":[{"ID":148749,"post_author":"3","post_date":"2022-10-14 12:00:41","post_date_gmt":"2022-10-14 10:00:41","post_content":"","post_title":"RESERVOIR BOOKS","post_excerpt":"","post_status":"publish","comment_status":"closed","ping_status":"closed","post_password":"","post_name":"reservoir-books","to_ping":"","pinged":"","post_modified":"2022-10-14 12:00:41","post_modified_gmt":"2022-10-14 10:00:41","post_content_filtered":"","post_parent":0,"guid":"http:\/\/dev.claret.cat\/editorial\/reservoir-books\/","menu_order":0,"post_type":"editorial","post_mime_type":"","comment_count":"0","filter":"raw"}],"booktrailer":"","resenas":"","autores-libros":[{"ID":421329,"post_author":"3","post_date":"2023-05-16 06:55:52","post_date_gmt":"2023-05-16 04:55:52","post_content":"","post_title":"CHRIS WARE","post_excerpt":"","post_status":"publish","comment_status":"closed","ping_status":"closed","post_password":"","post_name":"chris-ware-2","to_ping":"","pinged":"","post_modified":"2023-05-16 06:55:52","post_modified_gmt":"2023-05-16 04:55:52","post_content_filtered":"","post_parent":0,"guid":"https:\/\/www.claret.cat\/autor\/chris-ware-2\/","menu_order":0,"post_type":"autor","post_mime_type":"","comment_count":"0","filter":"raw"}]},"aioseo_notices":[],"_links":{"self":[{"href":"https:\/\/www.claret.cat\/es\/wp-json\/wp\/v2\/product\/189052","targetHints":{"allow":["GET"]}}],"collection":[{"href":"https:\/\/www.claret.cat\/es\/wp-json\/wp\/v2\/product"}],"about":[{"href":"https:\/\/www.claret.cat\/es\/wp-json\/wp\/v2\/types\/product"}],"wp:featuredmedia":[{"embeddable":true,"href":"https:\/\/www.claret.cat\/es\/wp-json\/wp\/v2\/media\/1072152"}],"wp:attachment":[{"href":"https:\/\/www.claret.cat\/es\/wp-json\/wp\/v2\/media?parent=189052"}],"wp:term":[{"taxonomy":"product_brand","embeddable":true,"href":"https:\/\/www.claret.cat\/es\/wp-json\/wp\/v2\/product_brand?post=189052"},{"taxonomy":"product_cat","embeddable":true,"href":"https:\/\/www.claret.cat\/es\/wp-json\/wp\/v2\/product_cat?post=189052"},{"taxonomy":"product_tag","embeddable":true,"href":"https:\/\/www.claret.cat\/es\/wp-json\/wp\/v2\/product_tag?post=189052"}],"curies":[{"name":"wp","href":"https:\/\/api.w.org\/{rel}","templated":true}]}}