{"id":189055,"date":"2022-10-20T05:41:31","date_gmt":"2022-10-20T03:41:31","guid":{"rendered":"http:\/\/dev.claret.cat\/producte\/el-minotauro\/"},"modified":"2025-02-04T17:41:29","modified_gmt":"2025-02-04T16:41:29","slug":"el-minotauro-9788424937904","status":"publish","type":"product","link":"https:\/\/www.claret.cat\/es\/libro\/el-minotauro-9788424937904\/","title":{"rendered":"EL MINOTAURO"},"content":{"rendered":"<p>Presentamos una espl\u00e9ndida colecci\u00f3n de versiones noveladas de los grandes mitos cl\u00e1sicos que se sumerge en las fuentes cl\u00e1sicas para acercar la mitolog\u00eda a los lectores de todas las edades. Los vol\u00famenes, cuidadosamente editados, se complementan con una explicaci\u00f3n de los fundamentos hist\u00f3ricos y culturales del mito y su pervivencia hasta nuestros d\u00edas. Tambi\u00e9n se describe la presencia del mito en la historia de la cultura, con la menci\u00f3n de sus m\u00e1s c\u00e9lebres manifestaciones tanto en pintura y escultura como en literatura, m\u00fasica y artes esc\u00e9nicas.<\/p>\n","protected":false},"excerpt":{"rendered":"<p>SOUVIRON GUIJO, BERNARDO<\/p>\n","protected":false},"featured_media":189056,"template":"","meta":{"_acf_changed":false,"om_disable_all_campaigns":false,"rs_blank_template":"","rs_page_bg_color":"","slide_template_v7":"","inline_featured_image":false,"_monsterinsights_skip_tracking":false,"_monsterinsights_sitenote_active":false,"_monsterinsights_sitenote_note":"","_monsterinsights_sitenote_category":0},"product_brand":[],"product_cat":[80,346,544,94],"product_tag":[],"class_list":{"0":"post-189055","1":"product","2":"type-product","3":"status-publish","4":"has-post-thumbnail","6":"product_cat-liturgia","7":"product_cat-libros-liturgia","8":"product_cat-religiones","9":"product_cat-religions","11":"first","12":"instock","13":"taxable","14":"shipping-taxable","15":"purchasable","16":"product-type-simple"},"acf":{"autor":"SOUVIRON GUIJO, BERNARDO","codart":"842493790","libros-coleccion":"MITOLOGIA","ediciones":"1","encuadernacion":"Carton\u00e9","fecha_de_publicacion":"01\/03\/2018","novedad":"1","paginas":"117","subtitulo":"","orden":"0","portada":"0","idioma":"spa","editorial":[{"ID":148225,"post_author":"3","post_date":"2022-10-14 11:56:36","post_date_gmt":"2022-10-14 09:56:36","post_content":"","post_title":"Gredos","post_excerpt":"","post_status":"publish","comment_status":"closed","ping_status":"closed","post_password":"","post_name":"gredos","to_ping":"","pinged":"","post_modified":"2022-10-14 11:56:36","post_modified_gmt":"2022-10-14 09:56:36","post_content_filtered":"","post_parent":0,"guid":"http:\/\/dev.claret.cat\/editorial\/gredos\/","menu_order":0,"post_type":"editorial","post_mime_type":"","comment_count":"0","filter":"raw"}],"autores-libros":[{"ID":151629,"post_author":"3","post_date":"2022-10-14 14:42:23","post_date_gmt":"2022-10-14 12:42:23","post_content":"","post_title":"BERNARDO SOUVIR\u00d3N GUIJO","post_excerpt":"","post_status":"publish","comment_status":"closed","ping_status":"closed","post_password":"","post_name":"bernardo-souviron-guijo","to_ping":"","pinged":"","post_modified":"2022-10-14 14:42:23","post_modified_gmt":"2022-10-14 12:42:23","post_content_filtered":"","post_parent":0,"guid":"http:\/\/dev.claret.cat\/autor\/bernardo-souviron-guijo\/","menu_order":0,"post_type":"autor","post_mime_type":"","comment_count":"0","filter":"raw"}]},"aioseo_notices":[],"_links":{"self":[{"href":"https:\/\/www.claret.cat\/es\/wp-json\/wp\/v2\/product\/189055","targetHints":{"allow":["GET"]}}],"collection":[{"href":"https:\/\/www.claret.cat\/es\/wp-json\/wp\/v2\/product"}],"about":[{"href":"https:\/\/www.claret.cat\/es\/wp-json\/wp\/v2\/types\/product"}],"wp:featuredmedia":[{"embeddable":true,"href":"https:\/\/www.claret.cat\/es\/wp-json\/wp\/v2\/media\/189056"}],"wp:attachment":[{"href":"https:\/\/www.claret.cat\/es\/wp-json\/wp\/v2\/media?parent=189055"}],"wp:term":[{"taxonomy":"product_brand","embeddable":true,"href":"https:\/\/www.claret.cat\/es\/wp-json\/wp\/v2\/product_brand?post=189055"},{"taxonomy":"product_cat","embeddable":true,"href":"https:\/\/www.claret.cat\/es\/wp-json\/wp\/v2\/product_cat?post=189055"},{"taxonomy":"product_tag","embeddable":true,"href":"https:\/\/www.claret.cat\/es\/wp-json\/wp\/v2\/product_tag?post=189055"}],"curies":[{"name":"wp","href":"https:\/\/api.w.org\/{rel}","templated":true}]}}