{"id":189070,"date":"2022-10-20T05:41:46","date_gmt":"2022-10-20T03:41:46","guid":{"rendered":"http:\/\/dev.claret.cat\/producte\/100-preguntes-sobre-el-cancer\/"},"modified":"2023-01-28T21:15:35","modified_gmt":"2023-01-28T20:15:35","slug":"100-preguntes-sobre-el-cancer-9788490347171","status":"publish","type":"product","link":"https:\/\/www.claret.cat\/es\/libro\/100-preguntes-sobre-el-cancer-9788490347171\/","title":{"rendered":"100 PREGUNTES SOBRE EL C\u00c0NCER"},"content":{"rendered":"<p>El c\u00e0ncer \u00e9s, amb tota seguretat, una de les malalties m\u00e9s conegudes i temudes. Per\u00f2 qu\u00e8 en sabem realment? Quants tipus diferents de c\u00e0ncer hi ha? Quan s&#8217;origina? Qu\u00e8 passa exactament dins una c\u00e8l\u00b7lula cancerosa? En qu\u00e8 consisteix la quimioter\u00e0pia? I les noves ter\u00e0pies dirigides? Hi ha remeis naturals contra el c\u00e0ncer? Afecta per igual a tothom? Quan es pot dir que un c\u00e0ncer s&#8217;ha curat? Des de les primeres descripcions hist\u00f2riques fins a les estrat\u00e8gies m\u00e9s recents per prevenir-lo i tractar-lo, aquest llibre vol respondre cent preguntes essencials per entendre aquesta malaltia. Est\u00e0 pensat perqu\u00e8 serveixi de refer\u00e8ncia tant per a malalts com per a familiars que vulguin saber-ne m\u00e9s, per\u00f2 tamb\u00e9 per a tothom que tingui curiositat sobre un dels enigmes biol\u00f2gics m\u00e9s complexos i fascinants que existeixen.<\/p>\n","protected":false},"excerpt":{"rendered":"<p>CLOSA I AUTET, DANIEL \/ MACIP I MARESMA, SALVADOR<\/p>\n","protected":false},"featured_media":189071,"template":"","meta":{"_acf_changed":false,"om_disable_all_campaigns":false,"rs_blank_template":"","rs_page_bg_color":"","slide_template_v7":"","inline_featured_image":false,"_monsterinsights_skip_tracking":false,"_monsterinsights_sitenote_active":false,"_monsterinsights_sitenote_note":"","_monsterinsights_sitenote_category":0},"product_brand":[],"product_cat":[97],"product_tag":[],"class_list":{"0":"post-189070","1":"product","2":"type-product","3":"status-publish","4":"has-post-thumbnail","6":"product_cat-salut","8":"first","9":"instock","10":"taxable","11":"shipping-taxable","12":"purchasable","13":"product-type-simple"},"acf":{"autor":"CLOSA I AUTET, DANIEL \/ MACIP I MARESMA, SALVADOR","codart":"849034717","libros-coleccion":"De 100 en 100","ediciones":"1","encuadernacion":"R\u00fastica","fecha_de_publicacion":"01\/03\/2018","novedad":"1","paginas":"221","subtitulo":"MITES I REALITATS D'UNA MALALTIA QUE ENS POT AFECTAR A TOTS","orden":"0","portada":"0","idioma":"cat","editorial":[{"ID":148407,"post_author":"3","post_date":"2022-10-14 11:58:00","post_date_gmt":"2022-10-14 09:58:00","post_content":"","post_title":"LECTIO - IMATGE-9","post_excerpt":"","post_status":"publish","comment_status":"closed","ping_status":"closed","post_password":"","post_name":"lectio-imatge-9","to_ping":"","pinged":"","post_modified":"2022-10-14 11:58:00","post_modified_gmt":"2022-10-14 09:58:00","post_content_filtered":"","post_parent":0,"guid":"http:\/\/dev.claret.cat\/editorial\/lectio-imatge-9\/","menu_order":0,"post_type":"editorial","post_mime_type":"","comment_count":"0","filter":"raw"}],"autores-libros":[{"ID":153561,"post_author":"3","post_date":"2022-10-14 14:57:44","post_date_gmt":"2022-10-14 12:57:44","post_content":"","post_title":"DANIEL CLOSA I AUTET","post_excerpt":"","post_status":"publish","comment_status":"closed","ping_status":"closed","post_password":"","post_name":"daniel-closa-i-autet","to_ping":"","pinged":"","post_modified":"2022-10-14 14:57:44","post_modified_gmt":"2022-10-14 12:57:44","post_content_filtered":"","post_parent":0,"guid":"http:\/\/dev.claret.cat\/autor\/daniel-closa-i-autet\/","menu_order":0,"post_type":"autor","post_mime_type":"","comment_count":"0","filter":"raw"}]},"aioseo_notices":[],"_links":{"self":[{"href":"https:\/\/www.claret.cat\/es\/wp-json\/wp\/v2\/product\/189070","targetHints":{"allow":["GET"]}}],"collection":[{"href":"https:\/\/www.claret.cat\/es\/wp-json\/wp\/v2\/product"}],"about":[{"href":"https:\/\/www.claret.cat\/es\/wp-json\/wp\/v2\/types\/product"}],"wp:featuredmedia":[{"embeddable":true,"href":"https:\/\/www.claret.cat\/es\/wp-json\/wp\/v2\/media\/189071"}],"wp:attachment":[{"href":"https:\/\/www.claret.cat\/es\/wp-json\/wp\/v2\/media?parent=189070"}],"wp:term":[{"taxonomy":"product_brand","embeddable":true,"href":"https:\/\/www.claret.cat\/es\/wp-json\/wp\/v2\/product_brand?post=189070"},{"taxonomy":"product_cat","embeddable":true,"href":"https:\/\/www.claret.cat\/es\/wp-json\/wp\/v2\/product_cat?post=189070"},{"taxonomy":"product_tag","embeddable":true,"href":"https:\/\/www.claret.cat\/es\/wp-json\/wp\/v2\/product_tag?post=189070"}],"curies":[{"name":"wp","href":"https:\/\/api.w.org\/{rel}","templated":true}]}}