{"id":189172,"date":"2022-10-20T05:43:30","date_gmt":"2022-10-20T03:43:30","guid":{"rendered":"http:\/\/dev.claret.cat\/producte\/la-situacion-humana\/"},"modified":"2023-01-28T12:38:37","modified_gmt":"2023-01-28T11:38:37","slug":"la-situacion-humana-9788494655777","status":"publish","type":"product","link":"https:\/\/www.claret.cat\/es\/libro\/la-situacion-humana-9788494655777\/","title":{"rendered":"LA SITUACI\u00d3N HUMANA"},"content":{"rendered":"<p>Desde mediados de la d\u00e9cada de 1950 hasta su muerte en 1963, Aldous Huxley realiz\u00f3 continuas apariciones p\u00fablicas en programas de radio y televisi\u00f3n e imparti\u00f3 cursos y conferencias en las principales universidades estadounidenses. Entre dichas conferencias, el ciclo m\u00e1s completo es el que, bajo el t\u00edtulo de \u00abLa situaci\u00f3n humana\u00bb, fue impartido por el autor en 1959 en la Universidad de California, y que, editado por Piero Ferrucci, conforma el presente volumen. Se trata de uno de los mejores res\u00famenes del pensamiento del autor, una obra que, anticip\u00e1ndose a las inquietudes del presente, aborda asuntos como la \u00aborg\u00eda nacionalista\u00bb, el deterioro ecol\u00f3gico y la creciente ola de la tecnolog\u00eda y la propaganda.<\/p>\n","protected":false},"excerpt":{"rendered":"<p>HUXLEY, ALDOUS<\/p>\n","protected":false},"featured_media":189173,"template":"","meta":{"_acf_changed":false,"om_disable_all_campaigns":false,"rs_blank_template":"","rs_page_bg_color":"","slide_template_v7":"","inline_featured_image":false,"_monsterinsights_skip_tracking":false,"_monsterinsights_sitenote_active":false,"_monsterinsights_sitenote_note":"","_monsterinsights_sitenote_category":0},"product_brand":[],"product_cat":[84],"product_tag":[],"class_list":{"0":"post-189172","1":"product","2":"type-product","3":"status-publish","4":"has-post-thumbnail","6":"product_cat-sociologia","8":"first","9":"instock","10":"taxable","11":"shipping-taxable","12":"purchasable","13":"product-type-simple"},"acf":{"autor":"HUXLEY, ALDOUS","codart":"849465577","libros-coleccion":"Ensayo","ediciones":"1","encuadernacion":"R\u00fastica","fecha_de_publicacion":"01\/03\/2018","novedad":"1","paginas":"313","subtitulo":"CONFERENCIAS EN LA UNIVERSIDAD DE CALIFORNIA","orden":"0","portada":"0","idioma":"spa","editorial":[{"ID":148617,"post_author":"3","post_date":"2022-10-14 11:59:39","post_date_gmt":"2022-10-14 09:59:39","post_content":"","post_title":"PAGINA INDOMITA","post_excerpt":"","post_status":"publish","comment_status":"closed","ping_status":"closed","post_password":"","post_name":"pagina-indomita","to_ping":"","pinged":"","post_modified":"2022-10-14 11:59:39","post_modified_gmt":"2022-10-14 09:59:39","post_content_filtered":"","post_parent":0,"guid":"http:\/\/dev.claret.cat\/editorial\/pagina-indomita\/","menu_order":0,"post_type":"editorial","post_mime_type":"","comment_count":"0","filter":"raw"}],"autores-libros":[{"ID":149539,"post_author":"3","post_date":"2022-10-14 14:25:42","post_date_gmt":"2022-10-14 12:25:42","post_content":"","post_title":"ALDOUS HUXLEY","post_excerpt":"","post_status":"publish","comment_status":"closed","ping_status":"closed","post_password":"","post_name":"aldous-huxley","to_ping":"","pinged":"","post_modified":"2022-10-14 14:25:42","post_modified_gmt":"2022-10-14 12:25:42","post_content_filtered":"","post_parent":0,"guid":"http:\/\/dev.claret.cat\/autor\/aldous-huxley\/","menu_order":0,"post_type":"autor","post_mime_type":"","comment_count":"0","filter":"raw"}]},"aioseo_notices":[],"_links":{"self":[{"href":"https:\/\/www.claret.cat\/es\/wp-json\/wp\/v2\/product\/189172","targetHints":{"allow":["GET"]}}],"collection":[{"href":"https:\/\/www.claret.cat\/es\/wp-json\/wp\/v2\/product"}],"about":[{"href":"https:\/\/www.claret.cat\/es\/wp-json\/wp\/v2\/types\/product"}],"wp:featuredmedia":[{"embeddable":true,"href":"https:\/\/www.claret.cat\/es\/wp-json\/wp\/v2\/media\/189173"}],"wp:attachment":[{"href":"https:\/\/www.claret.cat\/es\/wp-json\/wp\/v2\/media?parent=189172"}],"wp:term":[{"taxonomy":"product_brand","embeddable":true,"href":"https:\/\/www.claret.cat\/es\/wp-json\/wp\/v2\/product_brand?post=189172"},{"taxonomy":"product_cat","embeddable":true,"href":"https:\/\/www.claret.cat\/es\/wp-json\/wp\/v2\/product_cat?post=189172"},{"taxonomy":"product_tag","embeddable":true,"href":"https:\/\/www.claret.cat\/es\/wp-json\/wp\/v2\/product_tag?post=189172"}],"curies":[{"name":"wp","href":"https:\/\/api.w.org\/{rel}","templated":true}]}}