{"id":189178,"date":"2022-10-20T05:43:36","date_gmt":"2022-10-20T03:43:36","guid":{"rendered":"http:\/\/dev.claret.cat\/producte\/el-principe-durmiente\/"},"modified":"2023-01-28T01:06:52","modified_gmt":"2023-01-28T00:06:52","slug":"el-principe-durmiente-9788494663062","status":"publish","type":"product","link":"https:\/\/www.claret.cat\/es\/libro\/el-principe-durmiente-9788494663062\/","title":{"rendered":"EL PR\u00cdNCIPE DURMIENTE"},"content":{"rendered":"<p>El pr\u00edncipe y las princesas valientes<br \/>Se he denostado de manera furibunda, a veces, contra los cuentos populares y la manera de reflejar los roles de sexo. Como apunta la escritora y te\u00f3rica brasile\u00f1a Marina Colasanti, se ha drenado la sangre de los cuentos folcl\u00f3ricos, sin pensar que esa limpieza externa minar\u00eda tambi\u00e9n sus funciones y los conflictos internos. As\u00ed se ha tratado de cambiar la Bella durmiente, se ha convertido en parodia o en edulcorado adoctrinamiento, perdi\u00e9ndose por el camino los verdaderos conflictos de la hero\u00edna de esta historia. Se ha olvidado contar a nuestras ni\u00f1as y ni\u00f1os El pr\u00edncipe durmiente que existe desde hace siglos. La hero\u00edna de este cuento no duerme, ni espera; es ella la que sale al mundo a buscar la aventura y a rescatar a un pr\u00edncipe hechizado.<br \/>Los cuentos y contracuentos existen desde fechas inmemoriales. En ellos encontramos todas las formas de sentir, de reaccionar y de comportarnos en sociedad. Es nuestra forma de ver la vida y las relaciones la que ha decidido contar unos cuentos y ha dejado en la oscuridad otros. Por esta raz\u00f3n se ha propiciado la divulgaci\u00f3n de La bella durmiente tratada muchas veces como una simple historia de amor. El pr\u00edncipe durmiente es una revisi\u00f3n est\u00e9tica, que se centra en una propuesta po\u00e9tica de la mano de Ernesto Rguez. Abad y las ilustraciones de Noem\u00ed Villamuza, del antiguo cuento rescatado en el siglo XIX por Antonio Machado y \u00c1lvarez y en el siglo XX por Antonio Rodr\u00edguez Almod\u00f3var.<br \/>Torres simb\u00f3licas, bosques encantados, elementos de la naturaleza enga\u00f1osos son los detonantes de los conflictos tanto sociales como de g\u00e9nero a los que se tiene que enfrentar la valiente y nada convencional princesa de este cuento. La revisi\u00f3n y actualizaci\u00f3n nos hace que la historia sea actual, con los problemas que se planteada nuestra sociedad, con la lucha por conseguir la aceptaci\u00f3n y la realizaci\u00f3n personal.<br \/>Esta historia, aunque cumpliendo todas las funciones que enumer\u00f3 Vladimir Propp de los cuentos de hadas, nos trae a un momento actual, nos da una visi\u00f3n renovada del amor y de los valores. Las ilustraciones nos sumergen en un mundo simb\u00f3lico donde es la fuerza de la mujer el motor que genera las acciones de la protagonista.<br \/>Una historia para disfrutar de la lectura. Un libro para so\u00f1ar el mundo.<\/p>\n","protected":false},"excerpt":{"rendered":"<p>RODR\u00cdGUEZ ABAD, ERNESTO<\/p>\n","protected":false},"featured_media":189179,"template":"","meta":{"_acf_changed":false,"om_disable_all_campaigns":false,"rs_blank_template":"","rs_page_bg_color":"","slide_template_v7":"","inline_featured_image":false,"_monsterinsights_skip_tracking":false,"_monsterinsights_sitenote_active":false,"_monsterinsights_sitenote_note":"","_monsterinsights_sitenote_category":0},"product_brand":[],"product_cat":[86],"product_tag":[],"class_list":{"0":"post-189178","1":"product","2":"type-product","3":"status-publish","4":"has-post-thumbnail","6":"product_cat-infantil","8":"first","9":"instock","10":"taxable","11":"shipping-taxable","12":"purchasable","13":"product-type-simple"},"acf":{"autor":"RODR\u00cdGUEZ ABAD, ERNESTO","codart":"849466306","libros-coleccion":"Palabras del viento","ediciones":"1","encuadernacion":"Carton\u00e9","fecha_de_publicacion":"01\/03\/2018","novedad":"1","paginas":"35","subtitulo":"","orden":"0","portada":"0","idioma":"spa","editorial":[{"ID":147726,"post_author":"3","post_date":"2022-10-14 11:52:46","post_date_gmt":"2022-10-14 09:52:46","post_content":"","post_title":"DIEGO PUN EDICIONES","post_excerpt":"","post_status":"publish","comment_status":"closed","ping_status":"closed","post_password":"","post_name":"diego-pun-ediciones","to_ping":"","pinged":"","post_modified":"2022-10-14 11:52:46","post_modified_gmt":"2022-10-14 09:52:46","post_content_filtered":"","post_parent":0,"guid":"http:\/\/dev.claret.cat\/editorial\/diego-pun-ediciones\/","menu_order":0,"post_type":"editorial","post_mime_type":"","comment_count":"0","filter":"raw"}]},"aioseo_notices":[],"_links":{"self":[{"href":"https:\/\/www.claret.cat\/es\/wp-json\/wp\/v2\/product\/189178","targetHints":{"allow":["GET"]}}],"collection":[{"href":"https:\/\/www.claret.cat\/es\/wp-json\/wp\/v2\/product"}],"about":[{"href":"https:\/\/www.claret.cat\/es\/wp-json\/wp\/v2\/types\/product"}],"wp:featuredmedia":[{"embeddable":true,"href":"https:\/\/www.claret.cat\/es\/wp-json\/wp\/v2\/media\/189179"}],"wp:attachment":[{"href":"https:\/\/www.claret.cat\/es\/wp-json\/wp\/v2\/media?parent=189178"}],"wp:term":[{"taxonomy":"product_brand","embeddable":true,"href":"https:\/\/www.claret.cat\/es\/wp-json\/wp\/v2\/product_brand?post=189178"},{"taxonomy":"product_cat","embeddable":true,"href":"https:\/\/www.claret.cat\/es\/wp-json\/wp\/v2\/product_cat?post=189178"},{"taxonomy":"product_tag","embeddable":true,"href":"https:\/\/www.claret.cat\/es\/wp-json\/wp\/v2\/product_tag?post=189178"}],"curies":[{"name":"wp","href":"https:\/\/api.w.org\/{rel}","templated":true}]}}