{"id":189247,"date":"2022-10-20T05:44:47","date_gmt":"2022-10-20T03:44:47","guid":{"rendered":"http:\/\/dev.claret.cat\/producte\/pantalles-i-molt-mes\/"},"modified":"2023-05-15T13:06:02","modified_gmt":"2023-05-15T11:06:02","slug":"pantalles-i-molt-mes-9788416844821","status":"publish","type":"product","link":"https:\/\/www.claret.cat\/es\/libro\/pantalles-i-molt-mes-9788416844821\/","title":{"rendered":"PANTALLES I MOLT M\u00c9S"},"content":{"rendered":"<p>Jugar amb els videojocs, l\u2019ordinador o la consola \u00e9s molt divertit. La colla gaudeix amb aquests aparells, per\u00f2 tamb\u00e9 \u00e9s important divertir-se amb les joguines de sempre. \u00c9s molt f\u00e0cil enganxar-se a les pantalles, per\u00f2 tots junts s\u2019ho passaran d\u2019all\u00f2 m\u00e9s b\u00e9 amb qualsevol cosa!<br \/>Aquest llibre inclou:<br \/>Una hist\u00f2ria de la colla per passar una bona estona en fam\u00edlia.<br \/>Situacions quotidianes amb les quals es poden identificar els infants.<br \/>Un joc entretingut que consisteix a buscar l\u2019osset en cadascun dels dibuixos, per tal de mantenir l\u2019atenci\u00f3 de l\u2019infant i fomentar l\u2019observaci\u00f3.<br \/>Una guia per a la fam\u00edlia amb consells, trucs i recomanacions.<\/p>\n","protected":false},"excerpt":{"rendered":"<p>SEIX, MERC\u00c8 \/ NOGUERA, MERITXELL<\/p>\n","protected":false},"featured_media":317345,"template":"","meta":{"_acf_changed":false,"om_disable_all_campaigns":false,"rs_blank_template":"","rs_page_bg_color":"","slide_template_v7":"","inline_featured_image":false,"_monsterinsights_skip_tracking":false,"_monsterinsights_sitenote_active":false,"_monsterinsights_sitenote_note":"","_monsterinsights_sitenote_category":0},"product_brand":[],"product_cat":[86,352],"product_tag":[],"class_list":{"0":"post-189247","1":"product","2":"type-product","3":"status-publish","4":"has-post-thumbnail","6":"product_cat-infantil","7":"product_cat-infantil-3_infantil-juvenil-spa","9":"first","10":"instock","11":"taxable","12":"shipping-taxable","13":"purchasable","14":"product-type-simple"},"acf":{"autor":"SEIX, MERC\u00c8 \/ NOGUERA, MERITXELL","codart":"841684482","libros-coleccion":"La colla","ediciones":"1","encuadernacion":"R\u00fastica","fecha_de_publicacion":"01\/03\/2018","novedad":"1","paginas":"35","subtitulo":"","orden":"0","portada":"0","idioma":"cat","editorial":[{"ID":6123,"post_author":"3","post_date":"2022-07-28 17:45:23","post_date_gmt":"2022-07-28 15:45:23","post_content":"","post_title":"ANIMALLIBRES","post_excerpt":"","post_status":"publish","comment_status":"closed","ping_status":"closed","post_password":"","post_name":"animallibres","to_ping":"","pinged":"","post_modified":"2022-07-28 17:45:23","post_modified_gmt":"2022-07-28 15:45:23","post_content_filtered":"","post_parent":0,"guid":"http:\/\/dev.claret.cat\/editorial\/animallibres\/","menu_order":0,"post_type":"editorial","post_mime_type":"","comment_count":"0","filter":"raw"}],"autores-libros":[{"ID":317341,"post_author":"3","post_date":"2023-01-02 20:05:11","post_date_gmt":"2023-01-02 19:05:11","post_content":"","post_title":"MERC\u00c8 SEIX","post_excerpt":"","post_status":"publish","comment_status":"closed","ping_status":"closed","post_password":"","post_name":"merce-seix","to_ping":"","pinged":"","post_modified":"2023-01-02 20:05:11","post_modified_gmt":"2023-01-02 19:05:11","post_content_filtered":"","post_parent":0,"guid":"https:\/\/www.claret.cat\/autor\/merce-seix\/","menu_order":0,"post_type":"autor","post_mime_type":"","comment_count":"0","filter":"raw"},{"ID":317342,"post_author":"3","post_date":"2023-01-02 20:05:12","post_date_gmt":"2023-01-02 19:05:12","post_content":"","post_title":"MERITXELL NOGUERA","post_excerpt":"","post_status":"publish","comment_status":"closed","ping_status":"closed","post_password":"","post_name":"meritxell-noguera","to_ping":"","pinged":"","post_modified":"2023-01-02 20:05:12","post_modified_gmt":"2023-01-02 19:05:12","post_content_filtered":"","post_parent":0,"guid":"https:\/\/www.claret.cat\/autor\/meritxell-noguera\/","menu_order":0,"post_type":"autor","post_mime_type":"","comment_count":"0","filter":"raw"}]},"aioseo_notices":[],"_links":{"self":[{"href":"https:\/\/www.claret.cat\/es\/wp-json\/wp\/v2\/product\/189247","targetHints":{"allow":["GET"]}}],"collection":[{"href":"https:\/\/www.claret.cat\/es\/wp-json\/wp\/v2\/product"}],"about":[{"href":"https:\/\/www.claret.cat\/es\/wp-json\/wp\/v2\/types\/product"}],"wp:featuredmedia":[{"embeddable":true,"href":"https:\/\/www.claret.cat\/es\/wp-json\/wp\/v2\/media\/317345"}],"wp:attachment":[{"href":"https:\/\/www.claret.cat\/es\/wp-json\/wp\/v2\/media?parent=189247"}],"wp:term":[{"taxonomy":"product_brand","embeddable":true,"href":"https:\/\/www.claret.cat\/es\/wp-json\/wp\/v2\/product_brand?post=189247"},{"taxonomy":"product_cat","embeddable":true,"href":"https:\/\/www.claret.cat\/es\/wp-json\/wp\/v2\/product_cat?post=189247"},{"taxonomy":"product_tag","embeddable":true,"href":"https:\/\/www.claret.cat\/es\/wp-json\/wp\/v2\/product_tag?post=189247"}],"curies":[{"name":"wp","href":"https:\/\/api.w.org\/{rel}","templated":true}]}}