{"id":189280,"date":"2022-10-20T05:45:21","date_gmt":"2022-10-20T03:45:21","guid":{"rendered":"http:\/\/dev.claret.cat\/producte\/camins-daigua\/"},"modified":"2023-01-28T18:34:57","modified_gmt":"2023-01-28T17:34:57","slug":"camins-daigua-9788448942144","status":"publish","type":"product","link":"https:\/\/www.claret.cat\/es\/libro\/camins-daigua-9788448942144\/","title":{"rendered":"CAMINS D&#8217;AIGUA"},"content":{"rendered":"<p>El segon llibre de la trilogia \u00abLa Llum d&#8217;Art\u00fas\u00bb comen\u00e7a molt lluny d&#8217;on acabava Camins de nit, el primer volum. Per\u00f2 tamb\u00e9 s&#8217;hi retroba la Rut, la protagonista del primer llibre. \u00c9s al castell de Montsegur. Pot semblar que \u00e9s en un refugi segur, per\u00f2 la guerra ha enc\u00e8s el continent i les forces que la persegueixen s\u00f3n tossudes i tenen els tentacles molt llargs. Encara que la Rut sap que haur\u00e0 d&#8217;enfrontar-se a nous reptes, no tot est\u00e0 en les seves mans. Aix\u00f2 s\u00ed, en Marc l&#8217;Anxova, el seu guia i amic, est\u00e0 disposat a ajudar-la, encara que aix\u00f2 comporti anar fins al forat m\u00e9s fosc de l&#8217;Imperi.<\/p>\n","protected":false},"excerpt":{"rendered":"<p>PORTELL, RAIMON<\/p>\n","protected":false},"featured_media":189281,"template":"","meta":{"_acf_changed":false,"om_disable_all_campaigns":false,"rs_blank_template":"","rs_page_bg_color":"","slide_template_v7":"","inline_featured_image":false,"_monsterinsights_skip_tracking":false,"_monsterinsights_sitenote_active":false,"_monsterinsights_sitenote_note":"","_monsterinsights_sitenote_category":0},"product_brand":[],"product_cat":[117],"product_tag":[],"class_list":{"0":"post-189280","1":"product","2":"type-product","3":"status-publish","4":"has-post-thumbnail","6":"product_cat-juvenil","8":"first","9":"instock","10":"taxable","11":"shipping-taxable","12":"purchasable","13":"product-type-simple"},"acf":{"autor":"PORTELL, RAIMON","codart":"844894214","libros-coleccion":"Llibres Infantils I Juvenils - Diversos","ediciones":"1","encuadernacion":"R\u00fastica","fecha_de_publicacion":"01\/03\/2018","novedad":"1","paginas":"343","subtitulo":"","orden":"0","portada":"0","idioma":"cat","editorial":[{"ID":147525,"post_author":"3","post_date":"2022-10-14 11:51:14","post_date_gmt":"2022-10-14 09:51:14","post_content":"","post_title":"BARCANOVA","post_excerpt":"","post_status":"publish","comment_status":"closed","ping_status":"closed","post_password":"","post_name":"barcanova","to_ping":"","pinged":"","post_modified":"2022-10-14 11:51:14","post_modified_gmt":"2022-10-14 09:51:14","post_content_filtered":"","post_parent":0,"guid":"http:\/\/dev.claret.cat\/editorial\/barcanova\/","menu_order":0,"post_type":"editorial","post_mime_type":"","comment_count":"0","filter":"raw"}],"autores-libros":[{"ID":167647,"post_author":"3","post_date":"2022-10-14 18:12:53","post_date_gmt":"2022-10-14 16:12:53","post_content":"","post_title":"RAIMON PORTELL","post_excerpt":"","post_status":"publish","comment_status":"closed","ping_status":"closed","post_password":"","post_name":"raimon-portell","to_ping":"","pinged":"","post_modified":"2022-10-14 18:12:53","post_modified_gmt":"2022-10-14 16:12:53","post_content_filtered":"","post_parent":0,"guid":"http:\/\/dev.claret.cat\/autor\/raimon-portell\/","menu_order":0,"post_type":"autor","post_mime_type":"","comment_count":"0","filter":"raw"}]},"aioseo_notices":[],"_links":{"self":[{"href":"https:\/\/www.claret.cat\/es\/wp-json\/wp\/v2\/product\/189280","targetHints":{"allow":["GET"]}}],"collection":[{"href":"https:\/\/www.claret.cat\/es\/wp-json\/wp\/v2\/product"}],"about":[{"href":"https:\/\/www.claret.cat\/es\/wp-json\/wp\/v2\/types\/product"}],"wp:featuredmedia":[{"embeddable":true,"href":"https:\/\/www.claret.cat\/es\/wp-json\/wp\/v2\/media\/189281"}],"wp:attachment":[{"href":"https:\/\/www.claret.cat\/es\/wp-json\/wp\/v2\/media?parent=189280"}],"wp:term":[{"taxonomy":"product_brand","embeddable":true,"href":"https:\/\/www.claret.cat\/es\/wp-json\/wp\/v2\/product_brand?post=189280"},{"taxonomy":"product_cat","embeddable":true,"href":"https:\/\/www.claret.cat\/es\/wp-json\/wp\/v2\/product_cat?post=189280"},{"taxonomy":"product_tag","embeddable":true,"href":"https:\/\/www.claret.cat\/es\/wp-json\/wp\/v2\/product_tag?post=189280"}],"curies":[{"name":"wp","href":"https:\/\/api.w.org\/{rel}","templated":true}]}}